{"id":36370,"date":"2025-02-20T22:35:47","date_gmt":"2025-02-20T22:35:47","guid":{"rendered":"https:\/\/olemosaic.orbitalia.org\/producto\/funda-de-telefono-para-xiaomi-11-tpu-forjas-azul\/"},"modified":"2025-07-25T19:31:23","modified_gmt":"2025-07-25T17:31:23","slug":"capa-de-telemovel-para-xiaomi-11-tpu-forjas-azul","status":"publish","type":"product","link":"https:\/\/olemosaic.orbitalia.org\/pt-pt\/produto\/capa-de-telemovel-para-xiaomi-11-tpu-forjas-azul\/","title":{"rendered":"Capa de telem\u00f3vel para Xiaomi 11 (TPU). Forjas. Azul"},"content":{"rendered":"<p>Capa para Xiaomi 11 num elegante azul, fabricada em TPU, a combina\u00e7\u00e3o perfeita de prote\u00e7\u00e3o e estilo, ideal para quem procura um acess\u00f3rio funcional e est\u00e9tico. Este modelo destaca-se pelo seu intrincado design com padr\u00f5es de forja em branco, evocando a arte ornamental da tradi\u00e7\u00e3o espanhola. Cada curva e detalhe do padr\u00e3o captura a ess\u00eancia da rica heran\u00e7a cultural, refletindo a mestria artesanal dos trabalhadores locais que aperfei\u00e7oaram esta t\u00e9cnica durante gera\u00e7\u00f5es.<\/p>\n<p>A capa n\u00e3o s\u00f3 protege o seu dispositivo contra impactos e riscos, como tamb\u00e9m funciona como uma declara\u00e7\u00e3o de estilo, transformando um acess\u00f3rio quotidiano numa pe\u00e7a decorativa que real\u00e7a a beleza do trabalho manual. A sua cor azul intensa proporciona um fundo atraente que acentua os delicados motivos brancos, criando um efeito visual cativante que n\u00e3o passar\u00e1 desapercebido.<\/p>\n<p>Para os turistas que procuram recorda\u00e7\u00f5es aut\u00eanticas e significativas de Espanha, esta capa de telem\u00f3vel apresenta-se como uma recorda\u00e7\u00e3o funcional que encapsula a cultura e a arte do pa\u00eds. Na Ol\u00e9 Mosaic, o seu distribuidor de recorda\u00e7\u00f5es por grosso, comprometemo-nos a oferecer produtos que representem a autenticidade e o valor cultural, tornando esta capa numa op\u00e7\u00e3o ideal para lojas de presentes tur\u00edsticos que desejam enriquecer a sua oferta com produtos de qualidade.<\/p>\n","protected":false},"excerpt":{"rendered":"<p>Capa para telem\u00f3vel Xiaomi 11 fabricada em TPU, numa elegante cor azul. O design apresenta intrincados motivos de forja em branco, que evocam a arte ornamental tradicional espanhola. Esta capa n\u00e3o s\u00f3 protege o seu dispositivo, como tamb\u00e9m acrescenta um toque decorativo, real\u00e7ando a beleza do artesanato local. Ideal para quem procura um acess\u00f3rio funcional e est\u00e9tico.<\/p>\n","protected":false},"featured_media":12642,"template":"","meta":{"_acf_changed":false},"product_brand":[],"product_cat":[685],"product_tag":[],"class_list":{"0":"post-36370","1":"product","2":"type-product","3":"status-publish","4":"has-post-thumbnail","6":"product_cat-capas-para-telemoveis","7":"pa_motivo-forjas","9":"first","10":"instock","11":"shipping-taxable","12":"product-type-simple"},"acf":[],"_links":{"self":[{"href":"https:\/\/olemosaic.orbitalia.org\/pt-pt\/wp-json\/wp\/v2\/product\/36370","targetHints":{"allow":["GET"]}}],"collection":[{"href":"https:\/\/olemosaic.orbitalia.org\/pt-pt\/wp-json\/wp\/v2\/product"}],"about":[{"href":"https:\/\/olemosaic.orbitalia.org\/pt-pt\/wp-json\/wp\/v2\/types\/product"}],"wp:featuredmedia":[{"embeddable":true,"href":"https:\/\/olemosaic.orbitalia.org\/pt-pt\/wp-json\/wp\/v2\/media\/12642"}],"wp:attachment":[{"href":"https:\/\/olemosaic.orbitalia.org\/pt-pt\/wp-json\/wp\/v2\/media?parent=36370"}],"wp:term":[{"taxonomy":"product_brand","embeddable":true,"href":"https:\/\/olemosaic.orbitalia.org\/pt-pt\/wp-json\/wp\/v2\/product_brand?post=36370"},{"taxonomy":"product_cat","embeddable":true,"href":"https:\/\/olemosaic.orbitalia.org\/pt-pt\/wp-json\/wp\/v2\/product_cat?post=36370"},{"taxonomy":"product_tag","embeddable":true,"href":"https:\/\/olemosaic.orbitalia.org\/pt-pt\/wp-json\/wp\/v2\/product_tag?post=36370"}],"curies":[{"name":"wp","href":"https:\/\/api.w.org\/{rel}","templated":true}]}}