{"id":36369,"date":"2025-02-20T22:35:47","date_gmt":"2025-02-20T22:35:47","guid":{"rendered":"https:\/\/olemosaic.orbitalia.org\/producto\/funda-de-telefono-para-xiaomi-11-tpu-salamandra-barcelona-blanco\/"},"modified":"2025-07-25T20:20:27","modified_gmt":"2025-07-25T18:20:27","slug":"capa-de-telemovel-para-xiaomi-11-tpu-salamandra-barcelona-branco","status":"publish","type":"product","link":"https:\/\/olemosaic.orbitalia.org\/pt-pt\/produto\/capa-de-telemovel-para-xiaomi-11-tpu-salamandra-barcelona-branco\/","title":{"rendered":"Capa de telem\u00f3vel para Xiaomi 11 (TPU). Salamandra. Barcelona. Branco"},"content":{"rendered":"<p>Capa para Xiaomi 11 decorada com um design vibrante de salamandras e flores coloridas, inspirada na arte do mosaico barcelon\u00eas. Fabricada em TPU, esta capa apresenta um fundo branco que real\u00e7a as cores vivas das ilustra\u00e7\u00f5es, criando um contraste contempor\u00e2neo que evoca o modernismo catal\u00e3o. A salamandra, s\u00edmbolo da rica biodiversidade mediterr\u00e2nica, entrela\u00e7a-se com diversas flores e outros motivos florais, formando uma composi\u00e7\u00e3o visual que presta homenagem \u00e0 emblem\u00e1tica obra do artista Antoni Gaud\u00ed. A palavra &#8220;Barcelona&#8221; destaca-se com um estilo apelativo, acrescentando um toque de eleg\u00e2ncia e distin\u00e7\u00e3o a este acess\u00f3rio essencial.<\/p>\n<p>Com o seu design que combina funcionalidade e arte, esta capa n\u00e3o s\u00f3 protege o dispositivo, como tamb\u00e9m serve como uma celebra\u00e7\u00e3o do folclore local de Barcelona. Ideal para turistas que procuram recorda\u00e7\u00f5es aut\u00eanticas, esta capa de telem\u00f3vel \u00e9 uma lembran\u00e7a tang\u00edvel da beleza e do esp\u00edrito vibrante da cidade. Na Ol\u00e9 Mosaic, especializamo-nos na distribui\u00e7\u00e3o de recorda\u00e7\u00f5es por grosso, e esta capa \u00e9 uma excelente op\u00e7\u00e3o para lojas de presentes tur\u00edsticos que procuram oferecer produtos que capturem a ess\u00eancia cultural de Barcelona. Connosco, a autenticidade e o estilo s\u00e3o sempre uma prioridade, tornando este artigo um presente perfeito que reflete a riqueza da cultura catal\u00e3.<\/p>\n","protected":false},"excerpt":{"rendered":"<p>Capa para Xiaomi 11 fabricada em TPU, decorada com uma ilustra\u00e7\u00e3o vibrante de salamandras e flores coloridas, inspirada na arte do mosaico barcelon\u00eas. Sobre um fundo branco que contrasta com as cores vivas dos seus designs, esta capa representa a ess\u00eancia do modernismo catal\u00e3o. A palavra &#8220;Barcelona&#8221; destaca-se com um estilo apelativo, convertendo este acess\u00f3rio numa elegante e pr\u00e1tica amostra do folclore local. Ideal para quem procura proteger o seu dispositivo sem renunciar ao estilo.<\/p>\n","protected":false},"featured_media":12629,"template":"","meta":{"_acf_changed":false},"product_brand":[],"product_cat":[685],"product_tag":[516],"class_list":{"0":"post-36369","1":"product","2":"type-product","3":"status-publish","4":"has-post-thumbnail","6":"product_cat-capas-para-telemoveis","7":"product_tag-animais","8":"pa_ciudad-barcelona","9":"pa_motivo-salamandras","10":"pa_pais-espana","12":"first","13":"instock","14":"shipping-taxable","15":"product-type-simple"},"acf":[],"_links":{"self":[{"href":"https:\/\/olemosaic.orbitalia.org\/pt-pt\/wp-json\/wp\/v2\/product\/36369","targetHints":{"allow":["GET"]}}],"collection":[{"href":"https:\/\/olemosaic.orbitalia.org\/pt-pt\/wp-json\/wp\/v2\/product"}],"about":[{"href":"https:\/\/olemosaic.orbitalia.org\/pt-pt\/wp-json\/wp\/v2\/types\/product"}],"wp:featuredmedia":[{"embeddable":true,"href":"https:\/\/olemosaic.orbitalia.org\/pt-pt\/wp-json\/wp\/v2\/media\/12629"}],"wp:attachment":[{"href":"https:\/\/olemosaic.orbitalia.org\/pt-pt\/wp-json\/wp\/v2\/media?parent=36369"}],"wp:term":[{"taxonomy":"product_brand","embeddable":true,"href":"https:\/\/olemosaic.orbitalia.org\/pt-pt\/wp-json\/wp\/v2\/product_brand?post=36369"},{"taxonomy":"product_cat","embeddable":true,"href":"https:\/\/olemosaic.orbitalia.org\/pt-pt\/wp-json\/wp\/v2\/product_cat?post=36369"},{"taxonomy":"product_tag","embeddable":true,"href":"https:\/\/olemosaic.orbitalia.org\/pt-pt\/wp-json\/wp\/v2\/product_tag?post=36369"}],"curies":[{"name":"wp","href":"https:\/\/api.w.org\/{rel}","templated":true}]}}