{"id":36366,"date":"2025-02-20T23:35:47","date_gmt":"2025-02-20T22:35:47","guid":{"rendered":"https:\/\/olemosaic.orbitalia.org\/producto\/funda-de-telefono-para-xiaomi-11-tpu-abstracto-azul-2\/"},"modified":"2025-07-25T18:56:02","modified_gmt":"2025-07-25T16:56:02","slug":"capa-de-telemovel-para-xiaomi-11-tpu-abstrato-azul-2","status":"publish","type":"product","link":"https:\/\/olemosaic.orbitalia.org\/pt-pt\/produto\/capa-de-telemovel-para-xiaomi-11-tpu-abstrato-azul-2\/","title":{"rendered":"Capa de telem\u00f3vel para Xiaomi 11 (TPU). Abstrato. Barcelona. Azul"},"content":{"rendered":"<p>Capa para Xiaomi 11 com um design abstrato que evoca a vibrante ess\u00eancia de Barcelona. Fabricada em TPU resistente, esta capa destaca-se pelo seu apelo visual, repleto de tons din\u00e2micos e fluidos de azul, rosa e amarelo que se entrela\u00e7am sobre um fundo cativante. A palavra &#8220;Barcelona&#8221; aparece em letras brancas, acrescentando um toque distintivo e moderno que refor\u00e7a a liga\u00e7\u00e3o com esta ic\u00f3nica cidade. A mistura de cores e formas n\u00e3o s\u00f3 protege o dispositivo, como tamb\u00e9m o converte numa pe\u00e7a de arte port\u00e1til, refletindo o esp\u00edrito criativo que caracteriza Barcelona.<\/p>\n<p>Esta capa \u00e9 uma op\u00e7\u00e3o perfeita para quem procura funcionalidade e estilo, permitindo aos turistas levar um peda\u00e7o de Barcelona consigo no seu dia a dia. O seu design encapsula a vibrante cultura e o esp\u00edrito art\u00edstico da regi\u00e3o, tornando-se num souvenir ideal que encapsula a identidade da cidade. Na Ol\u00e9 Mosaic, especializamo-nos na distribui\u00e7\u00e3o de souvenirs aut\u00eanticos por grosso, e esta capa de telem\u00f3vel representa uma excelente op\u00e7\u00e3o para lojas de presentes tur\u00edsticos que procuram produtos \u00fanicos e relevantes. Os souvenirs de Barcelona, como esta capa, oferecem aos visitantes uma forma criativa de recordar a sua experi\u00eancia nesta espl\u00eandida cidade.<\/p>\n","protected":false},"excerpt":{"rendered":"<p>Capa de telem\u00f3vel para Xiaomi 11 fabricada em TPU, com um design abstrato que se destaca pelos seus vibrantes tons de azul, rosa e amarelo. Este acess\u00f3rio apresenta um fundo de formas fluidas e din\u00e2micas que evocam o esp\u00edrito art\u00edstico de Barcelona, complementado com a palavra &#8220;Barcelona&#8221; em letras brancas. Uma op\u00e7\u00e3o ideal para proteger o teu dispositivo enquanto acrescentas um toque de cor e criatividade ao teu estilo di\u00e1rio.<\/p>\n","protected":false},"featured_media":12641,"template":"","meta":{"_acf_changed":false},"product_brand":[],"product_cat":[685],"product_tag":[],"class_list":{"0":"post-36366","1":"product","2":"type-product","3":"status-publish","4":"has-post-thumbnail","6":"product_cat-capas-para-telemoveis","7":"pa_ciudad-barcelona","8":"pa_motivo-resumo","9":"pa_pais-espana","11":"first","12":"instock","13":"shipping-taxable","14":"product-type-simple"},"acf":[],"_links":{"self":[{"href":"https:\/\/olemosaic.orbitalia.org\/pt-pt\/wp-json\/wp\/v2\/product\/36366","targetHints":{"allow":["GET"]}}],"collection":[{"href":"https:\/\/olemosaic.orbitalia.org\/pt-pt\/wp-json\/wp\/v2\/product"}],"about":[{"href":"https:\/\/olemosaic.orbitalia.org\/pt-pt\/wp-json\/wp\/v2\/types\/product"}],"wp:featuredmedia":[{"embeddable":true,"href":"https:\/\/olemosaic.orbitalia.org\/pt-pt\/wp-json\/wp\/v2\/media\/12641"}],"wp:attachment":[{"href":"https:\/\/olemosaic.orbitalia.org\/pt-pt\/wp-json\/wp\/v2\/media?parent=36366"}],"wp:term":[{"taxonomy":"product_brand","embeddable":true,"href":"https:\/\/olemosaic.orbitalia.org\/pt-pt\/wp-json\/wp\/v2\/product_brand?post=36366"},{"taxonomy":"product_cat","embeddable":true,"href":"https:\/\/olemosaic.orbitalia.org\/pt-pt\/wp-json\/wp\/v2\/product_cat?post=36366"},{"taxonomy":"product_tag","embeddable":true,"href":"https:\/\/olemosaic.orbitalia.org\/pt-pt\/wp-json\/wp\/v2\/product_tag?post=36366"}],"curies":[{"name":"wp","href":"https:\/\/api.w.org\/{rel}","templated":true}]}}