{"id":36364,"date":"2025-02-20T22:35:46","date_gmt":"2025-02-20T22:35:46","guid":{"rendered":"https:\/\/olemosaic.orbitalia.org\/producto\/funda-de-telefono-para-xiaomi-11-tpu-salamandra-barcelona-negro\/"},"modified":"2025-07-25T20:30:48","modified_gmt":"2025-07-25T18:30:48","slug":"capa-de-telemovel-para-xiaomi-11-tpu-salamandra-barcelona-preto","status":"publish","type":"product","link":"https:\/\/olemosaic.orbitalia.org\/pt-pt\/produto\/capa-de-telemovel-para-xiaomi-11-tpu-salamandra-barcelona-preto\/","title":{"rendered":"Capa de telem\u00f3vel para Xiaomi 11 (TPU). Salamandra. Barcelona. Preto"},"content":{"rendered":"<p>Capa para Xiaomi 11 com um design vibrante de salamandras e flores, ideal para os amantes da cultura barcelonesa. Esta elegante capa, fabricada em TPU, oferece uma excelente prote\u00e7\u00e3o para o teu dispositivo. O seu design destaca-se pela representa\u00e7\u00e3o art\u00edstica de salamandras em tons de azul, verde e vermelho, que evocam o famoso estilo dos mosaicos da cidade. As salamandras disp\u00f5em-se sobre um fundo preto que real\u00e7a o seu colorido, enquanto delicados detalhes florais acrescentam um toque de encanto.<\/p>\n<p>A palavra &#8220;Barcelona&#8221; est\u00e1 impressa com eleg\u00e2ncia na parte inferior, sublinhando a liga\u00e7\u00e3o cultural do produto com a cidade e convertendo esta capa num aut\u00eantico souvenir. A salamandra, um s\u00edmbolo de criatividade e adapta\u00e7\u00e3o, ressoa com a rica hist\u00f3ria art\u00edstica de Barcelona, especialmente na obra do arquiteto Antoni Gaud\u00ed.<\/p>\n<p>Este artigo n\u00e3o s\u00f3 protege o teu telem\u00f3vel, como tamb\u00e9m serve como recorda\u00e7\u00e3o da vibrante cultura barcelonesa, ideal para turistas que procuram souvenirs aut\u00eanticos e funcionais. Na Ol\u00e9 Mosaic, especializamo-nos na distribui\u00e7\u00e3o de souvenirs por grosso; a capa para Xiaomi 11 \u00e9 uma excelente op\u00e7\u00e3o para lojas de presentes tur\u00edsticos que procuram oferecer produtos \u00fanicos e de qualidade. Com esta capa, levas um peda\u00e7o de Barcelona contigo para onde quer que v\u00e1s.<\/p>\n","protected":false},"excerpt":{"rendered":"<p>Capa para Xiaomi 11 fabricada em TPU com um design vibrante de salamandras e flores. Inspirada na rica cultura de Barcelona, apresenta coloridos detalhes que simulam mosaicos, com salamandras em tons de azul, verde e vermelho sobre um fundo preto que real\u00e7a a sua beleza. A palavra &#8220;Barcelona&#8221; est\u00e1 elegantemente impressa, tornando esta capa num artigo funcional e art\u00edstico, perfeito para os amantes da cidade.<\/p>\n","protected":false},"featured_media":12645,"template":"","meta":{"_acf_changed":false},"product_brand":[],"product_cat":[685],"product_tag":[516],"class_list":{"0":"post-36364","1":"product","2":"type-product","3":"status-publish","4":"has-post-thumbnail","6":"product_cat-capas-para-telemoveis","7":"product_tag-animais","8":"pa_ciudad-barcelona","9":"pa_motivo-salamandras","10":"pa_pais-espana","12":"first","13":"instock","14":"shipping-taxable","15":"product-type-simple"},"acf":[],"_links":{"self":[{"href":"https:\/\/olemosaic.orbitalia.org\/pt-pt\/wp-json\/wp\/v2\/product\/36364","targetHints":{"allow":["GET"]}}],"collection":[{"href":"https:\/\/olemosaic.orbitalia.org\/pt-pt\/wp-json\/wp\/v2\/product"}],"about":[{"href":"https:\/\/olemosaic.orbitalia.org\/pt-pt\/wp-json\/wp\/v2\/types\/product"}],"wp:featuredmedia":[{"embeddable":true,"href":"https:\/\/olemosaic.orbitalia.org\/pt-pt\/wp-json\/wp\/v2\/media\/12645"}],"wp:attachment":[{"href":"https:\/\/olemosaic.orbitalia.org\/pt-pt\/wp-json\/wp\/v2\/media?parent=36364"}],"wp:term":[{"taxonomy":"product_brand","embeddable":true,"href":"https:\/\/olemosaic.orbitalia.org\/pt-pt\/wp-json\/wp\/v2\/product_brand?post=36364"},{"taxonomy":"product_cat","embeddable":true,"href":"https:\/\/olemosaic.orbitalia.org\/pt-pt\/wp-json\/wp\/v2\/product_cat?post=36364"},{"taxonomy":"product_tag","embeddable":true,"href":"https:\/\/olemosaic.orbitalia.org\/pt-pt\/wp-json\/wp\/v2\/product_tag?post=36364"}],"curies":[{"name":"wp","href":"https:\/\/api.w.org\/{rel}","templated":true}]}}