{"id":36318,"date":"2025-02-20T23:35:44","date_gmt":"2025-02-20T22:35:44","guid":{"rendered":"https:\/\/olemosaic.orbitalia.org\/producto\/funda-de-telefono-para-samsung-a54-tpu-abstracto-verde-2\/"},"modified":"2025-07-25T19:59:46","modified_gmt":"2025-07-25T17:59:46","slug":"capa-de-telemovel-para-samsung-a54-tpu-abstrato-estilo-contemporaneo-verde","status":"publish","type":"product","link":"https:\/\/olemosaic.orbitalia.org\/pt-pt\/produto\/capa-de-telemovel-para-samsung-a54-tpu-abstrato-estilo-contemporaneo-verde\/","title":{"rendered":"Capa de telem\u00f3vel para Samsung A54 (TPU). Abstrato. Estilo contempor\u00e2neo. Verde"},"content":{"rendered":"<p>Capa para telem\u00f3vel Samsung A54 com design abstrato vibrante<\/p>\n<p>Esta capa para telem\u00f3vel Samsung A54 \u00e9 a combina\u00e7\u00e3o perfeita de prote\u00e7\u00e3o e estilo, ideal para quem aprecia a moda contempor\u00e2nea. Fabricada em TPU, um material flex\u00edvel e resistente, oferece uma durabilidade excecional sem renunciar \u00e0 est\u00e9tica. O seu design abstrato destaca-se por uma explos\u00e3o de cores vibrantes em tons verdes, amarelos, vermelhos e azuis, criando padr\u00f5es fluidos e en\u00e9rgicos que evocam movimento e dinamismo.<\/p>\n<p>A superf\u00edcie da capa n\u00e3o s\u00f3 protege o seu dispositivo, como tamb\u00e9m o torna um acess\u00f3rio de moda atraente. As formas fluidas que se entrela\u00e7am em cada canto do design conferem-lhe um toque art\u00edstico e moderno, tornando-a uma refer\u00eancia em acess\u00f3rios de telem\u00f3veis. A liga\u00e7\u00e3o cultural reflete-se na sua est\u00e9tica contempor\u00e2nea que, embora moderna, se inspira na rica tradi\u00e7\u00e3o art\u00edstica espanhola, celebrando a criatividade e a autoexpress\u00e3o.<\/p>\n<p>Na Ol\u00e9 Mosaic especializamo-nos na distribui\u00e7\u00e3o de souvenirs por grosso, oferecendo capas de telem\u00f3vel que n\u00e3o s\u00f3 s\u00e3o pr\u00e1ticas, como tamb\u00e9m captam a ess\u00eancia do estilismo moderno. Esta capa \u00e9 uma excelente ideia para lojas de presentes tur\u00edsticos que procuram produtos \u00fanicos e de qualidade, perfeitos como souvenirs de estilo que conquistam os turistas. Com esta capa, cada cliente n\u00e3o s\u00f3 protege o seu dispositivo, como leva consigo um peda\u00e7o de arte contempor\u00e2nea.<\/p>\n","protected":false},"excerpt":{"rendered":"<p>Capa de telem\u00f3vel para Samsung A54 fabricada em TPU, com um design abstrato e vibrante em tons verdes, amarelos, vermelhos e azuis. Este acess\u00f3rio combina prote\u00e7\u00e3o e estilo, com uma superf\u00edcie que apresenta padr\u00f5es fluidos e en\u00e9rgicos, evocando uma sensa\u00e7\u00e3o contempor\u00e2nea. O seu material flex\u00edvel e resistente garante durabilidade, enquanto a sua est\u00e9tica \u00fanica a torna o complemento perfeito para qualquer f\u00e3 da moda moderna.<\/p>\n","protected":false},"featured_media":12581,"template":"","meta":{"_acf_changed":false},"product_brand":[],"product_cat":[685],"product_tag":[],"class_list":{"0":"post-36318","1":"product","2":"type-product","3":"status-publish","4":"has-post-thumbnail","6":"product_cat-capas-para-telemoveis","7":"pa_motivo-resumo","9":"first","10":"instock","11":"shipping-taxable","12":"product-type-simple"},"acf":[],"_links":{"self":[{"href":"https:\/\/olemosaic.orbitalia.org\/pt-pt\/wp-json\/wp\/v2\/product\/36318","targetHints":{"allow":["GET"]}}],"collection":[{"href":"https:\/\/olemosaic.orbitalia.org\/pt-pt\/wp-json\/wp\/v2\/product"}],"about":[{"href":"https:\/\/olemosaic.orbitalia.org\/pt-pt\/wp-json\/wp\/v2\/types\/product"}],"wp:featuredmedia":[{"embeddable":true,"href":"https:\/\/olemosaic.orbitalia.org\/pt-pt\/wp-json\/wp\/v2\/media\/12581"}],"wp:attachment":[{"href":"https:\/\/olemosaic.orbitalia.org\/pt-pt\/wp-json\/wp\/v2\/media?parent=36318"}],"wp:term":[{"taxonomy":"product_brand","embeddable":true,"href":"https:\/\/olemosaic.orbitalia.org\/pt-pt\/wp-json\/wp\/v2\/product_brand?post=36318"},{"taxonomy":"product_cat","embeddable":true,"href":"https:\/\/olemosaic.orbitalia.org\/pt-pt\/wp-json\/wp\/v2\/product_cat?post=36318"},{"taxonomy":"product_tag","embeddable":true,"href":"https:\/\/olemosaic.orbitalia.org\/pt-pt\/wp-json\/wp\/v2\/product_tag?post=36318"}],"curies":[{"name":"wp","href":"https:\/\/api.w.org\/{rel}","templated":true}]}}