{"id":36312,"date":"2025-02-20T22:35:43","date_gmt":"2025-02-20T22:35:43","guid":{"rendered":"https:\/\/olemosaic.orbitalia.org\/producto\/funda-de-telefono-para-samsung-a34-tpu-panoramica-barcelona-azul\/"},"modified":"2025-07-25T21:57:12","modified_gmt":"2025-07-25T19:57:12","slug":"capa-para-telemovel-samsung-a34-tpu-panoramica-barcelona-azul","status":"publish","type":"product","link":"https:\/\/olemosaic.orbitalia.org\/pt-pt\/produto\/capa-para-telemovel-samsung-a34-tpu-panoramica-barcelona-azul\/","title":{"rendered":"Capa para telem\u00f3vel para Samsung A34 (TPU). Panor\u00e2mica. Barcelona. Azul"},"content":{"rendered":"<p>Capa de telem\u00f3vel para Samsung A34 com uma vibrante ilustra\u00e7\u00e3o panor\u00e2mica de Barcelona. Esta capa, fabricada com TPU de alta qualidade, n\u00e3o s\u00f3 protege excecionalmente o seu dispositivo, como tamb\u00e9m captura a ess\u00eancia art\u00edstica e cultural da Cidade Condal. O design destaca as ic\u00f3nicas torres da Sagrada Fam\u00edlia, emblem\u00e1tico monumento de Antoni Gaud\u00ed, cujas formas org\u00e2nicas se combinam com uma colorida representa\u00e7\u00e3o dos vibrantes edif\u00edcios que caracterizam a paisagem urbana barcelonesa.<\/p>\n<p>O fundo azul do design contrasta magnificamente com os detalhes em laranja e verde, evocando o ambiente mediterr\u00e2nico que define esta metr\u00f3pole. Elementos decorativos como as palmeiras, situadas na parte inferior, e o sol radiante, transportam o utilizador para um dia ensolarado na praia de Barceloneta, tornando esta capa num objeto que protege e, ao mesmo tempo, recorda as belas experi\u00eancias vividas em Barcelona.<\/p>\n<p>Esta recorda\u00e7\u00e3o de Barcelona \u00e9 uma forma brilhante de levar consigo um peda\u00e7o da cidade, perfeito para turistas que procuram artigos que reflitam o esp\u00edrito local. Na Ol\u00e9 Mosaic, especializamo-nos na distribui\u00e7\u00e3o de souvenirs por grosso, e esta capa de telem\u00f3vel \u00e9 uma op\u00e7\u00e3o ideal para lojas de presentes tur\u00edsticos que desejem oferecer produtos aut\u00eanticos e de qualidade que capturem a ess\u00eancia da cidade. Com esta capa para Samsung A34, desfrutar\u00e1 da combina\u00e7\u00e3o perfeita entre funcionalidade e um design culturalmente significativo.<\/p>\n","protected":false},"excerpt":{"rendered":"<p>Capa para telem\u00f3vel Samsung A34 fabricada em TPU, ilustrada com uma colorida panor\u00e2mica de Barcelona. O design destaca as ic\u00f3nicas torres da Sagrada Fam\u00edlia, rodeadas de vibrantes edif\u00edcios e palmeiras que evocam o ambiente mediterr\u00e2nico. Os tons azuis do fundo contrastam com detalhes em laranja e verde, criando uma pe\u00e7a visualmente atraente que real\u00e7a a ess\u00eancia da cidade. Ideal para proteger o seu dispositivo e levar consigo uma recorda\u00e7\u00e3o de Barcelona.<\/p>\n","protected":false},"featured_media":12566,"template":"","meta":{"_acf_changed":false},"product_brand":[],"product_cat":[685],"product_tag":[],"class_list":{"0":"post-36312","1":"product","2":"type-product","3":"status-publish","4":"has-post-thumbnail","6":"product_cat-capas-para-telemoveis","7":"pa_ciudad-barcelona","8":"pa_motivo-panoramas","9":"pa_pais-espana","11":"first","12":"instock","13":"shipping-taxable","14":"product-type-simple"},"acf":[],"_links":{"self":[{"href":"https:\/\/olemosaic.orbitalia.org\/pt-pt\/wp-json\/wp\/v2\/product\/36312","targetHints":{"allow":["GET"]}}],"collection":[{"href":"https:\/\/olemosaic.orbitalia.org\/pt-pt\/wp-json\/wp\/v2\/product"}],"about":[{"href":"https:\/\/olemosaic.orbitalia.org\/pt-pt\/wp-json\/wp\/v2\/types\/product"}],"wp:featuredmedia":[{"embeddable":true,"href":"https:\/\/olemosaic.orbitalia.org\/pt-pt\/wp-json\/wp\/v2\/media\/12566"}],"wp:attachment":[{"href":"https:\/\/olemosaic.orbitalia.org\/pt-pt\/wp-json\/wp\/v2\/media?parent=36312"}],"wp:term":[{"taxonomy":"product_brand","embeddable":true,"href":"https:\/\/olemosaic.orbitalia.org\/pt-pt\/wp-json\/wp\/v2\/product_brand?post=36312"},{"taxonomy":"product_cat","embeddable":true,"href":"https:\/\/olemosaic.orbitalia.org\/pt-pt\/wp-json\/wp\/v2\/product_cat?post=36312"},{"taxonomy":"product_tag","embeddable":true,"href":"https:\/\/olemosaic.orbitalia.org\/pt-pt\/wp-json\/wp\/v2\/product_tag?post=36312"}],"curies":[{"name":"wp","href":"https:\/\/api.w.org\/{rel}","templated":true}]}}