{"id":36303,"date":"2025-02-20T22:35:42","date_gmt":"2025-02-20T22:35:42","guid":{"rendered":"https:\/\/olemosaic.orbitalia.org\/producto\/funda-de-telefono-para-samsung-a34-tpu-salamandra-barcelona-blanco\/"},"modified":"2025-07-25T18:34:39","modified_gmt":"2025-07-25T16:34:39","slug":"capa-para-telemovel-samsung-a34-tpu-salamandra-barcelona-branco","status":"publish","type":"product","link":"https:\/\/olemosaic.orbitalia.org\/pt-pt\/produto\/capa-para-telemovel-samsung-a34-tpu-salamandra-barcelona-branco\/","title":{"rendered":"Capa para telem\u00f3vel para Samsung A34 (TPU). Salamandra. Barcelona. Branco"},"content":{"rendered":"<p>Capa de telem\u00f3vel para Samsung A34 com um design inspirado na famosa salamandra de Gaud\u00ed. Esta capa, elaborada em TPU de alta qualidade, n\u00e3o s\u00f3 protege eficazmente o seu dispositivo, como tamb\u00e9m presta homenagem \u00e0 riqueza cultural de Barcelona. Decorada com uma vibrante salamandra em tons vermelhos, azuis e verdes, este design mistura-se com motivos florais coloridos que evocam a natureza mediterr\u00e2nica e real\u00e7am o estilo art\u00edstico \u00fanico que caracteriza a obra de Gaud\u00ed.<\/p>\n<p>O fundo branco da capa proporciona um contraste moderno que real\u00e7a as cores vivas da salamandra e das flores, fazendo com que o seu dispositivo se destaque com um toque de estilo e criatividade. A liga\u00e7\u00e3o cultural deste produto reflete-se no seu design, que transporta os utilizadores para os maravilhosos mosaicos da cidade, simbolizando a fus\u00e3o perfeita entre arte e funcionalidade.<\/p>\n<p>Perfeita como recorda\u00e7\u00e3o de Barcelona, esta capa \u00e9 uma excelente op\u00e7\u00e3o para turistas que desejem levar consigo um peda\u00e7o do legado de Gaud\u00ed enquanto protegem o seu telem\u00f3vel. Na Ol\u00e9 Mosaic, como grossistas de souvenirs de Barcelona, orgulhamo-nos de oferecer produtos aut\u00eanticos que captam a ess\u00eancia da cultura espanhola. Esta capa \u00e9 ideal para lojas de presentes tur\u00edsticos que procuram artigos imprescind\u00edveis e de grande apelo visual.<\/p>\n","protected":false},"excerpt":{"rendered":"<p>Capa para o telem\u00f3vel Samsung A34 fabricada em TPU, decorada com uma vibrante salamandra inspirada no famoso mosaico de Gaud\u00ed. O seu design inclui motivos florais coloridos e uma base branca que evoca a modernidade de Barcelona. O colorido da salamandra, com detalhes em vermelho, azul e verde, complementa-se com um toque art\u00edstico que real\u00e7a o estilo \u00fanico desta capa, perfeita para proteger o seu dispositivo enquanto demonstra o seu amor pela cidade.<\/p>\n","protected":false},"featured_media":12555,"template":"","meta":{"_acf_changed":false},"product_brand":[],"product_cat":[685],"product_tag":[516],"class_list":{"0":"post-36303","1":"product","2":"type-product","3":"status-publish","4":"has-post-thumbnail","6":"product_cat-capas-para-telemoveis","7":"product_tag-animais","8":"pa_ciudad-barcelona","9":"pa_motivo-salamandras","10":"pa_pais-espana","12":"first","13":"instock","14":"shipping-taxable","15":"product-type-simple"},"acf":[],"_links":{"self":[{"href":"https:\/\/olemosaic.orbitalia.org\/pt-pt\/wp-json\/wp\/v2\/product\/36303","targetHints":{"allow":["GET"]}}],"collection":[{"href":"https:\/\/olemosaic.orbitalia.org\/pt-pt\/wp-json\/wp\/v2\/product"}],"about":[{"href":"https:\/\/olemosaic.orbitalia.org\/pt-pt\/wp-json\/wp\/v2\/types\/product"}],"wp:featuredmedia":[{"embeddable":true,"href":"https:\/\/olemosaic.orbitalia.org\/pt-pt\/wp-json\/wp\/v2\/media\/12555"}],"wp:attachment":[{"href":"https:\/\/olemosaic.orbitalia.org\/pt-pt\/wp-json\/wp\/v2\/media?parent=36303"}],"wp:term":[{"taxonomy":"product_brand","embeddable":true,"href":"https:\/\/olemosaic.orbitalia.org\/pt-pt\/wp-json\/wp\/v2\/product_brand?post=36303"},{"taxonomy":"product_cat","embeddable":true,"href":"https:\/\/olemosaic.orbitalia.org\/pt-pt\/wp-json\/wp\/v2\/product_cat?post=36303"},{"taxonomy":"product_tag","embeddable":true,"href":"https:\/\/olemosaic.orbitalia.org\/pt-pt\/wp-json\/wp\/v2\/product_tag?post=36303"}],"curies":[{"name":"wp","href":"https:\/\/api.w.org\/{rel}","templated":true}]}}