{"id":36302,"date":"2025-02-20T22:35:42","date_gmt":"2025-02-20T22:35:42","guid":{"rendered":"https:\/\/olemosaic.orbitalia.org\/producto\/funda-de-telefono-para-samsung-a34-tpu-punt-de-trobada-barcelona-blanco\/"},"modified":"2025-07-25T18:47:36","modified_gmt":"2025-07-25T16:47:36","slug":"capa-para-telemovel-samsung-a34-tpu-punt-de-trobada-barcelona-branco","status":"publish","type":"product","link":"https:\/\/olemosaic.orbitalia.org\/pt-pt\/produto\/capa-para-telemovel-samsung-a34-tpu-punt-de-trobada-barcelona-branco\/","title":{"rendered":"Capa para telem\u00f3vel para Samsung A34 (TPU). Punt de trobada. Barcelona. Branco"},"content":{"rendered":"<p>Capa de telem\u00f3vel para Samsung A34 com um design inspirado na emblem\u00e1tica obra &#8220;Punt de trobada&#8221; de Joan Mir\u00f3. Este produto, fabricado em TPU de alta qualidade, garante prote\u00e7\u00e3o e est\u00e9tica, fundindo a funcionalidade com a arte vibrante que representa Barcelona. O seu fundo branco real\u00e7a as cores audazes vermelho, amarelo, verde e azul dos elementos gr\u00e1ficos, evocando os mosaicos que adornam a cidade, especialmente os do ic\u00f3nico Parque G\u00fcell. O design fluido e org\u00e2nico de Mir\u00f3, com as suas formas abstratas e linhas l\u00fadicas, transforma esta capa numa aut\u00eantica homenagem \u00e0 criatividade e frescura da arte moderna. Na parte inferior, o texto &#8220;Barcelona&#8221; apresenta-se com uma tipografia simples, complementando a obra e refor\u00e7ando a sua identidade como uma recorda\u00e7\u00e3o representativa e contempor\u00e2nea da cidade condal. Esta capa de telem\u00f3vel n\u00e3o s\u00f3 protege o dispositivo, como tamb\u00e9m serve como uma preciosa recorda\u00e7\u00e3o do esp\u00edrito art\u00edstico de Barcelona, sendo uma op\u00e7\u00e3o ideal para turistas que procuram souvenirs memor\u00e1veis e aut\u00eanticos. Na Ol\u00e9 Mosaic, como distribuidores de souvenirs de qualidade, oferecemos produtos que celebram a rica cultura espanhola, e esta capa \u00e9 uma excelente incorpora\u00e7\u00e3o para lojas de presentes tur\u00edsticos que apreciam a fus\u00e3o de arte e funcionalidade.<\/p>\n","protected":false},"excerpt":{"rendered":"<p>Capa para telem\u00f3vel Samsung A34 fabricada em TPU, decorada com um design vibrante que reproduz a famosa obra &#8220;Punt de trobada&#8221; de Joan Mir\u00f3, emulando os coloridos mosaicos de Barcelona. O fundo branco real\u00e7a os elementos gr\u00e1ficos em vermelho, amarelo, verde e azul, conferindo um ar moderno e art\u00edstico. A palavra &#8220;Barcelona&#8221; est\u00e1 impressa na parte inferior, tornando esta capa numa recorda\u00e7\u00e3o perfeita da cidade.<\/p>\n","protected":false},"featured_media":12558,"template":"","meta":{"_acf_changed":false},"product_brand":[],"product_cat":[685],"product_tag":[],"class_list":{"0":"post-36302","1":"product","2":"type-product","3":"status-publish","4":"has-post-thumbnail","6":"product_cat-capas-para-telemoveis","7":"pa_ciudad-barcelona","8":"pa_motivo-punt-de-trobada","9":"pa_pais-espana","11":"first","12":"instock","13":"shipping-taxable","14":"product-type-simple"},"acf":[],"_links":{"self":[{"href":"https:\/\/olemosaic.orbitalia.org\/pt-pt\/wp-json\/wp\/v2\/product\/36302","targetHints":{"allow":["GET"]}}],"collection":[{"href":"https:\/\/olemosaic.orbitalia.org\/pt-pt\/wp-json\/wp\/v2\/product"}],"about":[{"href":"https:\/\/olemosaic.orbitalia.org\/pt-pt\/wp-json\/wp\/v2\/types\/product"}],"wp:featuredmedia":[{"embeddable":true,"href":"https:\/\/olemosaic.orbitalia.org\/pt-pt\/wp-json\/wp\/v2\/media\/12558"}],"wp:attachment":[{"href":"https:\/\/olemosaic.orbitalia.org\/pt-pt\/wp-json\/wp\/v2\/media?parent=36302"}],"wp:term":[{"taxonomy":"product_brand","embeddable":true,"href":"https:\/\/olemosaic.orbitalia.org\/pt-pt\/wp-json\/wp\/v2\/product_brand?post=36302"},{"taxonomy":"product_cat","embeddable":true,"href":"https:\/\/olemosaic.orbitalia.org\/pt-pt\/wp-json\/wp\/v2\/product_cat?post=36302"},{"taxonomy":"product_tag","embeddable":true,"href":"https:\/\/olemosaic.orbitalia.org\/pt-pt\/wp-json\/wp\/v2\/product_tag?post=36302"}],"curies":[{"name":"wp","href":"https:\/\/api.w.org\/{rel}","templated":true}]}}