{"id":36300,"date":"2025-02-20T23:35:41","date_gmt":"2025-02-20T22:35:41","guid":{"rendered":"https:\/\/olemosaic.orbitalia.org\/producto\/funda-de-telefono-para-samsung-a34-tpu-abstracto-verde-2\/"},"modified":"2025-07-25T20:30:29","modified_gmt":"2025-07-25T18:30:29","slug":"capa-para-telemovel-samsung-a34-tpu-abstrato-verde-2","status":"publish","type":"product","link":"https:\/\/olemosaic.orbitalia.org\/pt-pt\/produto\/capa-para-telemovel-samsung-a34-tpu-abstrato-verde-2\/","title":{"rendered":"Capa para telem\u00f3vel para Samsung A34 (TPU). Abstrato. Padr\u00e3o circular. Verde"},"content":{"rendered":"<p>Capa para o telem\u00f3vel Samsung A34 com um design abstrato inspirado nos mosaicos tradicionais espanh\u00f3is. Fabricada em TPU resistente, esta capa n\u00e3o s\u00f3 protege o seu dispositivo, como tamb\u00e9m o converte num acess\u00f3rio exclusivo e vibrante. O seu padr\u00e3o circular, com uma sinfonia de tons verdes, azuis e terracota, evoca as coloridas obras de arte geom\u00e9trica que caracterizam a cultura espanhola.<\/p>\n<p>A disposi\u00e7\u00e3o das cores e a forma como se entrela\u00e7am no design recordam os mosaicos que adornam pal\u00e1cios e pra\u00e7as hist\u00f3ricas de cidades como Sevilha e Granada, real\u00e7ando a riqueza art\u00edstica da pen\u00ednsula. Esta capa \u00e9 mais do que uma simples prote\u00e7\u00e3o: \u00e9 uma homenagem \u00e0 beleza da arte espanhola, que atrair\u00e1 tanto os amantes do design como os turistas que procuram recorda\u00e7\u00f5es \u00fanicas que reflitam a ess\u00eancia da sua viagem.<\/p>\n<p>Na Ol\u00e9 Mosaic, como especialistas na distribui\u00e7\u00e3o de souvenirs por grosso, oferecemos esta capa como uma op\u00e7\u00e3o ideal para lojas de presentes tur\u00edsticos que desejem oferecer produtos aut\u00eanticos e cheios de cultura. Com esta capa para o telem\u00f3vel Samsung A34, n\u00e3o s\u00f3 adquire um acess\u00f3rio funcional, como um peda\u00e7o de hist\u00f3ria e arte que poder\u00e1 levar consigo para todo o lado.<\/p>\n","protected":false},"excerpt":{"rendered":"<p>Capa para Samsung A34 fabricada em TPU, decorada com um design abstrato que evoca os mosaicos tradicionais espanh\u00f3is. Em tons verdes, azuis e terracota, apresenta um padr\u00e3o circular que recorda as obras de arte geom\u00e9trica. Esta capa n\u00e3o s\u00f3 protege o seu dispositivo, como tamb\u00e9m adiciona um toque art\u00edstico e colorido, tornando-o num acess\u00f3rio \u00fanico e atrativo para os amantes da cultura e do design.<\/p>\n","protected":false},"featured_media":12562,"template":"","meta":{"_acf_changed":false},"product_brand":[],"product_cat":[685],"product_tag":[],"class_list":{"0":"post-36300","1":"product","2":"type-product","3":"status-publish","4":"has-post-thumbnail","6":"product_cat-capas-para-telemoveis","7":"pa_motivo-resumo","9":"first","10":"instock","11":"shipping-taxable","12":"product-type-simple"},"acf":[],"_links":{"self":[{"href":"https:\/\/olemosaic.orbitalia.org\/pt-pt\/wp-json\/wp\/v2\/product\/36300","targetHints":{"allow":["GET"]}}],"collection":[{"href":"https:\/\/olemosaic.orbitalia.org\/pt-pt\/wp-json\/wp\/v2\/product"}],"about":[{"href":"https:\/\/olemosaic.orbitalia.org\/pt-pt\/wp-json\/wp\/v2\/types\/product"}],"wp:featuredmedia":[{"embeddable":true,"href":"https:\/\/olemosaic.orbitalia.org\/pt-pt\/wp-json\/wp\/v2\/media\/12562"}],"wp:attachment":[{"href":"https:\/\/olemosaic.orbitalia.org\/pt-pt\/wp-json\/wp\/v2\/media?parent=36300"}],"wp:term":[{"taxonomy":"product_brand","embeddable":true,"href":"https:\/\/olemosaic.orbitalia.org\/pt-pt\/wp-json\/wp\/v2\/product_brand?post=36300"},{"taxonomy":"product_cat","embeddable":true,"href":"https:\/\/olemosaic.orbitalia.org\/pt-pt\/wp-json\/wp\/v2\/product_cat?post=36300"},{"taxonomy":"product_tag","embeddable":true,"href":"https:\/\/olemosaic.orbitalia.org\/pt-pt\/wp-json\/wp\/v2\/product_tag?post=36300"}],"curies":[{"name":"wp","href":"https:\/\/api.w.org\/{rel}","templated":true}]}}