{"id":36283,"date":"2025-02-20T22:35:41","date_gmt":"2025-02-20T22:35:41","guid":{"rendered":"https:\/\/olemosaic.orbitalia.org\/producto\/funda-de-telefono-para-samsung-a34-tpu-abstracto-negro\/"},"modified":"2025-07-25T19:33:07","modified_gmt":"2025-07-25T17:33:07","slug":"capa-para-telemovel-samsung-a34-tpu-abstrato-preto","status":"publish","type":"product","link":"https:\/\/olemosaic.orbitalia.org\/pt-pt\/produto\/capa-para-telemovel-samsung-a34-tpu-abstrato-preto\/","title":{"rendered":"Capa para telem\u00f3vel Samsung A34 (TPU). Abstrato. Preto"},"content":{"rendered":"<p>Capa para telem\u00f3vel Samsung A34 com design abstrato<\/p>\n<p>Esta capa para o Samsung A34 \u00e9 a solu\u00e7\u00e3o perfeita para quem procura um acess\u00f3rio que combine estilo e prote\u00e7\u00e3o. Fabricada em TPU, um material conhecido pela sua durabilidade e resist\u00eancia, esta capa oferece uma excelente prote\u00e7\u00e3o contra choques e riscos, mantendo o teu dispositivo seguro em todos os momentos. O seu design abstrato destaca-se com vibrantes tonalidades de azul, preto e rosa, criando um impactante efeito visual que evoca nuvens de cor e formas fluidas. Este elegante padr\u00e3o n\u00e3o s\u00f3 adiciona um toque art\u00edstico ao teu telem\u00f3vel, como tamb\u00e9m reflete a criatividade e modernidade do design contempor\u00e2neo.<\/p>\n<p>Esta capa torna-se uma excelente recorda\u00e7\u00e3o para quem visita Espanha e deseja levar um pedacinho da sua riqueza est\u00e9tica, sendo um exemplo perfeito de como a funcionalidade e a arte se podem fundir no dia a dia. A Ol\u00e9 Mosaic, como distribuidor grossista de acess\u00f3rios \u00fanicos, garante que cada capa apresentada n\u00e3o s\u00f3 seja um produto de qualidade, mas tamb\u00e9m uma recorda\u00e7\u00e3o representativa da inova\u00e7\u00e3o e do design espanhol. Ideal para turistas que procuram recorda\u00e7\u00f5es aut\u00eanticas, esta capa para telem\u00f3vel posiciona-se como uma op\u00e7\u00e3o atrativa e funcional para qualquer loja de brindes tur\u00edsticos.<\/p>\n","protected":false},"excerpt":{"rendered":"<p>Capa para telem\u00f3vel Samsung A34 fabricada em TPU, com um design abstrato que se destaca pelas suas cores vibrantes em tons de azul, preto e rosa. Esta capa oferece uma excelente prote\u00e7\u00e3o contra choques e riscos, enquanto o seu elegante padr\u00e3o de formas fluidas e nuvens de cor lhe confere um toque art\u00edstico e moderno. Ideal para quem procura um acess\u00f3rio funcional e com estilo para o seu dispositivo.<\/p>\n","protected":false},"featured_media":12573,"template":"","meta":{"_acf_changed":false},"product_brand":[],"product_cat":[685],"product_tag":[],"class_list":{"0":"post-36283","1":"product","2":"type-product","3":"status-publish","4":"has-post-thumbnail","6":"product_cat-capas-para-telemoveis","7":"pa_motivo-resumo","9":"first","10":"instock","11":"shipping-taxable","12":"product-type-simple"},"acf":[],"_links":{"self":[{"href":"https:\/\/olemosaic.orbitalia.org\/pt-pt\/wp-json\/wp\/v2\/product\/36283","targetHints":{"allow":["GET"]}}],"collection":[{"href":"https:\/\/olemosaic.orbitalia.org\/pt-pt\/wp-json\/wp\/v2\/product"}],"about":[{"href":"https:\/\/olemosaic.orbitalia.org\/pt-pt\/wp-json\/wp\/v2\/types\/product"}],"wp:featuredmedia":[{"embeddable":true,"href":"https:\/\/olemosaic.orbitalia.org\/pt-pt\/wp-json\/wp\/v2\/media\/12573"}],"wp:attachment":[{"href":"https:\/\/olemosaic.orbitalia.org\/pt-pt\/wp-json\/wp\/v2\/media?parent=36283"}],"wp:term":[{"taxonomy":"product_brand","embeddable":true,"href":"https:\/\/olemosaic.orbitalia.org\/pt-pt\/wp-json\/wp\/v2\/product_brand?post=36283"},{"taxonomy":"product_cat","embeddable":true,"href":"https:\/\/olemosaic.orbitalia.org\/pt-pt\/wp-json\/wp\/v2\/product_cat?post=36283"},{"taxonomy":"product_tag","embeddable":true,"href":"https:\/\/olemosaic.orbitalia.org\/pt-pt\/wp-json\/wp\/v2\/product_tag?post=36283"}],"curies":[{"name":"wp","href":"https:\/\/api.w.org\/{rel}","templated":true}]}}