{"id":36281,"date":"2025-02-20T22:35:41","date_gmt":"2025-02-20T22:35:41","guid":{"rendered":"https:\/\/olemosaic.orbitalia.org\/producto\/funda-de-telefono-para-samsung-a23-tpu-motivos-marinos\/"},"modified":"2025-07-25T18:39:49","modified_gmt":"2025-07-25T16:39:49","slug":"capa-para-telemovel-samsung-a23-tpu-motivos-marinhos","status":"publish","type":"product","link":"https:\/\/olemosaic.orbitalia.org\/pt-pt\/produto\/capa-para-telemovel-samsung-a23-tpu-motivos-marinhos\/","title":{"rendered":"Capa para telem\u00f3vel Samsung A23 (TPU). Motivos marinhos"},"content":{"rendered":"<p>Capa para o telem\u00f3vel Samsung A23, decorada com motivos marinhos vibrantes, perfeita para os amantes do oceano. Fabricada com TPU de alta qualidade, esta capa n\u00e3o s\u00f3 protege o teu dispositivo de forma duradoura, como tamb\u00e9m apresenta um design atraente que real\u00e7a a sua est\u00e9tica. A colorida ilustra\u00e7\u00e3o inclui tartarugas, peixes e cavalos-marinhos a nadar alegremente entre corais e algas, tudo sobre um fundo azul que simula a profundidade marinha. Esta representa\u00e7\u00e3o visual capta a diversidade do ecossistema marinho, evocando a beleza do oceano e dos seus habitantes. O seu design art\u00edstico, cheio de cores brilhantes e detalhes meticulosos, faz desta capa uma recorda\u00e7\u00e3o excecional, ideal para quem procura levar um peda\u00e7o do mar consigo.<\/p>\n<p>A liga\u00e7\u00e3o cultural deste produto reside na tradi\u00e7\u00e3o da arte e na beleza natural das costas mediterr\u00e2nicas, onde a vida marinha \u00e9 um s\u00edmbolo de alegria e liberdade. Na Ol\u00e9 Mosaic, dedicamo-nos a oferecer recorda\u00e7\u00f5es aut\u00eanticas e de qualidade por grosso, e esta capa \u00e9 uma excelente op\u00e7\u00e3o para lojas de brindes tur\u00edsticos que procuram produtos que combinem funcionalidade e apelo visual. Converte esta capa marinha num presente memor\u00e1vel ou num luxo pessoal que realce o teu amor pelo oceano e pelo seu esplendor natural.<\/p>\n","protected":false},"excerpt":{"rendered":"<p>Capa para o telem\u00f3vel Samsung A23, fabricada em TPU e decorada com motivos marinhos vibrantes que evocam a beleza do oceano. O seu design apresenta uma colorida ilustra\u00e7\u00e3o de tartarugas, peixes e cavalos-marinhos a nadar entre corais e algas, tudo sobre um fundo azul que simula a profundidade marinha. Esta capa n\u00e3o s\u00f3 protege o teu dispositivo, como tamb\u00e9m adiciona um toque art\u00edstico e divertido, ideal para os amantes do mar.<\/p>\n","protected":false},"featured_media":12603,"template":"","meta":{"_acf_changed":false},"product_brand":[],"product_cat":[685],"product_tag":[516],"class_list":{"0":"post-36281","1":"product","2":"type-product","3":"status-publish","4":"has-post-thumbnail","6":"product_cat-capas-para-telemoveis","7":"product_tag-animais","8":"pa_motivo-animais-marinhos","10":"first","11":"instock","12":"shipping-taxable","13":"product-type-simple"},"acf":[],"_links":{"self":[{"href":"https:\/\/olemosaic.orbitalia.org\/pt-pt\/wp-json\/wp\/v2\/product\/36281","targetHints":{"allow":["GET"]}}],"collection":[{"href":"https:\/\/olemosaic.orbitalia.org\/pt-pt\/wp-json\/wp\/v2\/product"}],"about":[{"href":"https:\/\/olemosaic.orbitalia.org\/pt-pt\/wp-json\/wp\/v2\/types\/product"}],"wp:featuredmedia":[{"embeddable":true,"href":"https:\/\/olemosaic.orbitalia.org\/pt-pt\/wp-json\/wp\/v2\/media\/12603"}],"wp:attachment":[{"href":"https:\/\/olemosaic.orbitalia.org\/pt-pt\/wp-json\/wp\/v2\/media?parent=36281"}],"wp:term":[{"taxonomy":"product_brand","embeddable":true,"href":"https:\/\/olemosaic.orbitalia.org\/pt-pt\/wp-json\/wp\/v2\/product_brand?post=36281"},{"taxonomy":"product_cat","embeddable":true,"href":"https:\/\/olemosaic.orbitalia.org\/pt-pt\/wp-json\/wp\/v2\/product_cat?post=36281"},{"taxonomy":"product_tag","embeddable":true,"href":"https:\/\/olemosaic.orbitalia.org\/pt-pt\/wp-json\/wp\/v2\/product_tag?post=36281"}],"curies":[{"name":"wp","href":"https:\/\/api.w.org\/{rel}","templated":true}]}}