{"id":36279,"date":"2025-02-20T23:35:40","date_gmt":"2025-02-20T22:35:40","guid":{"rendered":"https:\/\/olemosaic.orbitalia.org\/producto\/funda-de-telefono-para-samsung-a23-tpu-salamandra-2\/"},"modified":"2025-07-25T18:51:57","modified_gmt":"2025-07-25T16:51:57","slug":"capa-para-telemovel-samsung-a23-tpu-salamandra-gaudi","status":"publish","type":"product","link":"https:\/\/olemosaic.orbitalia.org\/pt-pt\/produto\/capa-para-telemovel-samsung-a23-tpu-salamandra-gaudi\/","title":{"rendered":"Capa para telem\u00f3vel Samsung A23 (TPU). Salamandra. Gaud\u00ed."},"content":{"rendered":"<p>Capa para telem\u00f3vel Samsung A23 decorada com uma vibrante salamandra, uma pe\u00e7a ic\u00f3nica que celebra a obra do reconhecido arquiteto Antoni Gaud\u00ed em Barcelona. Fabricada em TPU de alta qualidade, esta capa oferece uma prote\u00e7\u00e3o eficaz e leve para o teu dispositivo, enquanto o seu design colorido atrai todos os olhares. A salamandra, adornada com uma explos\u00e3o de flores e motivos geom\u00e9tricos, ergue-se sobre um fundo cinzento que evoca os coloridos mosaicos da cidade, representando a uni\u00e3o perfeita entre arte e funcionalidade.<\/p>\n<p>Cada detalhe da impress\u00e3o sobressai com cores vivas, criando um efeito visual que recorda as fascinantes obras de Gaud\u00ed, que nunca deixam de atrair turistas e amantes da arte. A inclus\u00e3o de motivos florais adiciona um toque de frescura e alegria, convertendo esta capa numa pe\u00e7a \u00fanica e aut\u00eantica que vai al\u00e9m de um simples acess\u00f3rio: \u00e9 uma verdadeira recorda\u00e7\u00e3o de Barcelona.<\/p>\n<p>Na Ol\u00e9 Mosaic, orgulhamo-nos de distribuir lembran\u00e7as representativas da cultura espanhola. Esta capa para telem\u00f3vel n\u00e3o s\u00f3 \u00e9 ideal para proteger o teu dispositivo, como tamb\u00e9m \u00e9 uma excelente escolha para aqueles que procuram levar consigo um fragmento da magia de Barcelona. Como grossistas de capas, oferecemos produtos que combinam design, autenticidade e relev\u00e2ncia cultural, perfeitos para boutiques e lojas de recorda\u00e7\u00f5es tur\u00edsticas.<\/p>\n","protected":false},"excerpt":{"rendered":"<p>Capa para telem\u00f3vel Samsung A23 fabricada em TPU, decorada com uma colorida salamandra, um motivo ic\u00f3nico do mosaico de Gaud\u00ed em Barcelona. Este design vibrante apresenta uma combina\u00e7\u00e3o de flores e motivos geom\u00e9tricos sobre um fundo cinzento que evoca os estilos arquitet\u00f3nicos da cidade. A impress\u00e3o destaca-se pelas suas cores vivas e detalhes art\u00edsticos, convertendo cada capa numa pe\u00e7a \u00fanica que protege o teu telem\u00f3vel e celebra a ess\u00eancia de Barcelona.<\/p>\n","protected":false},"featured_media":12595,"template":"","meta":{"_acf_changed":false},"product_brand":[],"product_cat":[685],"product_tag":[516],"class_list":{"0":"post-36279","1":"product","2":"type-product","3":"status-publish","4":"has-post-thumbnail","6":"product_cat-capas-para-telemoveis","7":"product_tag-animais","8":"pa_ciudad-barcelona","9":"pa_motivo-salamandras","10":"pa_pais-espana","12":"first","13":"instock","14":"shipping-taxable","15":"product-type-simple"},"acf":[],"_links":{"self":[{"href":"https:\/\/olemosaic.orbitalia.org\/pt-pt\/wp-json\/wp\/v2\/product\/36279","targetHints":{"allow":["GET"]}}],"collection":[{"href":"https:\/\/olemosaic.orbitalia.org\/pt-pt\/wp-json\/wp\/v2\/product"}],"about":[{"href":"https:\/\/olemosaic.orbitalia.org\/pt-pt\/wp-json\/wp\/v2\/types\/product"}],"wp:featuredmedia":[{"embeddable":true,"href":"https:\/\/olemosaic.orbitalia.org\/pt-pt\/wp-json\/wp\/v2\/media\/12595"}],"wp:attachment":[{"href":"https:\/\/olemosaic.orbitalia.org\/pt-pt\/wp-json\/wp\/v2\/media?parent=36279"}],"wp:term":[{"taxonomy":"product_brand","embeddable":true,"href":"https:\/\/olemosaic.orbitalia.org\/pt-pt\/wp-json\/wp\/v2\/product_brand?post=36279"},{"taxonomy":"product_cat","embeddable":true,"href":"https:\/\/olemosaic.orbitalia.org\/pt-pt\/wp-json\/wp\/v2\/product_cat?post=36279"},{"taxonomy":"product_tag","embeddable":true,"href":"https:\/\/olemosaic.orbitalia.org\/pt-pt\/wp-json\/wp\/v2\/product_tag?post=36279"}],"curies":[{"name":"wp","href":"https:\/\/api.w.org\/{rel}","templated":true}]}}