{"id":36267,"date":"2025-02-20T23:35:39","date_gmt":"2025-02-20T22:35:39","guid":{"rendered":"https:\/\/olemosaic.orbitalia.org\/producto\/funda-de-telefono-para-samsung-a23-tpu-abstracto-2\/"},"modified":"2025-07-25T20:34:28","modified_gmt":"2025-07-25T18:34:28","slug":"capa-de-telemovel-para-samsung-a23-tpu-abstrato-2","status":"publish","type":"product","link":"https:\/\/olemosaic.orbitalia.org\/pt-pt\/produto\/capa-de-telemovel-para-samsung-a23-tpu-abstrato-2\/","title":{"rendered":"Capa de telem\u00f3vel para Samsung A23 (TPU). Abstrato. Padr\u00e3o de linhas n\u00e9on."},"content":{"rendered":"<p>Capa para telem\u00f3vel Samsung A23 com design abstrato em tons n\u00e9on. Esta inovadora capa, fabricada em TPU, n\u00e3o s\u00f3 protege o seu dispositivo, como o converte num aut\u00eantico \u00edcone de estilo. A vibrante ilustra\u00e7\u00e3o apresenta linhas fluidas numa explos\u00e3o de cores, com verdes, rosas, laranjas e azuis sobre um fundo escuro que real\u00e7a a intensidade de cada tom. Esta fus\u00e3o cria um efeito din\u00e2mico e moderno, ideal para quem deseja destacar a sua personalidade e estilo no seu dia a dia.<\/p>\n<p>O design abstrato nasce da tend\u00eancia contempor\u00e2nea que combina arte e tecnologia, refletindo a ess\u00eancia vibrante das cidades mais cosmopolitas. A capa adapta-se perfeitamente ao Samsung A23, garantindo acesso completo a todas as portas e bot\u00f5es, enquanto o seu material TPU proporciona uma excelente resist\u00eancia perante impactos e quedas, assegurando a durabilidade e prote\u00e7\u00e3o do dispositivo.<\/p>\n<p>Considerada uma lembran\u00e7a moderna e funcional, esta capa \u00e9 a op\u00e7\u00e3o perfeita para turistas que procuram uma recorda\u00e7\u00e3o aut\u00eantica que represente a criatividade e a diversidade cultural de Espanha. Na Ol\u00e9 Mosaic, como distribuidores de acess\u00f3rios por grosso, oferecemos produtos de qualidade que evocam o esp\u00edrito inovador das cidades mais ic\u00f3nicas, transformando cada pe\u00e7a num presente perfeito.<\/p>\n","protected":false},"excerpt":{"rendered":"<p>Capa de telem\u00f3vel para Samsung A23 fabricada em TPU, com um design abstrato que se destaca pelas suas vibrantes linhas em tons n\u00e9on sobre um fundo escuro. Este elegante acess\u00f3rio oferece uma excelente prote\u00e7\u00e3o para o seu dispositivo, combinando funcionalidade e estilo. As cores brilhantes, como verdes, rosas, laranjas e azuis, conferem um toque moderno e din\u00e2mico, tornando-a uma op\u00e7\u00e3o ideal para quem procura destacar a sua personalidade.<\/p>\n","protected":false},"featured_media":12614,"template":"","meta":{"_acf_changed":false},"product_brand":[],"product_cat":[685],"product_tag":[],"class_list":{"0":"post-36267","1":"product","2":"type-product","3":"status-publish","4":"has-post-thumbnail","6":"product_cat-capas-para-telemoveis","7":"pa_motivo-resumo","9":"first","10":"instock","11":"shipping-taxable","12":"product-type-simple"},"acf":[],"_links":{"self":[{"href":"https:\/\/olemosaic.orbitalia.org\/pt-pt\/wp-json\/wp\/v2\/product\/36267","targetHints":{"allow":["GET"]}}],"collection":[{"href":"https:\/\/olemosaic.orbitalia.org\/pt-pt\/wp-json\/wp\/v2\/product"}],"about":[{"href":"https:\/\/olemosaic.orbitalia.org\/pt-pt\/wp-json\/wp\/v2\/types\/product"}],"wp:featuredmedia":[{"embeddable":true,"href":"https:\/\/olemosaic.orbitalia.org\/pt-pt\/wp-json\/wp\/v2\/media\/12614"}],"wp:attachment":[{"href":"https:\/\/olemosaic.orbitalia.org\/pt-pt\/wp-json\/wp\/v2\/media?parent=36267"}],"wp:term":[{"taxonomy":"product_brand","embeddable":true,"href":"https:\/\/olemosaic.orbitalia.org\/pt-pt\/wp-json\/wp\/v2\/product_brand?post=36267"},{"taxonomy":"product_cat","embeddable":true,"href":"https:\/\/olemosaic.orbitalia.org\/pt-pt\/wp-json\/wp\/v2\/product_cat?post=36267"},{"taxonomy":"product_tag","embeddable":true,"href":"https:\/\/olemosaic.orbitalia.org\/pt-pt\/wp-json\/wp\/v2\/product_tag?post=36267"}],"curies":[{"name":"wp","href":"https:\/\/api.w.org\/{rel}","templated":true}]}}