{"id":36266,"date":"2025-02-20T23:35:39","date_gmt":"2025-02-20T22:35:39","guid":{"rendered":"https:\/\/olemosaic.orbitalia.org\/producto\/funda-de-telefono-para-samsung-a14-tpu-abstracto-azul-2\/"},"modified":"2025-07-25T18:46:00","modified_gmt":"2025-07-25T16:46:00","slug":"capa-de-telemovel-para-samsung-a14-tpu-abstrato-azul-2","status":"publish","type":"product","link":"https:\/\/olemosaic.orbitalia.org\/pt-pt\/produto\/capa-de-telemovel-para-samsung-a14-tpu-abstrato-azul-2\/","title":{"rendered":"Capa de telem\u00f3vel para Samsung A14 (TPU). Abstrato. Barcelona. Azul."},"content":{"rendered":"<p>Capa de telem\u00f3vel para Samsung A14 com design abstrato vibrante &#8220;Barcelona&#8221;. Esta capa, elaborada em material TPU, destaca-se pela sua composi\u00e7\u00e3o din\u00e2mica, onde impressionantes tons azuis e multicoloridos se entrela\u00e7am em formas fluidas que evocam a agita\u00e7\u00e3o e a criatividade da cidade condal. No centro, a palavra &#8220;Barcelona&#8221; sobressai em letras estilizadas, acrescentando um toque especial que liga os utilizadores \u00e0 rica cultura art\u00edstica desta emblem\u00e1tica cidade. N\u00e3o s\u00f3 oferece uma prote\u00e7\u00e3o fi\u00e1vel para o seu dispositivo, como tamb\u00e9m se torna um acess\u00f3rio moderno que reflete o esp\u00edrito vibrante de Barcelona.<\/p>\n<p>O design abstrato desta capa \u00e9 uma representa\u00e7\u00e3o perfeita da energia e da diversidade cultural da cidade, recordando a turistas e residentes a beleza da sua arquitetura e da sua arte contempor\u00e2nea. Ideal para quem procura uma lembran\u00e7a aut\u00eantica que combine funcionalidade e est\u00e9tica, esta capa de telem\u00f3vel \u00e9 um excelente presente para levar um peda\u00e7o de Barcelona para qualquer parte do mundo. Na Ol\u00e9 Mosaic, dedicamo-nos a oferecer produtos que, al\u00e9m de real\u00e7arem a cultura local, sejam atrativos para lojas de presentes tur\u00edsticos. Como grossistas de acess\u00f3rios, garantimos que cada pe\u00e7a cumpre os mais elevados padr\u00f5es de qualidade e autenticidade.<\/p>\n","protected":false},"excerpt":{"rendered":"<p>Capa para telem\u00f3vel Samsung A14, fabricada em TPU, com um vibrante design abstrato que se destaca pelos seus tons azuis e multicoloridos. A capa apresenta uma composi\u00e7\u00e3o din\u00e2mica de formas fluidas, adornada com a palavra &#8220;Barcelona&#8221; em letras estilizadas. Este acess\u00f3rio n\u00e3o s\u00f3 oferece prote\u00e7\u00e3o, como tamb\u00e9m capta a ess\u00eancia art\u00edstica da cidade, tornando-se um complemento \u00fanico e moderno para o seu dispositivo.<\/p>\n","protected":false},"featured_media":12547,"template":"","meta":{"_acf_changed":false},"product_brand":[],"product_cat":[685],"product_tag":[],"class_list":{"0":"post-36266","1":"product","2":"type-product","3":"status-publish","4":"has-post-thumbnail","6":"product_cat-capas-para-telemoveis","7":"pa_ciudad-barcelona","8":"pa_motivo-resumo","9":"pa_pais-espana","11":"first","12":"instock","13":"shipping-taxable","14":"product-type-simple"},"acf":[],"_links":{"self":[{"href":"https:\/\/olemosaic.orbitalia.org\/pt-pt\/wp-json\/wp\/v2\/product\/36266","targetHints":{"allow":["GET"]}}],"collection":[{"href":"https:\/\/olemosaic.orbitalia.org\/pt-pt\/wp-json\/wp\/v2\/product"}],"about":[{"href":"https:\/\/olemosaic.orbitalia.org\/pt-pt\/wp-json\/wp\/v2\/types\/product"}],"wp:featuredmedia":[{"embeddable":true,"href":"https:\/\/olemosaic.orbitalia.org\/pt-pt\/wp-json\/wp\/v2\/media\/12547"}],"wp:attachment":[{"href":"https:\/\/olemosaic.orbitalia.org\/pt-pt\/wp-json\/wp\/v2\/media?parent=36266"}],"wp:term":[{"taxonomy":"product_brand","embeddable":true,"href":"https:\/\/olemosaic.orbitalia.org\/pt-pt\/wp-json\/wp\/v2\/product_brand?post=36266"},{"taxonomy":"product_cat","embeddable":true,"href":"https:\/\/olemosaic.orbitalia.org\/pt-pt\/wp-json\/wp\/v2\/product_cat?post=36266"},{"taxonomy":"product_tag","embeddable":true,"href":"https:\/\/olemosaic.orbitalia.org\/pt-pt\/wp-json\/wp\/v2\/product_tag?post=36266"}],"curies":[{"name":"wp","href":"https:\/\/api.w.org\/{rel}","templated":true}]}}