{"id":36230,"date":"2025-02-20T23:35:37","date_gmt":"2025-02-20T22:35:37","guid":{"rendered":"https:\/\/olemosaic.orbitalia.org\/producto\/funda-de-telefono-para-samsung-a13-tpu-abstracto-verde-2\/"},"modified":"2025-07-25T20:25:10","modified_gmt":"2025-07-25T18:25:10","slug":"capa-para-telemovel-para-samsung-a13-tpu-abstrato-diversas-cores","status":"publish","type":"product","link":"https:\/\/olemosaic.orbitalia.org\/pt-pt\/produto\/capa-para-telemovel-para-samsung-a13-tpu-abstrato-diversas-cores\/","title":{"rendered":"Capa para telem\u00f3vel para Samsung A13 (TPU). Abstrato. Diversas cores."},"content":{"rendered":"<p>Capa para telem\u00f3vel Samsung A13 com um design abstrato em envolventes tons de verde, amarelo, vermelho e azul, ideal para quem procura um acess\u00f3rio que combine prote\u00e7\u00e3o e estilo. Fabricada em TPU, um material conhecido pela sua resist\u00eancia, esta capa garante que o seu dispositivo esteja protegido contra impactos e riscos di\u00e1rios, sem renunciar \u00e0 est\u00e9tica. O padr\u00e3o fluido e vibrante que adorna a superf\u00edcie confere um toque art\u00edstico, transformando a capa num verdadeiro elemento de moda que real\u00e7a a criatividade e a originalidade.<\/p>\n<p>A textura suave ao toque n\u00e3o s\u00f3 a torna agrad\u00e1vel de manusear, como tamb\u00e9m assegura uma ader\u00eancia firme, evitando que escorregue das m\u00e3os. Este design contempor\u00e2neo, al\u00e9m de funcional, reflete um estilo de vida din\u00e2mico e moderno, sendo uma escolha perfeita para os jovens que desejam expressar a sua individualidade atrav\u00e9s do seu dispositivo.<\/p>\n<p>Na Ol\u00e9 Mosaic compreendemos a import\u00e2ncia de oferecer produtos que, al\u00e9m de pr\u00e1ticos, contem com um design atrativo. Esta capa para Samsung A13 \u00e9 uma excelente op\u00e7\u00e3o para lojas de presentes tur\u00edsticos, pois oferece um souvenir aut\u00eantico que real\u00e7a a qualidade da arte contempor\u00e2nea. Al\u00e9m disso, ao oferecer acess\u00f3rios como capas de telem\u00f3vel por grosso, asseguramos uma variedade que convida os turistas a levar para casa um peda\u00e7o de criatividade e funcionalidade.<\/p>\n","protected":false},"excerpt":{"rendered":"<p>Capa para telem\u00f3vel Samsung A13 fabricada em TPU, com um design abstrato que funde tons de verde, amarelo, vermelho e azul num atraente padr\u00e3o fluido. A superf\u00edcie apresenta uma textura suave e resistente, protegendo o seu dispositivo de impactos e riscos. Este modelo destaca-se pelo seu estilo contempor\u00e2neo e vibrante, ideal para quem procura combinar funcionalidade e um toque art\u00edstico nos seus acess\u00f3rios.<\/p>\n","protected":false},"featured_media":12521,"template":"","meta":{"_acf_changed":false},"product_brand":[],"product_cat":[685],"product_tag":[],"class_list":{"0":"post-36230","1":"product","2":"type-product","3":"status-publish","4":"has-post-thumbnail","6":"product_cat-capas-para-telemoveis","7":"pa_motivo-resumo","9":"first","10":"instock","11":"shipping-taxable","12":"product-type-simple"},"acf":[],"_links":{"self":[{"href":"https:\/\/olemosaic.orbitalia.org\/pt-pt\/wp-json\/wp\/v2\/product\/36230","targetHints":{"allow":["GET"]}}],"collection":[{"href":"https:\/\/olemosaic.orbitalia.org\/pt-pt\/wp-json\/wp\/v2\/product"}],"about":[{"href":"https:\/\/olemosaic.orbitalia.org\/pt-pt\/wp-json\/wp\/v2\/types\/product"}],"wp:featuredmedia":[{"embeddable":true,"href":"https:\/\/olemosaic.orbitalia.org\/pt-pt\/wp-json\/wp\/v2\/media\/12521"}],"wp:attachment":[{"href":"https:\/\/olemosaic.orbitalia.org\/pt-pt\/wp-json\/wp\/v2\/media?parent=36230"}],"wp:term":[{"taxonomy":"product_brand","embeddable":true,"href":"https:\/\/olemosaic.orbitalia.org\/pt-pt\/wp-json\/wp\/v2\/product_brand?post=36230"},{"taxonomy":"product_cat","embeddable":true,"href":"https:\/\/olemosaic.orbitalia.org\/pt-pt\/wp-json\/wp\/v2\/product_cat?post=36230"},{"taxonomy":"product_tag","embeddable":true,"href":"https:\/\/olemosaic.orbitalia.org\/pt-pt\/wp-json\/wp\/v2\/product_tag?post=36230"}],"curies":[{"name":"wp","href":"https:\/\/api.w.org\/{rel}","templated":true}]}}