{"id":36228,"date":"2025-02-20T22:35:37","date_gmt":"2025-02-20T22:35:37","guid":{"rendered":"https:\/\/olemosaic.orbitalia.org\/producto\/funda-de-telefono-para-samsung-a13-tpu-mosaico-azul\/"},"modified":"2025-07-25T20:14:34","modified_gmt":"2025-07-25T18:14:34","slug":"capa-de-telemovel-para-samsung-a13-tpu-mosaico-azul","status":"publish","type":"product","link":"https:\/\/olemosaic.orbitalia.org\/pt-pt\/produto\/capa-de-telemovel-para-samsung-a13-tpu-mosaico-azul\/","title":{"rendered":"Capa de telem\u00f3vel para Samsung A13 (TPU). Mosaico. Azul"},"content":{"rendered":"<p>Capa para Samsung A13 com design de mosaico em tons azuis. Esta elegante capa, elaborada em TPU, \u00e9 perfeita para quem procura n\u00e3o s\u00f3 prote\u00e7\u00e3o, mas tamb\u00e9m um toque art\u00edstico para o seu dispositivo. O seu atraente padr\u00e3o de mosaico evoca as vibrantes cer\u00e2micas espanholas, t\u00edpicas da rica tradi\u00e7\u00e3o artesanal da regi\u00e3o. As pe\u00e7as do mosaico, dispostas sobre um fundo azul profundo, est\u00e3o delineadas com uma fina rede de linhas brancas que conferem um contraste moderno e en\u00e9rgico ao design.<\/p>\n<p>Esta capa n\u00e3o s\u00f3 protege contra choques e quedas, como tamb\u00e9m transforma o telem\u00f3vel num objeto de estilo e cultura. A est\u00e9tica do mosaico liga-se \u00e0 heran\u00e7a art\u00edstica de Espanha, onde os azulejos pintados t\u00eam sido utilizados para embelezar edif\u00edcios, pra\u00e7as e p\u00e1tios durante s\u00e9culos, convertendo cada canto numa obra de arte. Ideal como recorda\u00e7\u00e3o, esta capa de telem\u00f3vel \u00e9 um souvenir representativo e funcional que real\u00e7a a beleza da arte espanhola. Na Ol\u00e9 Mosaic, especializamo-nos na distribui\u00e7\u00e3o de produtos aut\u00eanticos que celebram a cultura e a hist\u00f3ria de Espanha. Esta capa \u00e9 uma excelente op\u00e7\u00e3o para lojas de presentes tur\u00edsticos que procuram oferecer souvenirs \u00fanicos e de qualidade.<\/p>\n","protected":false},"excerpt":{"rendered":"<p>Capa para telem\u00f3vel Samsung A13 fabricada em TPU com um atraente design de mosaico em tons azuis. Esta capa n\u00e3o s\u00f3 oferece uma excelente prote\u00e7\u00e3o contra choques e quedas, como o seu padr\u00e3o de mosaico evoca as coloridas cer\u00e2micas da tradi\u00e7\u00e3o espanhola. A fina rede de linhas brancas sobre o fundo azul confere-lhe um toque moderno e vibrante, tornando-a um acess\u00f3rio ideal para quem aprecia a est\u00e9tica da arte e da cultura.<\/p>\n","protected":false},"featured_media":12529,"template":"","meta":{"_acf_changed":false},"product_brand":[],"product_cat":[685],"product_tag":[],"class_list":{"0":"post-36228","1":"product","2":"type-product","3":"status-publish","4":"has-post-thumbnail","6":"product_cat-capas-para-telemoveis","7":"pa_motivo-mosaico","9":"first","10":"instock","11":"shipping-taxable","12":"product-type-simple"},"acf":[],"_links":{"self":[{"href":"https:\/\/olemosaic.orbitalia.org\/pt-pt\/wp-json\/wp\/v2\/product\/36228","targetHints":{"allow":["GET"]}}],"collection":[{"href":"https:\/\/olemosaic.orbitalia.org\/pt-pt\/wp-json\/wp\/v2\/product"}],"about":[{"href":"https:\/\/olemosaic.orbitalia.org\/pt-pt\/wp-json\/wp\/v2\/types\/product"}],"wp:featuredmedia":[{"embeddable":true,"href":"https:\/\/olemosaic.orbitalia.org\/pt-pt\/wp-json\/wp\/v2\/media\/12529"}],"wp:attachment":[{"href":"https:\/\/olemosaic.orbitalia.org\/pt-pt\/wp-json\/wp\/v2\/media?parent=36228"}],"wp:term":[{"taxonomy":"product_brand","embeddable":true,"href":"https:\/\/olemosaic.orbitalia.org\/pt-pt\/wp-json\/wp\/v2\/product_brand?post=36228"},{"taxonomy":"product_cat","embeddable":true,"href":"https:\/\/olemosaic.orbitalia.org\/pt-pt\/wp-json\/wp\/v2\/product_cat?post=36228"},{"taxonomy":"product_tag","embeddable":true,"href":"https:\/\/olemosaic.orbitalia.org\/pt-pt\/wp-json\/wp\/v2\/product_tag?post=36228"}],"curies":[{"name":"wp","href":"https:\/\/api.w.org\/{rel}","templated":true}]}}