{"id":36226,"date":"2025-02-20T23:35:37","date_gmt":"2025-02-20T22:35:37","guid":{"rendered":"https:\/\/olemosaic.orbitalia.org\/producto\/funda-de-telefono-para-samsung-a13-tpu-abstracto-azul-2\/"},"modified":"2025-07-25T20:15:08","modified_gmt":"2025-07-25T18:15:08","slug":"capa-de-telemovel-para-samsung-a13-tpu-abstrato-azul-pt-pt","status":"publish","type":"product","link":"https:\/\/olemosaic.orbitalia.org\/pt-pt\/produto\/capa-de-telemovel-para-samsung-a13-tpu-abstrato-azul-pt-pt\/","title":{"rendered":"Capa de telem\u00f3vel para Samsung A13 (TPU). Abstrato. Azul. Padr\u00e3o de losangos."},"content":{"rendered":"<p>Capa para Samsung A13 &#8211; Design abstrato em tons azuis<\/p>\n<p>Descubra a nossa capa para Samsung A13, fabricada em TPU, que funde funcionalidade e estilo. Este acess\u00f3rio destaca-se pelo seu vibrante design abstrato, onde um cativante padr\u00e3o de losangos em tons azuis degradados se desenrola com eleg\u00e2ncia, conferindo ao seu dispositivo um toque art\u00edstico e din\u00e2mico. A mistura de azul, verde e toques suaves de vermelho e amarelo d\u00e1 vida a um design moderno que n\u00e3o s\u00f3 sobressai, mas tamb\u00e9m se integra perfeitamente em qualquer ambiente.<\/p>\n<p>A capa foi concebida para oferecer uma prote\u00e7\u00e3o duradoura, gra\u00e7as \u00e0 sua camada flex\u00edvel e resistente que absorve impactos e protege o seu smartphone de riscos, quedas e outros danos quotidianos. O seu acabamento suave proporciona um ajuste confort\u00e1vel e seguro, garantindo que o seu telem\u00f3vel esteja acess\u00edvel e seja f\u00e1cil de utilizar. Ideal para quem procura um acess\u00f3rio que n\u00e3o sacrifique a est\u00e9tica pela funcionalidade, esta capa torna-se uma recorda\u00e7\u00e3o perfeita da sua passagem pela vibrante cultura contempor\u00e2nea.<\/p>\n<p>Como distribuidores de souvenirs por grosso na Ol\u00e9 Mosaic, oferecemos uma variedade de produtos \u00fanicos que representam n\u00e3o s\u00f3 a sua qualidade, mas tamb\u00e9m a sua capacidade de ligar os turistas \u00e0 ess\u00eancia das suas viagens. Esta capa \u00e9 uma op\u00e7\u00e3o excecional para lojas de presentes tur\u00edsticos que desejem incorporar produtos \u00fateis e atrativos na sua sele\u00e7\u00e3o de souvenirs tecnol\u00f3gicos.<\/p>\n","protected":false},"excerpt":{"rendered":"<p>Capa para telem\u00f3vel Samsung A13 fabricada em TPU, com um design abstrato em tons azuis e um vibrante padr\u00e3o de losangos. Esta capa combina um estilo moderno e colorido que confere um toque art\u00edstico e din\u00e2mico, ao mesmo tempo que protege o seu dispositivo com uma camada flex\u00edvel e resistente. O seu acabamento suave e atraente assegura um ajuste perfeito e confort\u00e1vel, tornando-a um acess\u00f3rio ideal para quem procura funcionalidade sem renunciar \u00e0 est\u00e9tica.<\/p>\n","protected":false},"featured_media":12530,"template":"","meta":{"_acf_changed":false},"product_brand":[],"product_cat":[685],"product_tag":[],"class_list":{"0":"post-36226","1":"product","2":"type-product","3":"status-publish","4":"has-post-thumbnail","6":"product_cat-capas-para-telemoveis","7":"pa_motivo-resumo","9":"first","10":"instock","11":"shipping-taxable","12":"product-type-simple"},"acf":[],"_links":{"self":[{"href":"https:\/\/olemosaic.orbitalia.org\/pt-pt\/wp-json\/wp\/v2\/product\/36226","targetHints":{"allow":["GET"]}}],"collection":[{"href":"https:\/\/olemosaic.orbitalia.org\/pt-pt\/wp-json\/wp\/v2\/product"}],"about":[{"href":"https:\/\/olemosaic.orbitalia.org\/pt-pt\/wp-json\/wp\/v2\/types\/product"}],"wp:featuredmedia":[{"embeddable":true,"href":"https:\/\/olemosaic.orbitalia.org\/pt-pt\/wp-json\/wp\/v2\/media\/12530"}],"wp:attachment":[{"href":"https:\/\/olemosaic.orbitalia.org\/pt-pt\/wp-json\/wp\/v2\/media?parent=36226"}],"wp:term":[{"taxonomy":"product_brand","embeddable":true,"href":"https:\/\/olemosaic.orbitalia.org\/pt-pt\/wp-json\/wp\/v2\/product_brand?post=36226"},{"taxonomy":"product_cat","embeddable":true,"href":"https:\/\/olemosaic.orbitalia.org\/pt-pt\/wp-json\/wp\/v2\/product_cat?post=36226"},{"taxonomy":"product_tag","embeddable":true,"href":"https:\/\/olemosaic.orbitalia.org\/pt-pt\/wp-json\/wp\/v2\/product_tag?post=36226"}],"curies":[{"name":"wp","href":"https:\/\/api.w.org\/{rel}","templated":true}]}}