{"id":36220,"date":"2025-02-20T23:35:36","date_gmt":"2025-02-20T22:35:36","guid":{"rendered":"https:\/\/olemosaic.orbitalia.org\/producto\/funda-de-telefono-para-samsung-a12-tpu-abstracto-negro-2\/"},"modified":"2025-07-25T20:39:00","modified_gmt":"2025-07-25T18:39:00","slug":"capa-de-telemovel-para-samsung-a12-tpu-abstrato-preto-2","status":"publish","type":"product","link":"https:\/\/olemosaic.orbitalia.org\/pt-pt\/produto\/capa-de-telemovel-para-samsung-a12-tpu-abstrato-preto-2\/","title":{"rendered":"Capa para telem\u00f3vel Samsung A12 (TPU). Abstrato. Estilo nuvens. Preto"},"content":{"rendered":"<p>Capa para Samsung A12 com um design abstrato em tons vivos, um acess\u00f3rio contempor\u00e2neo que une prote\u00e7\u00e3o e estilo. Fabricada em TPU de alta qualidade, esta capa caracteriza-se por um fundo preto que real\u00e7a uma explos\u00e3o de cores vibrantes, com matizes de azul, laranja e rosa que parecem entrela\u00e7ar-se num efeito art\u00edstico, como nuvens de tinta. O design abstrato n\u00e3o s\u00f3 transforma o aspeto do seu dispositivo, como tamb\u00e9m acrescenta um toque de originalidade que atrair\u00e1 a aten\u00e7\u00e3o de quem procura diferenciar-se.<\/p>\n<p>Al\u00e9m do seu apelo visual, esta capa foi concebida para se ajustar na perfei\u00e7\u00e3o ao Samsung A12, proporcionando uma prote\u00e7\u00e3o eficiente contra choques e quedas, garantindo que o seu telem\u00f3vel permane\u00e7a seguro sem renunciar ao estilo. A sua superf\u00edcie suave e flex\u00edvel oferece um toque agrad\u00e1vel e um acabamento elegante que complementa qualquer visual.<\/p>\n<p>Como recorda\u00e7\u00e3o moderna e representativa da criatividade contempor\u00e2nea, esta capa \u00e9 ideal para os turistas que procuram recorda\u00e7\u00f5es \u00fanicas e art\u00edsticas. Na Ol\u00e9 Mosaic, oferecemos produtos aut\u00eanticos que refletem a fus\u00e3o de funcionalidade e est\u00e9tica, perfeitos para lojas de presentes tur\u00edsticos que desejem oferecer artigos distintivos aos seus clientes. Com esta capa de telem\u00f3vel abstrata, n\u00e3o s\u00f3 adquire um protetor, mas tamb\u00e9m uma pe\u00e7a de arte que se destaca pela sua originalidade e atratividade.<\/p>\n","protected":false},"excerpt":{"rendered":"<p>Capa para telem\u00f3vel Samsung A12 fabricada em TPU com um design abstrato e tons vivos. O fundo preto real\u00e7a uma explos\u00e3o de cores vibrantes, com matizes de azul, laranja e rosa que se entrela\u00e7am, criando um efeito de nuvens de tinta. Este acess\u00f3rio moderno e art\u00edstico n\u00e3o s\u00f3 protege o seu dispositivo, como tamb\u00e9m acrescenta um toque contempor\u00e2neo e \u00fanico, ideal para quem procura um estilo distinto e chamativo.<\/p>\n","protected":false},"featured_media":12501,"template":"","meta":{"_acf_changed":false},"product_brand":[],"product_cat":[685],"product_tag":[],"class_list":{"0":"post-36220","1":"product","2":"type-product","3":"status-publish","4":"has-post-thumbnail","6":"product_cat-capas-para-telemoveis","7":"pa_motivo-resumo","9":"first","10":"instock","11":"shipping-taxable","12":"product-type-simple"},"acf":[],"_links":{"self":[{"href":"https:\/\/olemosaic.orbitalia.org\/pt-pt\/wp-json\/wp\/v2\/product\/36220","targetHints":{"allow":["GET"]}}],"collection":[{"href":"https:\/\/olemosaic.orbitalia.org\/pt-pt\/wp-json\/wp\/v2\/product"}],"about":[{"href":"https:\/\/olemosaic.orbitalia.org\/pt-pt\/wp-json\/wp\/v2\/types\/product"}],"wp:featuredmedia":[{"embeddable":true,"href":"https:\/\/olemosaic.orbitalia.org\/pt-pt\/wp-json\/wp\/v2\/media\/12501"}],"wp:attachment":[{"href":"https:\/\/olemosaic.orbitalia.org\/pt-pt\/wp-json\/wp\/v2\/media?parent=36220"}],"wp:term":[{"taxonomy":"product_brand","embeddable":true,"href":"https:\/\/olemosaic.orbitalia.org\/pt-pt\/wp-json\/wp\/v2\/product_brand?post=36220"},{"taxonomy":"product_cat","embeddable":true,"href":"https:\/\/olemosaic.orbitalia.org\/pt-pt\/wp-json\/wp\/v2\/product_cat?post=36220"},{"taxonomy":"product_tag","embeddable":true,"href":"https:\/\/olemosaic.orbitalia.org\/pt-pt\/wp-json\/wp\/v2\/product_tag?post=36220"}],"curies":[{"name":"wp","href":"https:\/\/api.w.org\/{rel}","templated":true}]}}