{"id":36203,"date":"2025-02-20T22:35:35","date_gmt":"2025-02-20T22:35:35","guid":{"rendered":"https:\/\/olemosaic.orbitalia.org\/producto\/funda-de-telefono-para-samsung-a12-tpu-sagrada-familia-barcelona-azul\/"},"modified":"2025-07-25T19:42:00","modified_gmt":"2025-07-25T17:42:00","slug":"capa-para-telemovel-samsung-a12-tpu-sagrada-familia-barcelona-azul","status":"publish","type":"product","link":"https:\/\/olemosaic.orbitalia.org\/pt-pt\/produto\/capa-para-telemovel-samsung-a12-tpu-sagrada-familia-barcelona-azul\/","title":{"rendered":"Capa para telem\u00f3vel Samsung A12 (TPU). Sagrada Fam\u00edlia. Barcelona. Azul"},"content":{"rendered":"<p>Capa para Samsung A12 com ilustra\u00e7\u00e3o da Sagrada Fam\u00edlia de Barcelona. Esta capa elegante, elaborada em TPU de alta qualidade, oferece uma prote\u00e7\u00e3o duradoura e estilizada para o seu dispositivo. Apresenta uma ilustra\u00e7\u00e3o vibrante da emblem\u00e1tica Sagrada Fam\u00edlia, um dos monumentos mais representativos de Barcelona, com as suas torres distintivas que parecem tocar o c\u00e9u. A paleta colorida de azuis e tons quentes real\u00e7a o intrincado design modernista do edif\u00edcio, enquanto os detalhes estilizados acrescentam um toque art\u00edstico que cativa. A palavra &#8220;Barcelona&#8221;, inscrita com uma tipografia elegante, complementa o design e refor\u00e7a a liga\u00e7\u00e3o cultural com a cidade.<\/p>\n<p>Esta capa n\u00e3o \u00e9 apenas um acess\u00f3rio funcional, mas uma homenagem \u00e0 criatividade de Antoni Gaud\u00ed e \u00e0 rica arquitetura da capital catal\u00e3. \u00c9 uma lembran\u00e7a perfeita para os turistas que desejam levar um peda\u00e7o de Barcelona consigo, pois oferece uma combina\u00e7\u00e3o de estilo e prote\u00e7\u00e3o. Na Ol\u00e9 Mosaic, como grossistas de recorda\u00e7\u00f5es, fornecemos artigos aut\u00eanticos que celebram a cultura espanhola, e esta capa \u00e9 uma op\u00e7\u00e3o ideal para lojas de recorda\u00e7\u00f5es tur\u00edsticas que procuram oferecer produtos representativos e de qualidade.<\/p>\n","protected":false},"excerpt":{"rendered":"<p>Capa para telem\u00f3vel Samsung A12 fabricada em TPU, com uma ilustra\u00e7\u00e3o vibrante da Sagrada Fam\u00edlia de Barcelona. Esta capa original destaca-se pelas suas cores azuis e quentes, que refletem o design caracter\u00edstico do famoso monumento. Com um acabamento que inclui detalhes estilizados e a palavra &#8220;Barcelona&#8221; em letras elegantes, esta capa n\u00e3o s\u00f3 protege o seu telem\u00f3vel, como tamb\u00e9m \u00e9 uma bonita homenagem \u00e0 arquitetura modernista da cidade.<\/p>\n","protected":false},"featured_media":12493,"template":"","meta":{"_acf_changed":false},"product_brand":[],"product_cat":[685],"product_tag":[],"class_list":{"0":"post-36203","1":"product","2":"type-product","3":"status-publish","4":"has-post-thumbnail","6":"product_cat-capas-para-telemoveis","7":"pa_ciudad-barcelona","8":"pa_motivo-sagrada-familia","9":"pa_pais-espana","11":"first","12":"instock","13":"shipping-taxable","14":"product-type-simple"},"acf":[],"_links":{"self":[{"href":"https:\/\/olemosaic.orbitalia.org\/pt-pt\/wp-json\/wp\/v2\/product\/36203","targetHints":{"allow":["GET"]}}],"collection":[{"href":"https:\/\/olemosaic.orbitalia.org\/pt-pt\/wp-json\/wp\/v2\/product"}],"about":[{"href":"https:\/\/olemosaic.orbitalia.org\/pt-pt\/wp-json\/wp\/v2\/types\/product"}],"wp:featuredmedia":[{"embeddable":true,"href":"https:\/\/olemosaic.orbitalia.org\/pt-pt\/wp-json\/wp\/v2\/media\/12493"}],"wp:attachment":[{"href":"https:\/\/olemosaic.orbitalia.org\/pt-pt\/wp-json\/wp\/v2\/media?parent=36203"}],"wp:term":[{"taxonomy":"product_brand","embeddable":true,"href":"https:\/\/olemosaic.orbitalia.org\/pt-pt\/wp-json\/wp\/v2\/product_brand?post=36203"},{"taxonomy":"product_cat","embeddable":true,"href":"https:\/\/olemosaic.orbitalia.org\/pt-pt\/wp-json\/wp\/v2\/product_cat?post=36203"},{"taxonomy":"product_tag","embeddable":true,"href":"https:\/\/olemosaic.orbitalia.org\/pt-pt\/wp-json\/wp\/v2\/product_tag?post=36203"}],"curies":[{"name":"wp","href":"https:\/\/api.w.org\/{rel}","templated":true}]}}