{"id":36183,"date":"2025-02-20T22:35:33","date_gmt":"2025-02-20T22:35:33","guid":{"rendered":"https:\/\/olemosaic.orbitalia.org\/producto\/funda-de-telefono-para-iphone-15-promax-tpu-salamandra-barcelona-negro\/"},"modified":"2025-07-25T18:59:23","modified_gmt":"2025-07-25T16:59:23","slug":"capa-de-telemovel-para-iphone-15-pro-max-tpu-salamandra-barcelona-preto","status":"publish","type":"product","link":"https:\/\/olemosaic.orbitalia.org\/pt-pt\/produto\/capa-de-telemovel-para-iphone-15-pro-max-tpu-salamandra-barcelona-preto\/","title":{"rendered":"Capa de telem\u00f3vel para iPhone 15 Pro Max (TPU). Salamandra. Barcelona. Preto"},"content":{"rendered":"<p>Capa para iPhone 15 Pro Max inspirada na rica biodiversidade barcelonesa. Esta pe\u00e7a \u00fanica, elaborada em TPU \u2014 um material conhecido pela sua resist\u00eancia e flexibilidade \u2014, apresenta um design surpreendente. O fundo preto contrasta maravilhosamente com salamandras e flores de cores vivas, evocando a vibrante ess\u00eancia da cidade condal. Os chamativos detalhes em verde, azul e vermelho conferem um ar moderno e atraente, ao mesmo tempo que representam a diversidade cultural e natural de Barcelona. A palavra \u00abBarcelona\u00bb \u00e9 impressa com eleg\u00e2ncia na parte inferior, um toque extra de identifica\u00e7\u00e3o local que encantar\u00e1 turistas e barceloneses por igual.<\/p>\n<p>Este design captura a ess\u00eancia da fauna mediterr\u00e2nica, simbolizando a liga\u00e7\u00e3o da cidade com o seu ambiente e a sua rica heran\u00e7a cultural. A salamandra, uma personagem emblem\u00e1tica da arte e da mitologia da regi\u00e3o, torna-se o elemento focal que d\u00e1 vida a esta capa, transformando-a numa aut\u00eantica lembran\u00e7a. Na Ol\u00e9 Mosaic, comprometemo-nos a oferecer produtos aut\u00eanticos que reflitam a riqueza cultural de cada regi\u00e3o. Esta capa n\u00e3o s\u00f3 protege o seu dispositivo, como \u00e9 uma excelente op\u00e7\u00e3o para quem procura lembran\u00e7as de Barcelona, combinando estilo e praticidade. Ideal para lojas de presentes tur\u00edsticos que desejem oferecer produtos de qualidade com car\u00e1ter aut\u00eantico.<\/p>\n","protected":false},"excerpt":{"rendered":"<p>Capa de telem\u00f3vel para iPhone 15 Pro Max fabricada em TPU, decorada com salamandras e flores coloridas que evocam a vibrante ess\u00eancia de Barcelona. O seu fundo preto real\u00e7a os chamativos detalhes em verde, azul e vermelho, proporcionando um design moderno e atraente. A palavra &#8220;Barcelona&#8221; \u00e9 impressa com estilo na parte inferior, acrescentando um toque extra de identidade local. Ideal para quem procura prote\u00e7\u00e3o e estilo no seu dispositivo m\u00f3vel.<\/p>\n","protected":false},"featured_media":12479,"template":"","meta":{"_acf_changed":false},"product_brand":[],"product_cat":[685],"product_tag":[516],"class_list":{"0":"post-36183","1":"product","2":"type-product","3":"status-publish","4":"has-post-thumbnail","6":"product_cat-capas-para-telemoveis","7":"product_tag-animais","8":"pa_ciudad-barcelona","9":"pa_motivo-salamandras","10":"pa_pais-espana","12":"first","13":"instock","14":"shipping-taxable","15":"product-type-simple"},"acf":[],"_links":{"self":[{"href":"https:\/\/olemosaic.orbitalia.org\/pt-pt\/wp-json\/wp\/v2\/product\/36183","targetHints":{"allow":["GET"]}}],"collection":[{"href":"https:\/\/olemosaic.orbitalia.org\/pt-pt\/wp-json\/wp\/v2\/product"}],"about":[{"href":"https:\/\/olemosaic.orbitalia.org\/pt-pt\/wp-json\/wp\/v2\/types\/product"}],"wp:featuredmedia":[{"embeddable":true,"href":"https:\/\/olemosaic.orbitalia.org\/pt-pt\/wp-json\/wp\/v2\/media\/12479"}],"wp:attachment":[{"href":"https:\/\/olemosaic.orbitalia.org\/pt-pt\/wp-json\/wp\/v2\/media?parent=36183"}],"wp:term":[{"taxonomy":"product_brand","embeddable":true,"href":"https:\/\/olemosaic.orbitalia.org\/pt-pt\/wp-json\/wp\/v2\/product_brand?post=36183"},{"taxonomy":"product_cat","embeddable":true,"href":"https:\/\/olemosaic.orbitalia.org\/pt-pt\/wp-json\/wp\/v2\/product_cat?post=36183"},{"taxonomy":"product_tag","embeddable":true,"href":"https:\/\/olemosaic.orbitalia.org\/pt-pt\/wp-json\/wp\/v2\/product_tag?post=36183"}],"curies":[{"name":"wp","href":"https:\/\/api.w.org\/{rel}","templated":true}]}}