{"id":36182,"date":"2025-02-20T22:35:33","date_gmt":"2025-02-20T22:35:33","guid":{"rendered":"https:\/\/olemosaic.orbitalia.org\/producto\/funda-de-telefono-para-iphone-15-promax-tpu-gato-barcelona-negro\/"},"modified":"2025-07-25T23:36:56","modified_gmt":"2025-07-25T21:36:56","slug":"capa-de-telemovel-para-iphone-15-pro-max-tpu-gato-barcelona-preto","status":"publish","type":"product","link":"https:\/\/olemosaic.orbitalia.org\/pt-pt\/produto\/capa-de-telemovel-para-iphone-15-pro-max-tpu-gato-barcelona-preto\/","title":{"rendered":"Capa de telem\u00f3vel para iPhone 15 Pro Max (TPU). Gato. Barcelona. Preto"},"content":{"rendered":"<p>Capa de telem\u00f3vel para iPhone 15 Pro Max desenhada com um vibrante gato estilizado que evoca a ess\u00eancia art\u00edstica de Barcelona. Esta capa, elaborada em TPU preto, apresenta um design atraente que se destaca pelo seu motivo colorido: um gato de formas geom\u00e9tricas em tons vibrantes de azul, vermelho, amarelo e verde. Este simp\u00e1tico felino est\u00e1 rodeado de borboletas de cores exuberantes, que complementam a alegria e o dinamismo da ilustra\u00e7\u00e3o. A palavra &#8220;Barcelona&#8221; est\u00e1 elegantemente impressa na parte inferior, acrescentando um toque pessoal que liga o produto \u00e0 rica tradi\u00e7\u00e3o cultural da cidade.<\/p>\n<p>O TPU preto n\u00e3o s\u00f3 proporciona uma est\u00e9tica moderna e elegante, como tamb\u00e9m oferece uma excelente prote\u00e7\u00e3o para o seu dispositivo, garantindo que esteja a salvo de impactos e quedas. Esta capa n\u00e3o \u00e9 apenas uma pe\u00e7a de moda, mas uma aut\u00eantica recorda\u00e7\u00e3o de Barcelona, ideal para aqueles que desejem levar consigo um fragmento da arte e da criatividade que caracteriza a metr\u00f3pole catal\u00e3. Na Ol\u00e9 Mosaic, compreendemos a import\u00e2ncia das recorda\u00e7\u00f5es aut\u00eanticas, e esta capa de telem\u00f3vel \u00e9 perfeita para lojas de presentes tur\u00edsticos que procuram lembran\u00e7as \u00fanicas e relevantes. Como grossistas de acess\u00f3rios, os nossos produtos destacam-se pela sua qualidade e design, que prestam homenagem \u00e0 vibrante cultura espanhola e \u00e0 sua capital, Barcelona.<\/p>\n","protected":false},"excerpt":{"rendered":"<p>Capa para telem\u00f3vel desenhada para iPhone 15 Pro Max, fabricada em TPU preto, que se destaca pelo seu design colorido de um gato estilizado. A ilustra\u00e7\u00e3o apresenta um gato em tons vibrantes de azul, vermelho, amarelo e verde, rodeado de borboletas exuberantes. A palavra &#8220;Barcelona&#8221; est\u00e1 elegantemente impressa na parte inferior, evocando a ess\u00eancia art\u00edstica da cidade. Esta capa combina prote\u00e7\u00e3o e um design atraente que reflete a criatividade barcelonesa.<\/p>\n","protected":false},"featured_media":12480,"template":"","meta":{"_acf_changed":false},"product_brand":[],"product_cat":[685],"product_tag":[516],"class_list":{"0":"post-36182","1":"product","2":"type-product","3":"status-publish","4":"has-post-thumbnail","6":"product_cat-capas-para-telemoveis","7":"product_tag-animais","8":"pa_ciudad-barcelona","9":"pa_motivo-gatos","10":"pa_pais-espana","12":"first","13":"instock","14":"shipping-taxable","15":"product-type-simple"},"acf":[],"_links":{"self":[{"href":"https:\/\/olemosaic.orbitalia.org\/pt-pt\/wp-json\/wp\/v2\/product\/36182","targetHints":{"allow":["GET"]}}],"collection":[{"href":"https:\/\/olemosaic.orbitalia.org\/pt-pt\/wp-json\/wp\/v2\/product"}],"about":[{"href":"https:\/\/olemosaic.orbitalia.org\/pt-pt\/wp-json\/wp\/v2\/types\/product"}],"wp:featuredmedia":[{"embeddable":true,"href":"https:\/\/olemosaic.orbitalia.org\/pt-pt\/wp-json\/wp\/v2\/media\/12480"}],"wp:attachment":[{"href":"https:\/\/olemosaic.orbitalia.org\/pt-pt\/wp-json\/wp\/v2\/media?parent=36182"}],"wp:term":[{"taxonomy":"product_brand","embeddable":true,"href":"https:\/\/olemosaic.orbitalia.org\/pt-pt\/wp-json\/wp\/v2\/product_brand?post=36182"},{"taxonomy":"product_cat","embeddable":true,"href":"https:\/\/olemosaic.orbitalia.org\/pt-pt\/wp-json\/wp\/v2\/product_cat?post=36182"},{"taxonomy":"product_tag","embeddable":true,"href":"https:\/\/olemosaic.orbitalia.org\/pt-pt\/wp-json\/wp\/v2\/product_tag?post=36182"}],"curies":[{"name":"wp","href":"https:\/\/api.w.org\/{rel}","templated":true}]}}