{"id":36129,"date":"2025-02-20T22:35:30","date_gmt":"2025-02-20T22:35:30","guid":{"rendered":"https:\/\/olemosaic.orbitalia.org\/producto\/funda-de-telefono-para-iphone-15-pro-tpu-gato-barcelona-negro\/"},"modified":"2025-07-25T18:51:00","modified_gmt":"2025-07-25T16:51:00","slug":"capa-para-telemovel-iphone-15-pro-tpu-gato-barcelona-preto","status":"publish","type":"product","link":"https:\/\/olemosaic.orbitalia.org\/pt-pt\/produto\/capa-para-telemovel-iphone-15-pro-tpu-gato-barcelona-preto\/","title":{"rendered":"Capa para telem\u00f3vel para iPhone 15 Pro (TPU). Gato. Barcelona. Preto"},"content":{"rendered":"<p>Capa para iPhone 15 Pro com um vibrante design de gato mosaico de Barcelona. Esta capa, altamente protetora, \u00e9 fabricada em TPU, um material flex\u00edvel e resistente que oferece uma excelente prote\u00e7\u00e3o contra choques e quedas, sem impedir o acesso aos bot\u00f5es e portas do dispositivo. O design atraente destaca-se sobre um fundo preto que real\u00e7a a imagem de um gato colorido, cujo corpo \u00e9 desenhado com um estilo mosaico, evocando a famosa obra de arte de Antoni Gaud\u00ed que caracteriza a cidade. Borboletas em tons amarelos e vermelhos esvoa\u00e7am ao redor do gato, adicionando um toque din\u00e2mico e art\u00edstico \u00e0 composi\u00e7\u00e3o.<\/p>\n<p>O texto &#8220;Barcelona&#8221;, numa tipografia elegante, convida a levar um peda\u00e7o desta incr\u00edvel cidade para todo o lado. Este design n\u00e3o s\u00f3 oferece uma est\u00e9tica moderna e \u00fanica, como tamb\u00e9m se liga profundamente \u00e0 cultura local, representando a criatividade e o engenho da metr\u00f3pole catal\u00e3. \u00c9 uma recorda\u00e7\u00e3o perfeita para turistas que procuram uma prote\u00e7\u00e3o funcional com um distintivo car\u00e1ter art\u00edstico, bem como uma lembran\u00e7a representativa da sua visita a Barcelona. Na Ol\u00e9 Mosaic, orgulhamo-nos de distribuir artigos aut\u00eanticos e criativos, o que torna esta capa uma excelente op\u00e7\u00e3o para lojas de presentes tur\u00edsticos que desejem oferecer produtos de qualidade e com significado cultural.<\/p>\n","protected":false},"excerpt":{"rendered":"<p>Capa para iPhone 15 Pro fabricada em TPU, com um design atraente de um gato colorido ao estilo mosaico barcelon\u00eas. A capa, com fundo preto, real\u00e7a a vibrante representa\u00e7\u00e3o do gato, adornado com borboletas amarelas e vermelhas, e o texto \u00abBarcelona\u00bb numa tipografia elegante. Ideal para quem procura uma prote\u00e7\u00e3o moderna e um toque art\u00edstico que evoca a criatividade \u00fanica da cidade.<\/p>\n","protected":false},"featured_media":12460,"template":"","meta":{"_acf_changed":false},"product_brand":[],"product_cat":[685],"product_tag":[516],"class_list":{"0":"post-36129","1":"product","2":"type-product","3":"status-publish","4":"has-post-thumbnail","6":"product_cat-capas-para-telemoveis","7":"product_tag-animais","8":"pa_ciudad-barcelona","9":"pa_motivo-gatos","10":"pa_pais-espana","12":"first","13":"instock","14":"shipping-taxable","15":"product-type-simple"},"acf":[],"_links":{"self":[{"href":"https:\/\/olemosaic.orbitalia.org\/pt-pt\/wp-json\/wp\/v2\/product\/36129","targetHints":{"allow":["GET"]}}],"collection":[{"href":"https:\/\/olemosaic.orbitalia.org\/pt-pt\/wp-json\/wp\/v2\/product"}],"about":[{"href":"https:\/\/olemosaic.orbitalia.org\/pt-pt\/wp-json\/wp\/v2\/types\/product"}],"wp:featuredmedia":[{"embeddable":true,"href":"https:\/\/olemosaic.orbitalia.org\/pt-pt\/wp-json\/wp\/v2\/media\/12460"}],"wp:attachment":[{"href":"https:\/\/olemosaic.orbitalia.org\/pt-pt\/wp-json\/wp\/v2\/media?parent=36129"}],"wp:term":[{"taxonomy":"product_brand","embeddable":true,"href":"https:\/\/olemosaic.orbitalia.org\/pt-pt\/wp-json\/wp\/v2\/product_brand?post=36129"},{"taxonomy":"product_cat","embeddable":true,"href":"https:\/\/olemosaic.orbitalia.org\/pt-pt\/wp-json\/wp\/v2\/product_cat?post=36129"},{"taxonomy":"product_tag","embeddable":true,"href":"https:\/\/olemosaic.orbitalia.org\/pt-pt\/wp-json\/wp\/v2\/product_tag?post=36129"}],"curies":[{"name":"wp","href":"https:\/\/api.w.org\/{rel}","templated":true}]}}