{"id":36128,"date":"2025-02-20T22:35:30","date_gmt":"2025-02-20T22:35:30","guid":{"rendered":"https:\/\/olemosaic.orbitalia.org\/producto\/funda-de-telefono-para-iphone-15-pro-tpu-salamandra-barcelona-blanco\/"},"modified":"2025-07-25T22:46:40","modified_gmt":"2025-07-25T20:46:40","slug":"capa-de-telemovel-para-iphone-15-pro-tpu-salamandra-barcelona-branco","status":"publish","type":"product","link":"https:\/\/olemosaic.orbitalia.org\/pt-pt\/produto\/capa-de-telemovel-para-iphone-15-pro-tpu-salamandra-barcelona-branco\/","title":{"rendered":"Capa de telem\u00f3vel para iPhone 15 Pro (TPU). Salamandra. Barcelona. Branco"},"content":{"rendered":"<p>Capa para iPhone 15 Pro com design de salamandras e flores de Barcelona. Esta capa, fabricada em TPU de alta qualidade, n\u00e3o s\u00f3 protege o seu dispositivo, como tamb\u00e9m \u00e9 uma obra de arte em si mesma. Apresenta uma ilustra\u00e7\u00e3o vibrante que evoca o famoso mosaico colorido que adorna a cidade, destacando chamativas salamandras em tons vermelhos, azuis e verdes, acompanhadas de delicadas flores. Sobre um fundo branco, cada detalhe ganha vida, levando a ess\u00eancia de Barcelona diretamente ao utilizador. A tipografia alegre da palavra &#8220;Barcelona&#8221; acrescenta um toque l\u00fadico e contempor\u00e2neo, tornando esta capa um acess\u00f3rio tanto funcional como decorativo.<\/p>\n<p>Este produto \u00e9 um souvenir perfeito de Barcelona, que encapsula a vibrante cultura e a arte modernista catal\u00e3 em cada detalhe. A salamandra, s\u00edmbolo de transforma\u00e7\u00e3o e vitalidade, entrela\u00e7a-se com motivos florais, criando um design que celebra a diversidade e a rica hist\u00f3ria da cidade. Ideal para turistas que procuram uma recorda\u00e7\u00e3o aut\u00eantica e representativa da sua visita, esta capa \u00e9 uma excelente op\u00e7\u00e3o para lojas de presentes tur\u00edsticos. Na Ol\u00e9 Mosaic, como grossista de acess\u00f3rios, garantimos a qualidade e autenticidade de cada produto, proporcionando aos nossos clientes a oportunidade de oferecer souvenirs \u00fanicos que ligam \u00e0 cultura local.<\/p>\n","protected":false},"excerpt":{"rendered":"<p>Capa de telem\u00f3vel para iPhone 15 Pro fabricada em TPU, adornada com uma vibrante ilustra\u00e7\u00e3o de salamandras e flores que evoca o colorido mosaico de Barcelona. O design, sobre um fundo branco, real\u00e7a as cores vivas dos motivos: salamandras em diversos tons com detalhes florais vermelhos, azuis e verdes. A palavra &#8220;Barcelona&#8221; aparece numa tipografia alegre, tornando esta capa um acess\u00f3rio funcional e art\u00edstico.<\/p>\n","protected":false},"featured_media":12443,"template":"","meta":{"_acf_changed":false},"product_brand":[],"product_cat":[685],"product_tag":[516],"class_list":{"0":"post-36128","1":"product","2":"type-product","3":"status-publish","4":"has-post-thumbnail","6":"product_cat-capas-para-telemoveis","7":"product_tag-animais","8":"pa_ciudad-barcelona","9":"pa_motivo-salamandras","10":"pa_pais-espana","12":"first","13":"instock","14":"shipping-taxable","15":"product-type-simple"},"acf":[],"_links":{"self":[{"href":"https:\/\/olemosaic.orbitalia.org\/pt-pt\/wp-json\/wp\/v2\/product\/36128","targetHints":{"allow":["GET"]}}],"collection":[{"href":"https:\/\/olemosaic.orbitalia.org\/pt-pt\/wp-json\/wp\/v2\/product"}],"about":[{"href":"https:\/\/olemosaic.orbitalia.org\/pt-pt\/wp-json\/wp\/v2\/types\/product"}],"wp:featuredmedia":[{"embeddable":true,"href":"https:\/\/olemosaic.orbitalia.org\/pt-pt\/wp-json\/wp\/v2\/media\/12443"}],"wp:attachment":[{"href":"https:\/\/olemosaic.orbitalia.org\/pt-pt\/wp-json\/wp\/v2\/media?parent=36128"}],"wp:term":[{"taxonomy":"product_brand","embeddable":true,"href":"https:\/\/olemosaic.orbitalia.org\/pt-pt\/wp-json\/wp\/v2\/product_brand?post=36128"},{"taxonomy":"product_cat","embeddable":true,"href":"https:\/\/olemosaic.orbitalia.org\/pt-pt\/wp-json\/wp\/v2\/product_cat?post=36128"},{"taxonomy":"product_tag","embeddable":true,"href":"https:\/\/olemosaic.orbitalia.org\/pt-pt\/wp-json\/wp\/v2\/product_tag?post=36128"}],"curies":[{"name":"wp","href":"https:\/\/api.w.org\/{rel}","templated":true}]}}