{"id":36119,"date":"2025-02-20T23:35:28","date_gmt":"2025-02-20T22:35:28","guid":{"rendered":"https:\/\/olemosaic.orbitalia.org\/producto\/funda-de-telefono-para-iphone-15-tpu-abstracto-negro-2\/"},"modified":"2025-07-25T18:49:42","modified_gmt":"2025-07-25T16:49:42","slug":"capa-de-telemovel-para-iphone-15-tpu-abstrato-preto-2","status":"publish","type":"product","link":"https:\/\/olemosaic.orbitalia.org\/pt-pt\/produto\/capa-de-telemovel-para-iphone-15-tpu-abstrato-preto-2\/","title":{"rendered":"Capa de telem\u00f3vel para iPhone 15 (TPU). Abstrato. Diversas cores. Fundo Preto."},"content":{"rendered":"<p>Capa para iPhone 15 com um design abstrato e contempor\u00e2neo. Esta capa, elaborada em TPU de alta qualidade, apresenta um fundo preto que contrasta na perfei\u00e7\u00e3o com uma explos\u00e3o de cores vibrantes, onde os tons azuis, laranjas e rosas se entrela\u00e7am em formas fluidas e din\u00e2micas. Cada olhar para a capa revela um efeito visual atraente que cativa e destaca a criatividade do design art\u00edstico. N\u00e3o s\u00f3 oferece uma prote\u00e7\u00e3o eficaz contra golpes e riscos, como tamb\u00e9m transforma o seu dispositivo numa pe\u00e7a de arte port\u00e1til, ideal para quem valoriza tanto o estilo como a funcionalidade.<\/p>\n<p>A versatilidade desta capa torna-a o presente perfeito para turistas que procuram uma recorda\u00e7\u00e3o que represente a modernidade e a arte contempor\u00e2nea. No contexto cultural espanhol, a combina\u00e7\u00e3o de cores e formas fluidas reflete a inova\u00e7\u00e3o que caracteriza a cena art\u00edstica atual, fazendo deste produto uma recorda\u00e7\u00e3o significativa e aut\u00eantica. Na Ol\u00e9 Mosaic dedicamo-nos \u00e0 distribui\u00e7\u00e3o de recorda\u00e7\u00f5es por grosso, oferecendo produtos aut\u00eanticos e de qualidade, como esta capa que n\u00e3o s\u00f3 proteger\u00e1 o iPhone 15, como tamb\u00e9m permitir\u00e1 a cada turista levar consigo um peda\u00e7o de arte espanhola.<\/p>\n","protected":false},"excerpt":{"rendered":"<p>Capa para iPhone 15 fabricada em TPU com um design abstrato que se destaca pelo seu fundo preto. A superf\u00edcie apresenta uma explos\u00e3o de cores vibrantes, com tons azuis, laranjas e rosas entrela\u00e7ados em formas fluidas e din\u00e2micas, criando um efeito visual atraente. Este acess\u00f3rio n\u00e3o s\u00f3 protege o telem\u00f3vel, como tamb\u00e9m lhe confere um toque art\u00edstico e contempor\u00e2neo, ideal para quem procura estilo e funcionalidade.<\/p>\n","protected":false},"featured_media":12441,"template":"","meta":{"_acf_changed":false},"product_brand":[],"product_cat":[685],"product_tag":[],"class_list":{"0":"post-36119","1":"product","2":"type-product","3":"status-publish","4":"has-post-thumbnail","6":"product_cat-capas-para-telemoveis","7":"pa_motivo-resumo","9":"first","10":"instock","11":"shipping-taxable","12":"product-type-simple"},"acf":[],"_links":{"self":[{"href":"https:\/\/olemosaic.orbitalia.org\/pt-pt\/wp-json\/wp\/v2\/product\/36119","targetHints":{"allow":["GET"]}}],"collection":[{"href":"https:\/\/olemosaic.orbitalia.org\/pt-pt\/wp-json\/wp\/v2\/product"}],"about":[{"href":"https:\/\/olemosaic.orbitalia.org\/pt-pt\/wp-json\/wp\/v2\/types\/product"}],"wp:featuredmedia":[{"embeddable":true,"href":"https:\/\/olemosaic.orbitalia.org\/pt-pt\/wp-json\/wp\/v2\/media\/12441"}],"wp:attachment":[{"href":"https:\/\/olemosaic.orbitalia.org\/pt-pt\/wp-json\/wp\/v2\/media?parent=36119"}],"wp:term":[{"taxonomy":"product_brand","embeddable":true,"href":"https:\/\/olemosaic.orbitalia.org\/pt-pt\/wp-json\/wp\/v2\/product_brand?post=36119"},{"taxonomy":"product_cat","embeddable":true,"href":"https:\/\/olemosaic.orbitalia.org\/pt-pt\/wp-json\/wp\/v2\/product_cat?post=36119"},{"taxonomy":"product_tag","embeddable":true,"href":"https:\/\/olemosaic.orbitalia.org\/pt-pt\/wp-json\/wp\/v2\/product_tag?post=36119"}],"curies":[{"name":"wp","href":"https:\/\/api.w.org\/{rel}","templated":true}]}}