{"id":36101,"date":"2025-02-20T22:35:28","date_gmt":"2025-02-20T22:35:28","guid":{"rendered":"https:\/\/olemosaic.orbitalia.org\/producto\/funda-de-telefono-para-iphone-15-tpu-panoramica-barcelona-blanco\/"},"modified":"2025-07-25T19:52:57","modified_gmt":"2025-07-25T17:52:57","slug":"capa-para-telemovel-para-iphone-15-tpu-panoramica-barcelona-branco","status":"publish","type":"product","link":"https:\/\/olemosaic.orbitalia.org\/pt-pt\/produto\/capa-para-telemovel-para-iphone-15-tpu-panoramica-barcelona-branco\/","title":{"rendered":"Capa para telem\u00f3vel para iPhone 15 (TPU). Panor\u00e2mica. Barcelona. Branco"},"content":{"rendered":"<p>Capa para iPhone 15 com design panor\u00e2mico de Barcelona. Esta atraente capa, fabricada em TPU, oferece uma excelente durabilidade e prote\u00e7\u00e3o para o seu dispositivo. O seu design vibrante inclui elementos ic\u00f3nicos da cidade, como a majestosa Sagrada Fam\u00edlia e os coloridos mosaicos do Parque G\u00fcell, evocando a ess\u00eancia art\u00edstica e cultural de Barcelona. A ilustra\u00e7\u00e3o, com a sua paleta de cores brilhantes, destaca-se sobre o fundo branco, criando um efeito visual cativante.<\/p>\n<p>Este souvenir de Barcelona n\u00e3o s\u00f3 protege o seu telem\u00f3vel, como tamb\u00e9m \u00e9 uma declara\u00e7\u00e3o de estilo e uma pe\u00e7a para iniciar conversas. A Sagrada Fam\u00edlia, com os seus intrincados detalhes arquitet\u00f3nicos, simboliza a criatividade e vis\u00e3o de Antoni Gaud\u00ed, enquanto os mosaicos do Parque G\u00fcell representam a alegria e a cor que caraterizam a cidade. A liga\u00e7\u00e3o cultural deste produto torna-o uma recorda\u00e7\u00e3o genu\u00edna, perfeita para aqueles que desejam levar um peda\u00e7o de Barcelona para casa.<\/p>\n<p>Na Ol\u00e9 Mosaic, especializamo-nos na distribui\u00e7\u00e3o de souvenirs por grosso, oferecendo produtos aut\u00eanticos que celebram a rica heran\u00e7a cultural de Espanha. Esta capa de telem\u00f3vel \u00e9 uma excelente op\u00e7\u00e3o para lojas de presentes tur\u00edsticos que procuram artigos \u00fanicos e significativos, garantindo assim uma liga\u00e7\u00e3o emocional com os visitantes. Como grossista de capas, asseguramos qualidade e estilo em cada pe\u00e7a.<\/p>\n","protected":false},"excerpt":{"rendered":"<p>Capa de telem\u00f3vel para iPhone 15 fabricada em TPU com um design panor\u00e2mico de Barcelona. Esta capa destaca-se pela sua chamativa ilustra\u00e7\u00e3o que incorpora elementos ic\u00f3nicos da cidade, como a Sagrada Fam\u00edlia e o mosaico do Park G\u00fcell, tudo num estilo vibrante e colorido. O fundo branco real\u00e7a os tons brilhantes da obra, capturando a ess\u00eancia art\u00edstica de Barcelona, enquanto o seu material protetor assegura durabilidade e um ajuste perfeito.<\/p>\n","protected":false},"featured_media":12427,"template":"","meta":{"_acf_changed":false},"product_brand":[],"product_cat":[685],"product_tag":[],"class_list":{"0":"post-36101","1":"product","2":"type-product","3":"status-publish","4":"has-post-thumbnail","6":"product_cat-capas-para-telemoveis","7":"pa_ciudad-barcelona","8":"pa_motivo-panoramas","9":"pa_pais-espana","11":"first","12":"instock","13":"shipping-taxable","14":"product-type-simple"},"acf":[],"_links":{"self":[{"href":"https:\/\/olemosaic.orbitalia.org\/pt-pt\/wp-json\/wp\/v2\/product\/36101","targetHints":{"allow":["GET"]}}],"collection":[{"href":"https:\/\/olemosaic.orbitalia.org\/pt-pt\/wp-json\/wp\/v2\/product"}],"about":[{"href":"https:\/\/olemosaic.orbitalia.org\/pt-pt\/wp-json\/wp\/v2\/types\/product"}],"wp:featuredmedia":[{"embeddable":true,"href":"https:\/\/olemosaic.orbitalia.org\/pt-pt\/wp-json\/wp\/v2\/media\/12427"}],"wp:attachment":[{"href":"https:\/\/olemosaic.orbitalia.org\/pt-pt\/wp-json\/wp\/v2\/media?parent=36101"}],"wp:term":[{"taxonomy":"product_brand","embeddable":true,"href":"https:\/\/olemosaic.orbitalia.org\/pt-pt\/wp-json\/wp\/v2\/product_brand?post=36101"},{"taxonomy":"product_cat","embeddable":true,"href":"https:\/\/olemosaic.orbitalia.org\/pt-pt\/wp-json\/wp\/v2\/product_cat?post=36101"},{"taxonomy":"product_tag","embeddable":true,"href":"https:\/\/olemosaic.orbitalia.org\/pt-pt\/wp-json\/wp\/v2\/product_tag?post=36101"}],"curies":[{"name":"wp","href":"https:\/\/api.w.org\/{rel}","templated":true}]}}