{"id":36082,"date":"2025-02-20T22:35:27","date_gmt":"2025-02-20T22:35:27","guid":{"rendered":"https:\/\/olemosaic.orbitalia.org\/producto\/funda-de-telefono-para-iphone-15-tpu-abstracto-negro\/"},"modified":"2025-07-25T20:28:01","modified_gmt":"2025-07-25T18:28:01","slug":"capa-de-telemovel-para-iphone-15-tpu-abstrato-preto","status":"publish","type":"product","link":"https:\/\/olemosaic.orbitalia.org\/pt-pt\/produto\/capa-de-telemovel-para-iphone-15-tpu-abstrato-preto\/","title":{"rendered":"Capa de telem\u00f3vel para iPhone 15 (TPU). Abstrato. Preto"},"content":{"rendered":"<p>Capa para iPhone 15 com design abstrato em tons pretos e n\u00e9on. Esta moderna capa, fabricada em TPU, combina estilo e prote\u00e7\u00e3o, apresentando um exuberante padr\u00e3o de linhas onduladas que brincam com tons vibrantes de n\u00e9on sobre um fundo preto profundo. O efeito visual din\u00e2mico que este design cria n\u00e3o s\u00f3 atrai a aten\u00e7\u00e3o, como tamb\u00e9m proporciona uma base perfeita para quem deseja destacar-se com um acess\u00f3rio contempor\u00e2neo e \u00fanico. Com um ajuste preciso para o iPhone 15, esta capa assegura que o seu dispositivo esteja bem protegido contra choques e riscos, sem sacrificar nem um pouco de estilo.<\/p>\n<p>O uso de cores brilhantes e um design abstrato evoca a frescura da cultura moderna, refletindo tend\u00eancias atuais que encantam os jovens e os amantes da est\u00e9tica contempor\u00e2nea. Este souvenir tecnol\u00f3gico \u00e9 ideal para turistas e visitantes que procuram levar para casa algo aut\u00eantico e pr\u00e1tico, que ao mesmo tempo capture a ess\u00eancia vibrante das cidades que exploraram. Na Ol\u00e9 Mosaic, oferecemos esta capa de telem\u00f3vel como parte da nossa ampla gama de souvenirs que combinam funcionalidade e design atraente, perfeitos para lojas de presentes tur\u00edsticos que procuram produtos inovadores e de qualidade. Esta capa \u00e9 uma escolha excecional para quem procura um acess\u00f3rio que ofere\u00e7a tanto prote\u00e7\u00e3o como um impacto visual deslumbrante.<\/p>\n","protected":false},"excerpt":{"rendered":"<p>Capa para iPhone 15, fabricada em TPU, com um design abstrato em tons pretos e n\u00e9on. Esta elegante capa apresenta um exuberante padr\u00e3o de linhas onduladas em cores vibrantes que contrastam com um fundo escuro, criando um efeito visual din\u00e2mico. Ideal para quem procura proteger o seu dispositivo com um estilo moderno e atraente, esta capa combina funcionalidade e est\u00e9tica contempor\u00e2nea num \u00fanico acess\u00f3rio.<\/p>\n","protected":false},"featured_media":12442,"template":"","meta":{"_acf_changed":false},"product_brand":[],"product_cat":[685],"product_tag":[],"class_list":{"0":"post-36082","1":"product","2":"type-product","3":"status-publish","4":"has-post-thumbnail","6":"product_cat-capas-para-telemoveis","7":"pa_motivo-resumo","9":"first","10":"instock","11":"shipping-taxable","12":"product-type-simple"},"acf":[],"_links":{"self":[{"href":"https:\/\/olemosaic.orbitalia.org\/pt-pt\/wp-json\/wp\/v2\/product\/36082","targetHints":{"allow":["GET"]}}],"collection":[{"href":"https:\/\/olemosaic.orbitalia.org\/pt-pt\/wp-json\/wp\/v2\/product"}],"about":[{"href":"https:\/\/olemosaic.orbitalia.org\/pt-pt\/wp-json\/wp\/v2\/types\/product"}],"wp:featuredmedia":[{"embeddable":true,"href":"https:\/\/olemosaic.orbitalia.org\/pt-pt\/wp-json\/wp\/v2\/media\/12442"}],"wp:attachment":[{"href":"https:\/\/olemosaic.orbitalia.org\/pt-pt\/wp-json\/wp\/v2\/media?parent=36082"}],"wp:term":[{"taxonomy":"product_brand","embeddable":true,"href":"https:\/\/olemosaic.orbitalia.org\/pt-pt\/wp-json\/wp\/v2\/product_brand?post=36082"},{"taxonomy":"product_cat","embeddable":true,"href":"https:\/\/olemosaic.orbitalia.org\/pt-pt\/wp-json\/wp\/v2\/product_cat?post=36082"},{"taxonomy":"product_tag","embeddable":true,"href":"https:\/\/olemosaic.orbitalia.org\/pt-pt\/wp-json\/wp\/v2\/product_tag?post=36082"}],"curies":[{"name":"wp","href":"https:\/\/api.w.org\/{rel}","templated":true}]}}