{"id":36076,"date":"2025-02-20T23:35:26","date_gmt":"2025-02-20T22:35:26","guid":{"rendered":"https:\/\/olemosaic.orbitalia.org\/producto\/funda-de-telefono-para-iphone-14-promax-tpu-abstracto-negro-2\/"},"modified":"2025-07-25T20:33:31","modified_gmt":"2025-07-25T18:33:31","slug":"capa-para-telemovel-para-iphone-14-promax-tpu-abstrato-preto-2","status":"publish","type":"product","link":"https:\/\/olemosaic.orbitalia.org\/pt-pt\/produto\/capa-para-telemovel-para-iphone-14-promax-tpu-abstrato-preto-2\/","title":{"rendered":"Capa para telem\u00f3vel para iPhone 14 Pro Max (TPU). Abstrato. Efeito visual. Preto"},"content":{"rendered":"<p>Capa para iPhone 14 Pro Max com design abstrato em TPU. Destaca-se pela sua vibrante mistura de cores, onde tons exuberantes de azul, laranja e f\u00facsia se entrela\u00e7am artisticamente sobre um fundo preto, criando uma apar\u00eancia din\u00e2mica e contempor\u00e2nea que atrair\u00e1 todos os olhares. Fabricada em TPU, a sua flexibilidade garante um ajuste perfeito e uma prote\u00e7\u00e3o duradoura contra golpes e quedas, mantendo o seu telem\u00f3vel seguro e com estilo ao mesmo tempo.<\/p>\n<p>O design abstrato da capa n\u00e3o s\u00f3 reflete um sentido est\u00e9tico atrativo, como tamb\u00e9m evoca a modernidade e a criatividade que caracterizam muitas express\u00f5es art\u00edsticas contempor\u00e2neas. \u00c9 ideal para quem procura um acess\u00f3rio \u00fanico, que sirva como prote\u00e7\u00e3o e tamb\u00e9m como reflexo do seu estilo pessoal.<\/p>\n<p>Como recorda\u00e7\u00e3o aut\u00eantica, esta capa para iPhone n\u00e3o \u00e9 apenas um produto pr\u00e1tico, mas tamb\u00e9m representa a vibrante cultura da arte moderna. Na Ol\u00e9 Mosaic, distribu\u00edmos solu\u00e7\u00f5es elegantes e funcionais por grosso. Esta capa \u00e9 a op\u00e7\u00e3o perfeita para lojas de presentes tur\u00edsticos que desejem oferecer produtos que combinam estilo, prote\u00e7\u00e3o e relev\u00e2ncia cultural num \u00fanico artigo.<\/p>\n","protected":false},"excerpt":{"rendered":"<p>Capa para telem\u00f3vel para iPhone 14 Pro Max fabricada em TPU com um design abstrato. Apresenta uma vibrante mistura de cores, com tons azuis, laranjas e f\u00facsias entrela\u00e7ados sobre um fundo preto, criando uma apar\u00eancia art\u00edstica e din\u00e2mica. O seu material flex\u00edvel proporciona uma prote\u00e7\u00e3o duradoura e um ajuste perfeito ao dispositivo, enquanto o design moderno confere um toque contempor\u00e2neo e \u00fanico que se destacar\u00e1 em qualquer ocasi\u00e3o.<\/p>\n","protected":false},"featured_media":12421,"template":"","meta":{"_acf_changed":false},"product_brand":[],"product_cat":[685],"product_tag":[],"class_list":{"0":"post-36076","1":"product","2":"type-product","3":"status-publish","4":"has-post-thumbnail","6":"product_cat-capas-para-telemoveis","7":"pa_motivo-resumo","9":"first","10":"instock","11":"shipping-taxable","12":"product-type-simple"},"acf":[],"_links":{"self":[{"href":"https:\/\/olemosaic.orbitalia.org\/pt-pt\/wp-json\/wp\/v2\/product\/36076","targetHints":{"allow":["GET"]}}],"collection":[{"href":"https:\/\/olemosaic.orbitalia.org\/pt-pt\/wp-json\/wp\/v2\/product"}],"about":[{"href":"https:\/\/olemosaic.orbitalia.org\/pt-pt\/wp-json\/wp\/v2\/types\/product"}],"wp:featuredmedia":[{"embeddable":true,"href":"https:\/\/olemosaic.orbitalia.org\/pt-pt\/wp-json\/wp\/v2\/media\/12421"}],"wp:attachment":[{"href":"https:\/\/olemosaic.orbitalia.org\/pt-pt\/wp-json\/wp\/v2\/media?parent=36076"}],"wp:term":[{"taxonomy":"product_brand","embeddable":true,"href":"https:\/\/olemosaic.orbitalia.org\/pt-pt\/wp-json\/wp\/v2\/product_brand?post=36076"},{"taxonomy":"product_cat","embeddable":true,"href":"https:\/\/olemosaic.orbitalia.org\/pt-pt\/wp-json\/wp\/v2\/product_cat?post=36076"},{"taxonomy":"product_tag","embeddable":true,"href":"https:\/\/olemosaic.orbitalia.org\/pt-pt\/wp-json\/wp\/v2\/product_tag?post=36076"}],"curies":[{"name":"wp","href":"https:\/\/api.w.org\/{rel}","templated":true}]}}