{"id":36031,"date":"2025-02-20T22:35:24","date_gmt":"2025-02-20T22:35:24","guid":{"rendered":"https:\/\/olemosaic.orbitalia.org\/producto\/funda-de-telefono-para-iphone-14-promax-tpu-salamandra-barcelona-blanco\/"},"modified":"2025-07-25T19:03:11","modified_gmt":"2025-07-25T17:03:11","slug":"capa-para-iphone-14-promax-tpu-salamandra-barcelona-branco","status":"publish","type":"product","link":"https:\/\/olemosaic.orbitalia.org\/pt-pt\/produto\/capa-para-iphone-14-promax-tpu-salamandra-barcelona-branco\/","title":{"rendered":"Capa para iPhone 14 Pro Max (TPU). Salamandra. Barcelona. Branco"},"content":{"rendered":"<p>Capa para iPhone 14 Pro Max com design de salamandras e flores inspirado no famoso mosaico de Barcelona. Elaborada em TPU, esta capa apresenta um vibrante fundo branco decorado com um engenhoso padr\u00e3o de trencad\u00eds, que evoca a heran\u00e7a arquitet\u00f3nica e art\u00edstica da cidade. As chamativas salamandras, s\u00edmbolo de criatividade e transforma\u00e7\u00e3o, entrela\u00e7am-se com flores coloridas, acrescentando um toque de vida e alegria \u00e0 pe\u00e7a. Al\u00e9m disso, o nome &#8220;Barcelona&#8221; est\u00e1 estampado numa tipografia moderna e estilizada, que complementa o apelo visual do design.<\/p>\n<p>A inspira\u00e7\u00e3o no trencad\u00eds, popularizado pelo arquiteto Antoni Gaud\u00ed, converte esta capa numa recorda\u00e7\u00e3o representativa da rica tradi\u00e7\u00e3o art\u00edstica barcelonesa. N\u00e3o \u00e9 apenas um acess\u00f3rio funcional que protege o seu dispositivo, mas tamb\u00e9m uma forma de mostrar o apre\u00e7o pela cultura catal\u00e3 no seu dia a dia. Este produto da Ol\u00e9 Mosaic \u00e9 uma excelente op\u00e7\u00e3o para turistas e amantes da cidade que procuram souvenirs aut\u00eanticos e de qualidade. Como grossistas de capas de telem\u00f3vel, garantimos que este design ser\u00e1 um sucesso em lojas de presentes tur\u00edsticos, oferecendo aos clientes uma pe\u00e7a \u00fanica que celebra a ess\u00eancia de Barcelona.<\/p>\n","protected":false},"excerpt":{"rendered":"<p>Capa de telem\u00f3vel para iPhone 14 Pro Max de TPU com um design vibrante de salamandras e flores, inspirado no famoso mosaico de Barcelona. Esta capa branca apresenta um fundo com um padr\u00e3o de trencad\u00eds, adornado com salamandras coloridas que simbolizam a criatividade da cidade. O nome &#8220;Barcelona&#8221; est\u00e1 estampado numa tipografia moderna, acrescentando um toque contempor\u00e2neo. Ideal para quem procura proteger o seu dispositivo mostrando o seu amor pela cultura catal\u00e3.<\/p>\n","protected":false},"featured_media":12390,"template":"","meta":{"_acf_changed":false},"product_brand":[],"product_cat":[685],"product_tag":[516],"class_list":{"0":"post-36031","1":"product","2":"type-product","3":"status-publish","4":"has-post-thumbnail","6":"product_cat-capas-para-telemoveis","7":"product_tag-animais","8":"pa_ciudad-barcelona","9":"pa_motivo-salamandras","10":"pa_pais-espana","12":"first","13":"instock","14":"shipping-taxable","15":"product-type-simple"},"acf":[],"_links":{"self":[{"href":"https:\/\/olemosaic.orbitalia.org\/pt-pt\/wp-json\/wp\/v2\/product\/36031","targetHints":{"allow":["GET"]}}],"collection":[{"href":"https:\/\/olemosaic.orbitalia.org\/pt-pt\/wp-json\/wp\/v2\/product"}],"about":[{"href":"https:\/\/olemosaic.orbitalia.org\/pt-pt\/wp-json\/wp\/v2\/types\/product"}],"wp:featuredmedia":[{"embeddable":true,"href":"https:\/\/olemosaic.orbitalia.org\/pt-pt\/wp-json\/wp\/v2\/media\/12390"}],"wp:attachment":[{"href":"https:\/\/olemosaic.orbitalia.org\/pt-pt\/wp-json\/wp\/v2\/media?parent=36031"}],"wp:term":[{"taxonomy":"product_brand","embeddable":true,"href":"https:\/\/olemosaic.orbitalia.org\/pt-pt\/wp-json\/wp\/v2\/product_brand?post=36031"},{"taxonomy":"product_cat","embeddable":true,"href":"https:\/\/olemosaic.orbitalia.org\/pt-pt\/wp-json\/wp\/v2\/product_cat?post=36031"},{"taxonomy":"product_tag","embeddable":true,"href":"https:\/\/olemosaic.orbitalia.org\/pt-pt\/wp-json\/wp\/v2\/product_tag?post=36031"}],"curies":[{"name":"wp","href":"https:\/\/api.w.org\/{rel}","templated":true}]}}