{"id":36028,"date":"2025-02-20T23:35:24","date_gmt":"2025-02-20T22:35:24","guid":{"rendered":"https:\/\/olemosaic.orbitalia.org\/producto\/funda-de-telefono-para-iphone-14-promax-tpu-abstracto-verde-2\/"},"modified":"2025-07-25T18:54:08","modified_gmt":"2025-07-25T16:54:08","slug":"capa-de-telemovel-para-iphone-14-pro-max-tpu-abstrato-verde-2","status":"publish","type":"product","link":"https:\/\/olemosaic.orbitalia.org\/pt-pt\/produto\/capa-de-telemovel-para-iphone-14-pro-max-tpu-abstrato-verde-2\/","title":{"rendered":"Capa de telem\u00f3vel para iPhone 14 Pro Max (TPU). Abstrato. Andaluzia. Verde"},"content":{"rendered":"<p>Capa para iPhone 14 Pro Max com design de mosaico abstrato. Esta elegante capa, fabricada em TPU, destaca-se pela sua vibrante impress\u00e3o que evoca a riqueza da arte cer\u00e2mica andaluza. O design apresenta uma cativante combina\u00e7\u00e3o de tons de verde, azul, laranja e amarelo, organizados em padr\u00f5es geom\u00e9tricos que conferem um toque contempor\u00e2neo e art\u00edstico ao seu dispositivo. Al\u00e9m do seu apelo visual, a capa oferece uma excelente prote\u00e7\u00e3o contra choques e riscos, garantindo que o seu iPhone mant\u00e9m a sua eleg\u00e2ncia e funcionalidade.<\/p>\n<p>Esta pe\u00e7a n\u00e3o \u00e9 apenas um acess\u00f3rio pr\u00e1tico, mas tamb\u00e9m uma celebra\u00e7\u00e3o do patrim\u00f3nio cultural espanhol, uma vez que o mosaico \u00e9 uma das express\u00f5es art\u00edsticas mais ic\u00f3nicas de cidades como Sevilha e Granada. Com cada utiliza\u00e7\u00e3o, levar\u00e1 consigo um fragmento da tradi\u00e7\u00e3o andaluza. Ideal para turistas que procuram recorda\u00e7\u00f5es aut\u00eanticas e representativas, esta capa de telem\u00f3vel torna-se uma recorda\u00e7\u00e3o perfeita que real\u00e7a a beleza de Espanha. Na Ol\u00e9 Mosaic, somos distribuidores de acess\u00f3rios por grosso que combinam design e cultura, fornecendo produtos que capturam a ess\u00eancia de cada canto deste vibrante pa\u00eds.<\/p>\n","protected":false},"excerpt":{"rendered":"<p>Capa para iPhone 14 Pro Max fabricada em TPU, com um design abstrato de mosaico em tons de verde, azul, laranja e amarelo. Este padr\u00e3o original evoca a riqueza da arte cer\u00e2mica andaluza, destacando padr\u00f5es geom\u00e9tricos que lhe conferem um toque vibrante e \u00fanico. A capa n\u00e3o s\u00f3 protege o seu dispositivo, como tamb\u00e9m o transforma numa obra de arte, ideal para os amantes do design e da cultura.<\/p>\n","protected":false},"featured_media":12397,"template":"","meta":{"_acf_changed":false},"product_brand":[],"product_cat":[685],"product_tag":[],"class_list":{"0":"post-36028","1":"product","2":"type-product","3":"status-publish","4":"has-post-thumbnail","6":"product_cat-capas-para-telemoveis","7":"pa_motivo-resumo","9":"first","10":"instock","11":"shipping-taxable","12":"product-type-simple"},"acf":[],"_links":{"self":[{"href":"https:\/\/olemosaic.orbitalia.org\/pt-pt\/wp-json\/wp\/v2\/product\/36028","targetHints":{"allow":["GET"]}}],"collection":[{"href":"https:\/\/olemosaic.orbitalia.org\/pt-pt\/wp-json\/wp\/v2\/product"}],"about":[{"href":"https:\/\/olemosaic.orbitalia.org\/pt-pt\/wp-json\/wp\/v2\/types\/product"}],"wp:featuredmedia":[{"embeddable":true,"href":"https:\/\/olemosaic.orbitalia.org\/pt-pt\/wp-json\/wp\/v2\/media\/12397"}],"wp:attachment":[{"href":"https:\/\/olemosaic.orbitalia.org\/pt-pt\/wp-json\/wp\/v2\/media?parent=36028"}],"wp:term":[{"taxonomy":"product_brand","embeddable":true,"href":"https:\/\/olemosaic.orbitalia.org\/pt-pt\/wp-json\/wp\/v2\/product_brand?post=36028"},{"taxonomy":"product_cat","embeddable":true,"href":"https:\/\/olemosaic.orbitalia.org\/pt-pt\/wp-json\/wp\/v2\/product_cat?post=36028"},{"taxonomy":"product_tag","embeddable":true,"href":"https:\/\/olemosaic.orbitalia.org\/pt-pt\/wp-json\/wp\/v2\/product_tag?post=36028"}],"curies":[{"name":"wp","href":"https:\/\/api.w.org\/{rel}","templated":true}]}}