{"id":36027,"date":"2025-02-20T22:35:24","date_gmt":"2025-02-20T22:35:24","guid":{"rendered":"https:\/\/olemosaic.orbitalia.org\/producto\/funda-de-telefono-para-iphone-14-pro-tpu-salamandra-barcelona-blanco\/"},"modified":"2025-07-25T19:50:41","modified_gmt":"2025-07-25T17:50:41","slug":"capa-de-telemovel-para-iphone-14-pro-tpu-salamandra-barcelona-branco","status":"publish","type":"product","link":"https:\/\/olemosaic.orbitalia.org\/pt-pt\/produto\/capa-de-telemovel-para-iphone-14-pro-tpu-salamandra-barcelona-branco\/","title":{"rendered":"Capa de telem\u00f3vel para iPhone 14 Pro (TPU). Salamandra. Barcelona. Branco"},"content":{"rendered":"<p>Capa para iPhone 14 Pro inspirada nos vibrantes mosaicos de Barcelona, esta capa de TPU combina prote\u00e7\u00e3o e estilo de forma excecional. Decorada com coloridas ilustra\u00e7\u00f5es de salamandras e flores, cada detalhe real\u00e7a a autenticidade e a criatividade caracter\u00edstica da cidade. O fundo branco proporciona um contraste perfeito, permitindo que os tons intensos de azul, verde, vermelho e amarelo captem a aten\u00e7\u00e3o e tragam um toque de alegria. A palavra &#8220;Barcelona&#8221; apresenta-se numa tipografia moderna que refor\u00e7a a liga\u00e7\u00e3o com a cidade, sendo uma recorda\u00e7\u00e3o constante da sua arte e cultura \u00fanicas.<\/p>\n<p>Esta capa \u00e9 mais do que um simples acess\u00f3rio; \u00e9 um s\u00edmbolo da rica tradi\u00e7\u00e3o art\u00edstica de Barcelona, onde o modernismo e a cor se entrela\u00e7am em obras emblem\u00e1ticas como as de Antoni Gaud\u00ed. Ideal para os turistas que procuram uma recorda\u00e7\u00e3o representativa, este produto destaca-se pela sua autenticidade e relev\u00e2ncia cultural. Na Ol\u00e9 Mosaic, como grossistas de capas de telem\u00f3vel, oferecemos recorda\u00e7\u00f5es de qualidade que permitem aos visitantes levar um peda\u00e7o de Barcelona para casa. Uma excelente op\u00e7\u00e3o para quem valoriza a arte e a distin\u00e7\u00e3o nos seus acess\u00f3rios tecnol\u00f3gicos.<\/p>\n","protected":false},"excerpt":{"rendered":"<p>Capa para iPhone 14 Pro fabricada em TPU, decorada com coloridas ilustra\u00e7\u00f5es de salamandras e flores. Este design vibrante, inspirado nos mosaicos de Barcelona, apresenta um fundo branco que real\u00e7a os detalhes em tons de azul, verde, vermelho e amarelo. A palavra &#8220;Barcelona&#8221; aparece com uma tipografia apelativa, acrescentando um toque de modernidade a este produto essencial que combina prote\u00e7\u00e3o e estilo. Ideal para quem ama a criatividade e a arte da cidade condal.<\/p>\n","protected":false},"featured_media":12370,"template":"","meta":{"_acf_changed":false},"product_brand":[],"product_cat":[685],"product_tag":[516],"class_list":{"0":"post-36027","1":"product","2":"type-product","3":"status-publish","4":"has-post-thumbnail","6":"product_cat-capas-para-telemoveis","7":"product_tag-animais","8":"pa_ciudad-barcelona","9":"pa_motivo-salamandras","10":"pa_pais-espana","12":"first","13":"instock","14":"shipping-taxable","15":"product-type-simple"},"acf":[],"_links":{"self":[{"href":"https:\/\/olemosaic.orbitalia.org\/pt-pt\/wp-json\/wp\/v2\/product\/36027","targetHints":{"allow":["GET"]}}],"collection":[{"href":"https:\/\/olemosaic.orbitalia.org\/pt-pt\/wp-json\/wp\/v2\/product"}],"about":[{"href":"https:\/\/olemosaic.orbitalia.org\/pt-pt\/wp-json\/wp\/v2\/types\/product"}],"wp:featuredmedia":[{"embeddable":true,"href":"https:\/\/olemosaic.orbitalia.org\/pt-pt\/wp-json\/wp\/v2\/media\/12370"}],"wp:attachment":[{"href":"https:\/\/olemosaic.orbitalia.org\/pt-pt\/wp-json\/wp\/v2\/media?parent=36027"}],"wp:term":[{"taxonomy":"product_brand","embeddable":true,"href":"https:\/\/olemosaic.orbitalia.org\/pt-pt\/wp-json\/wp\/v2\/product_brand?post=36027"},{"taxonomy":"product_cat","embeddable":true,"href":"https:\/\/olemosaic.orbitalia.org\/pt-pt\/wp-json\/wp\/v2\/product_cat?post=36027"},{"taxonomy":"product_tag","embeddable":true,"href":"https:\/\/olemosaic.orbitalia.org\/pt-pt\/wp-json\/wp\/v2\/product_tag?post=36027"}],"curies":[{"name":"wp","href":"https:\/\/api.w.org\/{rel}","templated":true}]}}