{"id":36024,"date":"2025-02-20T22:35:23","date_gmt":"2025-02-20T22:35:23","guid":{"rendered":"https:\/\/olemosaic.orbitalia.org\/producto\/funda-de-telefono-para-iphone-14-pro-tpu-gato-mallorca-blanco\/"},"modified":"2025-07-25T18:54:25","modified_gmt":"2025-07-25T16:54:25","slug":"capa-de-telemovel-para-iphone-14-pro-tpu-gato-maiorca-branco","status":"publish","type":"product","link":"https:\/\/olemosaic.orbitalia.org\/pt-pt\/produto\/capa-de-telemovel-para-iphone-14-pro-tpu-gato-maiorca-branco\/","title":{"rendered":"Capa de telem\u00f3vel para iPhone 14 Pro (TPU). Gato. Maiorca. Branco"},"content":{"rendered":"<p>Capa para iPhone 14 Pro decorada com uma vibrante e original ilustra\u00e7\u00e3o de um gato estilizado em design de mosaico, que evoca o encanto de Maiorca. Fabricada em TPU de alta qualidade, esta capa combina durabilidade e leveza, assegurando a prote\u00e7\u00e3o ideal do seu dispositivo contra choques e quedas. O fundo branco real\u00e7a o colorido felino, cujo design intrincado mistura tons intensos de vermelho, azul, verde e amarelo, criando uma pe\u00e7a art\u00edstica que n\u00e3o passa despercebida. Completam a composi\u00e7\u00e3o borboletas em tons brilhantes que acrescentam um toque de alegria, simbolizando a diversidade e a beleza da fauna da ilha.<\/p>\n<p>O gato, um animal de companhia muito comum nos lares maiorquinos, destaca-se n\u00e3o s\u00f3 pelo seu apelo visual, mas tamb\u00e9m pela sua liga\u00e7\u00e3o cultural com a vida insular. Este tipo de recorda\u00e7\u00e3o tornou-se uma forma popular de levar um pedacinho de Maiorca para casa, recordando o calor e o encanto do lugar.<\/p>\n<p>A capa \u00e9, por isso, uma excelente op\u00e7\u00e3o para turistas que procuram uma recorda\u00e7\u00e3o aut\u00eantica e funcional de Maiorca. Na Ol\u00e9 Mosaic, somos distribuidores de produtos exclusivos e aut\u00eanticos, ideais para lojas de recorda\u00e7\u00f5es tur\u00edsticas que desejem oferecer artigos representativos da cultura espanhola. Esta recorda\u00e7\u00e3o n\u00e3o s\u00f3 protege, como tamb\u00e9m celebra a beleza intrincada da ilha.<\/p>\n","protected":false},"excerpt":{"rendered":"<p>Capa para iPhone 14 Pro fabricada em TPU, decorada com uma colorida ilustra\u00e7\u00e3o de um gato estilizado em design de mosaico. Evoca o ambiente vibrante de Maiorca, com um fundo branco que real\u00e7a a figura felina, rodeada de borboletas de tons brilhantes. Este acess\u00f3rio combina funcionalidade e arte, ideal para quem procura proteger o seu dispositivo ao mesmo tempo que exibe um motivo distintivo e alegre, t\u00edpico da ilha.<\/p>\n","protected":false},"featured_media":12961,"template":"","meta":{"_acf_changed":false},"product_brand":[],"product_cat":[685],"product_tag":[516],"class_list":{"0":"post-36024","1":"product","2":"type-product","3":"status-publish","4":"has-post-thumbnail","6":"product_cat-capas-para-telemoveis","7":"product_tag-animais","8":"pa_ciudad-mallorca","9":"pa_motivo-gatos","10":"pa_pais-espana","12":"first","13":"instock","14":"shipping-taxable","15":"product-type-simple"},"acf":[],"_links":{"self":[{"href":"https:\/\/olemosaic.orbitalia.org\/pt-pt\/wp-json\/wp\/v2\/product\/36024","targetHints":{"allow":["GET"]}}],"collection":[{"href":"https:\/\/olemosaic.orbitalia.org\/pt-pt\/wp-json\/wp\/v2\/product"}],"about":[{"href":"https:\/\/olemosaic.orbitalia.org\/pt-pt\/wp-json\/wp\/v2\/types\/product"}],"wp:featuredmedia":[{"embeddable":true,"href":"https:\/\/olemosaic.orbitalia.org\/pt-pt\/wp-json\/wp\/v2\/media\/12961"}],"wp:attachment":[{"href":"https:\/\/olemosaic.orbitalia.org\/pt-pt\/wp-json\/wp\/v2\/media?parent=36024"}],"wp:term":[{"taxonomy":"product_brand","embeddable":true,"href":"https:\/\/olemosaic.orbitalia.org\/pt-pt\/wp-json\/wp\/v2\/product_brand?post=36024"},{"taxonomy":"product_cat","embeddable":true,"href":"https:\/\/olemosaic.orbitalia.org\/pt-pt\/wp-json\/wp\/v2\/product_cat?post=36024"},{"taxonomy":"product_tag","embeddable":true,"href":"https:\/\/olemosaic.orbitalia.org\/pt-pt\/wp-json\/wp\/v2\/product_tag?post=36024"}],"curies":[{"name":"wp","href":"https:\/\/api.w.org\/{rel}","templated":true}]}}