{"id":36014,"date":"2025-02-20T22:35:22","date_gmt":"2025-02-20T22:35:22","guid":{"rendered":"https:\/\/olemosaic.orbitalia.org\/producto\/funda-de-telefono-para-iphone-14-pro-tpu-salamandra-mallorca-blanco\/"},"modified":"2025-07-25T18:55:22","modified_gmt":"2025-07-25T16:55:22","slug":"capa-para-iphone-14-pro-tpu-salamandra-maiorca-branco","status":"publish","type":"product","link":"https:\/\/olemosaic.orbitalia.org\/pt-pt\/produto\/capa-para-iphone-14-pro-tpu-salamandra-maiorca-branco\/","title":{"rendered":"Capa para iPhone 14 Pro (TPU). Salamandra. Maiorca. Branco"},"content":{"rendered":"<p>Capa para iPhone 14 Pro com um design vibrante de salamandras e flores que capta a ess\u00eancia da beleza de Maiorca. Esta elegante capa \u00e9 fabricada em TPU, um material flex\u00edvel e resistente que oferece uma prote\u00e7\u00e3o eficaz e um ajuste perfeito para o seu dispositivo. O fundo branco imita o estilo dos mosaicos t\u00edpicos da ilha, criando um contraste perfeito com as coloridas salamandras, que se destacam em tons intensos de azul e vermelho. Estas criaturas, s\u00edmbolo da fauna de Maiorca, s\u00e3o acompanhadas por flores alegres em tons vibrantes, conferindo um ar fresco a esta pe\u00e7a.<\/p>\n<p>A palavra &#8220;Maiorca&#8221; apresenta-se numa tipografia elegante, incorporando um toque distintivo que refor\u00e7a a liga\u00e7\u00e3o cultural com a ilha. Esta capa n\u00e3o \u00e9 apenas um acess\u00f3rio protetor para o seu smartphone, mas tamb\u00e9m uma aut\u00eantica recorda\u00e7\u00e3o que celebra a rica biodiversidade e a arte local de Maiorca. Na Ol\u00e9 Mosaic, dedicamo-nos a oferecer recorda\u00e7\u00f5es aut\u00eanticas e de qualidade que real\u00e7am a cultura regional, e esta capa \u00e9 ideal para turistas que procuram uma lembran\u00e7a da sua experi\u00eancia na ilha. Perfeita para lojas de presentes tur\u00edsticos, esta capa para telem\u00f3vel representa uma op\u00e7\u00e3o \u00fanica entre os souvenirs de Maiorca, ideal para quem deseja levar um peda\u00e7o da ilha consigo.<\/p>\n","protected":false},"excerpt":{"rendered":"<p>Capa para iPhone 14 Pro de TPU, adornada com um vibrante design de salamandras e flores que celebra a beleza de Maiorca. Este protetor apresenta um fundo branco com um acabamento que imita os mosaicos t\u00edpicos, onde se destacam salamandras em cores intensas como o azul e o vermelho, rodeadas de flores alegres. A palavra &#8220;Maiorca&#8221; aparece numa elegante tipografia, adicionando um toque distintivo a este acess\u00f3rio pr\u00e1tico e art\u00edstico.<\/p>\n","protected":false},"featured_media":12960,"template":"","meta":{"_acf_changed":false},"product_brand":[],"product_cat":[685],"product_tag":[516],"class_list":{"0":"post-36014","1":"product","2":"type-product","3":"status-publish","4":"has-post-thumbnail","6":"product_cat-capas-para-telemoveis","7":"product_tag-animais","8":"pa_ciudad-mallorca","9":"pa_motivo-salamandras","10":"pa_pais-espana","12":"first","13":"instock","14":"shipping-taxable","15":"product-type-simple"},"acf":[],"_links":{"self":[{"href":"https:\/\/olemosaic.orbitalia.org\/pt-pt\/wp-json\/wp\/v2\/product\/36014","targetHints":{"allow":["GET"]}}],"collection":[{"href":"https:\/\/olemosaic.orbitalia.org\/pt-pt\/wp-json\/wp\/v2\/product"}],"about":[{"href":"https:\/\/olemosaic.orbitalia.org\/pt-pt\/wp-json\/wp\/v2\/types\/product"}],"wp:featuredmedia":[{"embeddable":true,"href":"https:\/\/olemosaic.orbitalia.org\/pt-pt\/wp-json\/wp\/v2\/media\/12960"}],"wp:attachment":[{"href":"https:\/\/olemosaic.orbitalia.org\/pt-pt\/wp-json\/wp\/v2\/media?parent=36014"}],"wp:term":[{"taxonomy":"product_brand","embeddable":true,"href":"https:\/\/olemosaic.orbitalia.org\/pt-pt\/wp-json\/wp\/v2\/product_brand?post=36014"},{"taxonomy":"product_cat","embeddable":true,"href":"https:\/\/olemosaic.orbitalia.org\/pt-pt\/wp-json\/wp\/v2\/product_cat?post=36014"},{"taxonomy":"product_tag","embeddable":true,"href":"https:\/\/olemosaic.orbitalia.org\/pt-pt\/wp-json\/wp\/v2\/product_tag?post=36014"}],"curies":[{"name":"wp","href":"https:\/\/api.w.org\/{rel}","templated":true}]}}