{"id":36008,"date":"2025-02-20T22:35:22","date_gmt":"2025-02-20T22:35:22","guid":{"rendered":"https:\/\/olemosaic.orbitalia.org\/producto\/funda-de-telefono-para-iphone-14-pro-tpu-panoramica-barcelona-azul\/"},"modified":"2025-07-25T20:30:02","modified_gmt":"2025-07-25T18:30:02","slug":"capa-de-telemovel-para-iphone-14-pro-tpu-panoramica-barcelona-azul","status":"publish","type":"product","link":"https:\/\/olemosaic.orbitalia.org\/pt-pt\/produto\/capa-de-telemovel-para-iphone-14-pro-tpu-panoramica-barcelona-azul\/","title":{"rendered":"Capa de telem\u00f3vel para iPhone 14 Pro (TPU). Panor\u00e2mica. Barcelona. Azul"},"content":{"rendered":"<p>Capa para iPhone 14 Pro com uma panor\u00e2mica vibrante de Barcelona, pensada para quem procura um acess\u00f3rio que combine prote\u00e7\u00e3o e estilo. Fabricada em TPU, um material resistente que oferece grande durabilidade e uma ader\u00eancia confort\u00e1vel, esta capa garante a prote\u00e7\u00e3o do dispositivo contra choques e quedas. O design destaca-se pelo seu jogo de tons azuis que evocam o c\u00e9u e o mar da cidade condal, real\u00e7ado por uma ilustra\u00e7\u00e3o cheia de vida que inclui elementos emblem\u00e1ticos como a Sagrada Fam\u00edlia, obra-prima de Antoni Gaud\u00ed, e outros detalhes de mosaico que prestam homenagem ao estilo \u00fanico da arquitetura modernista. O nome &#8220;Barcelona&#8221; apresenta-se numa tipografia alegre, rodeado de motivos florais que conferem um toque din\u00e2mico e contempor\u00e2neo a este souvenir, perfeito para turistas e aficionados da cultura catal\u00e3. Como distribuidores de souvenirs de Barcelona, a Ol\u00e9 Mosaic garante autenticidade e qualidade em cada produto, tornando esta capa n\u00e3o s\u00f3 uma excelente op\u00e7\u00e3o para proteger o seu telem\u00f3vel, mas tamb\u00e9m uma recorda\u00e7\u00e3o representativa da vibrante cultura barcelonesa. Ideal para lojas de presentes tur\u00edsticos que procuram produtos atraentes e memor\u00e1veis.<\/p>\n","protected":false},"excerpt":{"rendered":"<p>Capa para iPhone 14 Pro de TPU, com uma panor\u00e2mica vibrante de Barcelona. O design apresenta uma mistura de cores azuis, com elementos ic\u00f3nicos da cidade, como a Sagrada Fam\u00edlia e detalhes de mosaicos que evocam o estilo de Gaud\u00ed. O texto &#8220;Barcelona&#8221; destaca-se com uma tipografia alegre, rodeado de flores, conferindo um toque din\u00e2mico e moderno ao seu dispositivo. Ideal para quem procura proteger o seu telem\u00f3vel com estilo e um peda\u00e7o da cultura catalana.<\/p>\n","protected":false},"featured_media":12379,"template":"","meta":{"_acf_changed":false},"product_brand":[],"product_cat":[685],"product_tag":[],"class_list":{"0":"post-36008","1":"product","2":"type-product","3":"status-publish","4":"has-post-thumbnail","6":"product_cat-capas-para-telemoveis","7":"pa_ciudad-barcelona","8":"pa_motivo-panoramas","9":"pa_pais-espana","11":"first","12":"instock","13":"shipping-taxable","14":"product-type-simple"},"acf":[],"_links":{"self":[{"href":"https:\/\/olemosaic.orbitalia.org\/pt-pt\/wp-json\/wp\/v2\/product\/36008","targetHints":{"allow":["GET"]}}],"collection":[{"href":"https:\/\/olemosaic.orbitalia.org\/pt-pt\/wp-json\/wp\/v2\/product"}],"about":[{"href":"https:\/\/olemosaic.orbitalia.org\/pt-pt\/wp-json\/wp\/v2\/types\/product"}],"wp:featuredmedia":[{"embeddable":true,"href":"https:\/\/olemosaic.orbitalia.org\/pt-pt\/wp-json\/wp\/v2\/media\/12379"}],"wp:attachment":[{"href":"https:\/\/olemosaic.orbitalia.org\/pt-pt\/wp-json\/wp\/v2\/media?parent=36008"}],"wp:term":[{"taxonomy":"product_brand","embeddable":true,"href":"https:\/\/olemosaic.orbitalia.org\/pt-pt\/wp-json\/wp\/v2\/product_brand?post=36008"},{"taxonomy":"product_cat","embeddable":true,"href":"https:\/\/olemosaic.orbitalia.org\/pt-pt\/wp-json\/wp\/v2\/product_cat?post=36008"},{"taxonomy":"product_tag","embeddable":true,"href":"https:\/\/olemosaic.orbitalia.org\/pt-pt\/wp-json\/wp\/v2\/product_tag?post=36008"}],"curies":[{"name":"wp","href":"https:\/\/api.w.org\/{rel}","templated":true}]}}