{"id":35963,"date":"2025-02-20T23:35:21","date_gmt":"2025-02-20T22:35:21","guid":{"rendered":"https:\/\/olemosaic.orbitalia.org\/producto\/funda-de-telefono-para-iphone-14-pro-tpu-forjas-azul\/"},"modified":"2025-07-25T18:47:41","modified_gmt":"2025-07-25T16:47:41","slug":"capa-de-telemovel-para-iphone-14-pro-tpu-forjas-azul","status":"publish","type":"product","link":"https:\/\/olemosaic.orbitalia.org\/pt-pt\/produto\/capa-de-telemovel-para-iphone-14-pro-tpu-forjas-azul\/","title":{"rendered":"Capa de telem\u00f3vel para iPhone 14 Pro (TPU). Forjas. Azul"},"content":{"rendered":"<p>Capa para iPhone 14 Pro com design de forjas em azul<\/p>\n<p>Esta sofisticada capa para iPhone 14 Pro \u00e9 o acess\u00f3rio ideal para quem procura combinar estilo e funcionalidade. Fabricada em TPU, um material reconhecido pela sua resist\u00eancia e flexibilidade, esta capa oferece uma prote\u00e7\u00e3o eficaz para o seu dispositivo, protegendo-o de choques e quedas. A sua impactante cor azul profundo serve de pano de fundo perfeito para o requintado padr\u00e3o de forjas em branco que a adorna, evocando a rica heran\u00e7a da arquitetura espanhola e as suas influ\u00eancias no design moderno.<\/p>\n<p>O padr\u00e3o, delicadamente detalhado, reflete a eleg\u00e2ncia e a arte do forjado, um elemento distintivo que se aprecia em in\u00fameras estruturas e varandas de cidades como Sevilha e C\u00f3rdova. Cada curva e volta do design real\u00e7a o trabalho artesanal que este estilo envolve, fazendo com que esta capa n\u00e3o seja apenas um objeto utilit\u00e1rio, mas tamb\u00e9m uma homenagem \u00e0 cultura espanhola. Como recorda\u00e7\u00e3o representativa e aut\u00eantica, esta capa \u00e9 uma excelente op\u00e7\u00e3o para turistas que desejam levar consigo um peda\u00e7o da arte e da tradi\u00e7\u00e3o de Espanha. Na Ol\u00e9 Mosaic, somos distribuidores grossistas de produtos aut\u00eanticos e de qualidade, o que garante que cada capa de telem\u00f3vel reflita a rica hist\u00f3ria cultural da sua origem, oferecendo uma oportunidade \u00fanica para lojas de presentes tur\u00edsticos que desejam atrair os seus clientes com artigos significativos e esteticamente atraentes.<\/p>\n","protected":false},"excerpt":{"rendered":"<p>Capa para iPhone 14 Pro fabricada em TPU, com um elegante design de forja num intenso tom azul. Este acess\u00f3rio destaca-se pela sua resist\u00eancia e flexibilidade, oferecendo uma prote\u00e7\u00e3o eficaz para o seu dispositivo. O detalhado padr\u00e3o de forja em branco sobressai com um estilo cl\u00e1ssico e intemporal, evocando a rica heran\u00e7a cultural da arquitetura espanhola. Perfeita para quem procura combinar estilo e funcionalidade no seu dia a dia.<\/p>\n","protected":false},"featured_media":12383,"template":"","meta":{"_acf_changed":false},"product_brand":[],"product_cat":[685],"product_tag":[],"class_list":{"0":"post-35963","1":"product","2":"type-product","3":"status-publish","4":"has-post-thumbnail","6":"product_cat-capas-para-telemoveis","7":"pa_motivo-forjas","9":"first","10":"instock","11":"shipping-taxable","12":"product-type-simple"},"acf":[],"_links":{"self":[{"href":"https:\/\/olemosaic.orbitalia.org\/pt-pt\/wp-json\/wp\/v2\/product\/35963","targetHints":{"allow":["GET"]}}],"collection":[{"href":"https:\/\/olemosaic.orbitalia.org\/pt-pt\/wp-json\/wp\/v2\/product"}],"about":[{"href":"https:\/\/olemosaic.orbitalia.org\/pt-pt\/wp-json\/wp\/v2\/types\/product"}],"wp:featuredmedia":[{"embeddable":true,"href":"https:\/\/olemosaic.orbitalia.org\/pt-pt\/wp-json\/wp\/v2\/media\/12383"}],"wp:attachment":[{"href":"https:\/\/olemosaic.orbitalia.org\/pt-pt\/wp-json\/wp\/v2\/media?parent=35963"}],"wp:term":[{"taxonomy":"product_brand","embeddable":true,"href":"https:\/\/olemosaic.orbitalia.org\/pt-pt\/wp-json\/wp\/v2\/product_brand?post=35963"},{"taxonomy":"product_cat","embeddable":true,"href":"https:\/\/olemosaic.orbitalia.org\/pt-pt\/wp-json\/wp\/v2\/product_cat?post=35963"},{"taxonomy":"product_tag","embeddable":true,"href":"https:\/\/olemosaic.orbitalia.org\/pt-pt\/wp-json\/wp\/v2\/product_tag?post=35963"}],"curies":[{"name":"wp","href":"https:\/\/api.w.org\/{rel}","templated":true}]}}