{"id":35962,"date":"2025-02-20T22:35:21","date_gmt":"2025-02-20T22:35:21","guid":{"rendered":"https:\/\/olemosaic.orbitalia.org\/producto\/funda-de-telefono-para-iphone-14-pro-tpu-abstracto-verde\/"},"modified":"2025-07-25T20:34:51","modified_gmt":"2025-07-25T18:34:51","slug":"capa-de-telemovel-para-iphone-14-pro-tpu-abstrato-verde","status":"publish","type":"product","link":"https:\/\/olemosaic.orbitalia.org\/pt-pt\/produto\/capa-de-telemovel-para-iphone-14-pro-tpu-abstrato-verde\/","title":{"rendered":"Capa de telem\u00f3vel para iPhone 14 Pro (TPU). Abstrato. Verde"},"content":{"rendered":"<p>Capa para iPhone 14 Pro com um vibrante design abstrato. Esta capa, fabricada com TPU de alta qualidade, apresenta um impressionante padr\u00e3o em tons verdes e multicoloridos que evoca a arte contempor\u00e2nea. A sua superf\u00edcie, com formas fluidas e onduladas que lembram paisagens naturais, confere movimento e criatividade, fazendo com que o seu dispositivo se destaque. Al\u00e9m do seu apelo est\u00e9tico, a capa oferece uma prote\u00e7\u00e3o eficaz contra choques e riscos, mantendo o seu iPhone 14 Pro seguro e em perfeito estado.<\/p>\n<p>O design tem uma liga\u00e7\u00e3o cultural com a arte abstrata que floresceu em diversas regi\u00f5es de Espanha e Portugal, onde a criatividade e a inova\u00e7\u00e3o s\u00e3o fundamentais. Este moderno souvenir n\u00e3o s\u00f3 personaliza o seu dispositivo, como tamb\u00e9m recorda as ricas tradi\u00e7\u00f5es art\u00edsticas da pen\u00ednsula ib\u00e9rica. Na Ol\u00e9 Mosaic, especializados na distribui\u00e7\u00e3o grossista de souvenirs, oferecemos produtos \u00fanicos como esta capa, ideal para lojas de presentes tur\u00edsticos que procuram artigos aut\u00eanticos e de qualidade. Com esta capa abstrata, protege o seu telem\u00f3vel e adquire uma obra de arte que reflete a diversidade cultural da regi\u00e3o.<\/p>\n","protected":false},"excerpt":{"rendered":"<p>Capa de TPU para iPhone 14 Pro com um design abstrato em tons verdes e multicoloridos. A superf\u00edcie mostra um vibrante padr\u00e3o de formas fluidas e onduladas, que evoca uma sensa\u00e7\u00e3o de movimento e criatividade. Este acess\u00f3rio n\u00e3o s\u00f3 oferece uma prote\u00e7\u00e3o eficaz contra choques e riscos, como tamb\u00e9m adiciona um toque art\u00edstico e moderno ao seu dispositivo, tornando-o um complemento chamativo e \u00fanico.<\/p>\n","protected":false},"featured_media":12376,"template":"","meta":{"_acf_changed":false},"product_brand":[],"product_cat":[685],"product_tag":[],"class_list":{"0":"post-35962","1":"product","2":"type-product","3":"status-publish","4":"has-post-thumbnail","6":"product_cat-capas-para-telemoveis","7":"pa_motivo-resumo","9":"first","10":"instock","11":"shipping-taxable","12":"product-type-simple"},"acf":[],"_links":{"self":[{"href":"https:\/\/olemosaic.orbitalia.org\/pt-pt\/wp-json\/wp\/v2\/product\/35962","targetHints":{"allow":["GET"]}}],"collection":[{"href":"https:\/\/olemosaic.orbitalia.org\/pt-pt\/wp-json\/wp\/v2\/product"}],"about":[{"href":"https:\/\/olemosaic.orbitalia.org\/pt-pt\/wp-json\/wp\/v2\/types\/product"}],"wp:featuredmedia":[{"embeddable":true,"href":"https:\/\/olemosaic.orbitalia.org\/pt-pt\/wp-json\/wp\/v2\/media\/12376"}],"wp:attachment":[{"href":"https:\/\/olemosaic.orbitalia.org\/pt-pt\/wp-json\/wp\/v2\/media?parent=35962"}],"wp:term":[{"taxonomy":"product_brand","embeddable":true,"href":"https:\/\/olemosaic.orbitalia.org\/pt-pt\/wp-json\/wp\/v2\/product_brand?post=35962"},{"taxonomy":"product_cat","embeddable":true,"href":"https:\/\/olemosaic.orbitalia.org\/pt-pt\/wp-json\/wp\/v2\/product_cat?post=35962"},{"taxonomy":"product_tag","embeddable":true,"href":"https:\/\/olemosaic.orbitalia.org\/pt-pt\/wp-json\/wp\/v2\/product_tag?post=35962"}],"curies":[{"name":"wp","href":"https:\/\/api.w.org\/{rel}","templated":true}]}}