{"id":35958,"date":"2025-02-20T22:35:21","date_gmt":"2025-02-20T22:35:21","guid":{"rendered":"https:\/\/olemosaic.orbitalia.org\/producto\/funda-de-telefono-para-iphone-14-tpu-motivos-marinos-azul\/"},"modified":"2025-07-25T18:47:24","modified_gmt":"2025-07-25T16:47:24","slug":"capa-de-telemovel-para-iphone-14-tpu-motivos-marinhos-azul","status":"publish","type":"product","link":"https:\/\/olemosaic.orbitalia.org\/pt-pt\/produto\/capa-de-telemovel-para-iphone-14-tpu-motivos-marinhos-azul\/","title":{"rendered":"Capa de telem\u00f3vel para iPhone 14 (TPU). Motivos marinhos. Azul"},"content":{"rendered":"<p>Capa para iPhone 14 com um vibrante design de motivos marinhos. Esta elegante capa \u00e9 fabricada em TPU, um material flex\u00edvel e resistente que proporciona uma prote\u00e7\u00e3o excecional para o seu dispositivo sem renunciar ao estilo. O design apresenta um fundo azul profundo que evoca as profundezas tranquilas do oceano, adornado com coloridos elementos marinhos como golfinhos, tartarugas e cavalos-marinhos, todos representados num encantador estilo mosaico. Os detalhes em tons brilhantes e as formas fluidas criam um efeito visual din\u00e2mico e atraente, ideal para os amantes do mar.<\/p>\n<p>Cada elemento da ilustra\u00e7\u00e3o captura a ess\u00eancia da vida marinha, oferecendo uma liga\u00e7\u00e3o cultural com as ricas tradi\u00e7\u00f5es costeiras de Espanha, onde o oceano tem sido fonte de inspira\u00e7\u00e3o durante s\u00e9culos. Esta capa n\u00e3o s\u00f3 \u00e9 um acess\u00f3rio protetor, como tamb\u00e9m uma celebra\u00e7\u00e3o do patrim\u00f3nio mar\u00edtimo e uma excelente ideia para turistas que procuram recorda\u00e7\u00f5es aut\u00eanticas. Na Ol\u00e9 Mosaic, especializamo-nos na distribui\u00e7\u00e3o de souvenirs por grosso, e este design de capa para iPhone 14 \u00e9 uma op\u00e7\u00e3o perfeita para lojas de presentes tur\u00edsticos que desejam oferecer produtos de qualidade, \u00fanicos e culturalmente significativos. Atraia os seus clientes com esta capa de telem\u00f3vel inspirada no oceano, um excelente souvenir que combina funcionalidade e arte.<\/p>\n","protected":false},"excerpt":{"rendered":"<p>Capa para iPhone 14 fabricada em TPU, com um design vibrante de motivos marinhos. A capa apresenta um fundo azul que evoca as profundezas oce\u00e2nicas, adornada com elementos coloridos como golfinhos, tartarugas e cavalos-marinhos, todos eles num estilo de mosaico. Os detalhes em tons brilhantes e as formas fluidas conferem-lhe um toque art\u00edstico, sendo uma op\u00e7\u00e3o ideal para quem adora o mar e procura proteger o seu dispositivo com estilo.<\/p>\n","protected":false},"featured_media":12358,"template":"","meta":{"_acf_changed":false},"product_brand":[],"product_cat":[685],"product_tag":[516],"class_list":{"0":"post-35958","1":"product","2":"type-product","3":"status-publish","4":"has-post-thumbnail","6":"product_cat-capas-para-telemoveis","7":"product_tag-animais","8":"pa_motivo-animais-marinhos","10":"first","11":"instock","12":"shipping-taxable","13":"product-type-simple"},"acf":[],"_links":{"self":[{"href":"https:\/\/olemosaic.orbitalia.org\/pt-pt\/wp-json\/wp\/v2\/product\/35958","targetHints":{"allow":["GET"]}}],"collection":[{"href":"https:\/\/olemosaic.orbitalia.org\/pt-pt\/wp-json\/wp\/v2\/product"}],"about":[{"href":"https:\/\/olemosaic.orbitalia.org\/pt-pt\/wp-json\/wp\/v2\/types\/product"}],"wp:featuredmedia":[{"embeddable":true,"href":"https:\/\/olemosaic.orbitalia.org\/pt-pt\/wp-json\/wp\/v2\/media\/12358"}],"wp:attachment":[{"href":"https:\/\/olemosaic.orbitalia.org\/pt-pt\/wp-json\/wp\/v2\/media?parent=35958"}],"wp:term":[{"taxonomy":"product_brand","embeddable":true,"href":"https:\/\/olemosaic.orbitalia.org\/pt-pt\/wp-json\/wp\/v2\/product_brand?post=35958"},{"taxonomy":"product_cat","embeddable":true,"href":"https:\/\/olemosaic.orbitalia.org\/pt-pt\/wp-json\/wp\/v2\/product_cat?post=35958"},{"taxonomy":"product_tag","embeddable":true,"href":"https:\/\/olemosaic.orbitalia.org\/pt-pt\/wp-json\/wp\/v2\/product_tag?post=35958"}],"curies":[{"name":"wp","href":"https:\/\/api.w.org\/{rel}","templated":true}]}}