{"id":35933,"date":"2025-02-20T22:35:19","date_gmt":"2025-02-20T22:35:19","guid":{"rendered":"https:\/\/olemosaic.orbitalia.org\/producto\/funda-de-telefono-para-iphone-14-tpu-mosaico-blanco\/"},"modified":"2025-07-25T20:05:48","modified_gmt":"2025-07-25T18:05:48","slug":"capa-de-telemovel-para-iphone-14-tpu-mosaico-branco","status":"publish","type":"product","link":"https:\/\/olemosaic.orbitalia.org\/pt-pt\/produto\/capa-de-telemovel-para-iphone-14-tpu-mosaico-branco\/","title":{"rendered":"Capa de telem\u00f3vel para iPhone 14 (TPU). Mosaico. Branco"},"content":{"rendered":"<p>Capa para iPhone 14 com um vibrante design de mosaico. Esta elegante capa, fabricada em TPU, combina uma estrutura flex\u00edvel e resistente que oferece uma prote\u00e7\u00e3o ideal para o seu dispositivo, protegendo-o de choques e riscos. O que realmente distingue esta capa \u00e9 o seu design colorido, que apresenta uma fascinante mistura de padr\u00f5es geom\u00e9tricos e florais, inspirados na rica tradi\u00e7\u00e3o da azulejaria espanhola. Com uma paleta de cores que abrange azuis intensos, vermelhos vibrantes, amarelos quentes e toques de branco, esta capa captura a ess\u00eancia da arte cl\u00e1ssica e contempor\u00e2nea de Espanha. Cada sec\u00e7\u00e3o do mosaico conta com detalhes intrincados que refletem a diversidade e a beleza dos azulejos tradicionais, transformando o seu telem\u00f3vel numa aut\u00eantica obra de arte.<\/p>\n<p>Esta recorda\u00e7\u00e3o n\u00e3o \u00e9 apenas funcional, mas tamb\u00e9m representa um peda\u00e7o da cultura espanhola, ideal para os turistas que procuram uma recorda\u00e7\u00e3o aut\u00eantica e significativa. Na Ol\u00e9 Mosaic, o nosso compromisso \u00e9 distribuir produtos que celebrem a tradi\u00e7\u00e3o cultural e art\u00edstica de Espanha. Esta capa para iPhone 14 \u00e9 uma excelente op\u00e7\u00e3o para lojas de recorda\u00e7\u00f5es tur\u00edsticas que desejam oferecer aos seus clientes uma forma moderna de levar consigo um \u00edcone do patrim\u00f3nio espanhol, fazendo deste produto uma oportunidade \u00fanica para todos os amantes da cultura e da arte. Como grossistas de acess\u00f3rios tecnol\u00f3gicos, garantimos a qualidade e autenticidade em cada pe\u00e7a.<\/p>\n","protected":false},"excerpt":{"rendered":"<p>Capa para iPhone 14 fabricada em TPU, decorada com um design vibrante de mosaico. Este artigo apresenta uma mistura de padr\u00f5es geom\u00e9tricos e florais numa paleta de cores azul, vermelho, amarelo e branco, evocando a rica tradi\u00e7\u00e3o art\u00edstica da azulejaria espanhola. A sua estrutura flex\u00edvel e resistente oferece uma excelente prote\u00e7\u00e3o para o dispositivo, enquanto o seu design atraente acrescenta um toque contempor\u00e2neo e colorido.<\/p>\n","protected":false},"featured_media":13021,"template":"","meta":{"_acf_changed":false},"product_brand":[],"product_cat":[685],"product_tag":[],"class_list":{"0":"post-35933","1":"product","2":"type-product","3":"status-publish","4":"has-post-thumbnail","6":"product_cat-capas-para-telemoveis","7":"pa_motivo-mosaico","9":"first","10":"instock","11":"shipping-taxable","12":"product-type-simple"},"acf":[],"_links":{"self":[{"href":"https:\/\/olemosaic.orbitalia.org\/pt-pt\/wp-json\/wp\/v2\/product\/35933","targetHints":{"allow":["GET"]}}],"collection":[{"href":"https:\/\/olemosaic.orbitalia.org\/pt-pt\/wp-json\/wp\/v2\/product"}],"about":[{"href":"https:\/\/olemosaic.orbitalia.org\/pt-pt\/wp-json\/wp\/v2\/types\/product"}],"wp:featuredmedia":[{"embeddable":true,"href":"https:\/\/olemosaic.orbitalia.org\/pt-pt\/wp-json\/wp\/v2\/media\/13021"}],"wp:attachment":[{"href":"https:\/\/olemosaic.orbitalia.org\/pt-pt\/wp-json\/wp\/v2\/media?parent=35933"}],"wp:term":[{"taxonomy":"product_brand","embeddable":true,"href":"https:\/\/olemosaic.orbitalia.org\/pt-pt\/wp-json\/wp\/v2\/product_brand?post=35933"},{"taxonomy":"product_cat","embeddable":true,"href":"https:\/\/olemosaic.orbitalia.org\/pt-pt\/wp-json\/wp\/v2\/product_cat?post=35933"},{"taxonomy":"product_tag","embeddable":true,"href":"https:\/\/olemosaic.orbitalia.org\/pt-pt\/wp-json\/wp\/v2\/product_tag?post=35933"}],"curies":[{"name":"wp","href":"https:\/\/api.w.org\/{rel}","templated":true}]}}