{"id":35930,"date":"2025-02-20T22:35:19","date_gmt":"2025-02-20T22:35:19","guid":{"rendered":"https:\/\/olemosaic.orbitalia.org\/producto\/funda-de-telefono-para-iphone-14-tpu-gato-mallorca-negro\/"},"modified":"2025-07-25T20:37:51","modified_gmt":"2025-07-25T18:37:51","slug":"capa-de-telemovel-para-iphone-14-tpu-gato-maiorca-preto","status":"publish","type":"product","link":"https:\/\/olemosaic.orbitalia.org\/pt-pt\/produto\/capa-de-telemovel-para-iphone-14-tpu-gato-maiorca-preto\/","title":{"rendered":"Capa de telem\u00f3vel para iPhone 14 (TPU). Gato. Maiorca. Preto"},"content":{"rendered":"<p>Capa para iPhone 14 com design de gato em mosaico<\/p>\n<p>Esta capa para iPhone 14 \u00e9 uma magn\u00edfica recorda\u00e7\u00e3o de Maiorca, fabricada em TPU de alta qualidade que proporciona uma prote\u00e7\u00e3o eficaz e duradoura para o seu dispositivo. O seu design vibrante apresenta um gato estilizado, elaborado num encantador estilo mosaico que atrai o olhar com uma variedade de cores brilhantes e apelativas. O fundo preto real\u00e7a ainda mais o gato colorido, criando um contraste visual cativante e art\u00edstico.<\/p>\n<p>Sobre o gato, borboletas multicoloridas acrescentam um toque de alegria e leveza ao design, evocando a beleza da natureza na ilha balear. A palavra &#8220;Maiorca&#8221; est\u00e1 elegantemente impressa em branco, complementando a paleta de cores e oferecendo uma recorda\u00e7\u00e3o nost\u00e1lgica desta regi\u00e3o paradis\u00edaca.<\/p>\n<p>Este artigo unissexo n\u00e3o \u00e9 apenas um acess\u00f3rio funcional, mas tamb\u00e9m uma pe\u00e7a que celebra a cultura e a paisagem de Maiorca, tornando-o um presente ideal para turistas que procuram uma recorda\u00e7\u00e3o aut\u00eantica da sua experi\u00eancia na ilha. Na Ol\u00e9 Mosaic, especializamo-nos na distribui\u00e7\u00e3o de recorda\u00e7\u00f5es de qualidade por grosso, e esta capa \u00e9 uma excelente op\u00e7\u00e3o para lojas de presentes tur\u00edsticos que desejem oferecer produtos \u00fanicos e relevantes. N\u00e3o perca a oportunidade de oferecer aos seus clientes uma pe\u00e7a que combina prote\u00e7\u00e3o com um toque art\u00edstico distintivo.<\/p>\n","protected":false},"excerpt":{"rendered":"<p>Capa para iPhone 14 de TPU com um design vibrante de gato em mosaico. Este artigo unissexo, com fundo preto, apresenta um gato de cores brilhantes e borboletas multicoloridas. A palavra &#8220;Maiorca&#8221; impressa com eleg\u00e2ncia acrescenta um toque nost\u00e1lgico que celebra a beleza da ilha. Ideal para quem procura proteger o seu telem\u00f3vel com um design art\u00edstico e distintivo.<\/p>\n","protected":false},"featured_media":12959,"template":"","meta":{"_acf_changed":false},"product_brand":[],"product_cat":[685],"product_tag":[516],"class_list":{"0":"post-35930","1":"product","2":"type-product","3":"status-publish","4":"has-post-thumbnail","6":"product_cat-capas-para-telemoveis","7":"product_tag-animais","8":"pa_ciudad-mallorca","9":"pa_motivo-gatos","10":"pa_pais-espana","12":"first","13":"instock","14":"shipping-taxable","15":"product-type-simple"},"acf":[],"_links":{"self":[{"href":"https:\/\/olemosaic.orbitalia.org\/pt-pt\/wp-json\/wp\/v2\/product\/35930","targetHints":{"allow":["GET"]}}],"collection":[{"href":"https:\/\/olemosaic.orbitalia.org\/pt-pt\/wp-json\/wp\/v2\/product"}],"about":[{"href":"https:\/\/olemosaic.orbitalia.org\/pt-pt\/wp-json\/wp\/v2\/types\/product"}],"wp:featuredmedia":[{"embeddable":true,"href":"https:\/\/olemosaic.orbitalia.org\/pt-pt\/wp-json\/wp\/v2\/media\/12959"}],"wp:attachment":[{"href":"https:\/\/olemosaic.orbitalia.org\/pt-pt\/wp-json\/wp\/v2\/media?parent=35930"}],"wp:term":[{"taxonomy":"product_brand","embeddable":true,"href":"https:\/\/olemosaic.orbitalia.org\/pt-pt\/wp-json\/wp\/v2\/product_brand?post=35930"},{"taxonomy":"product_cat","embeddable":true,"href":"https:\/\/olemosaic.orbitalia.org\/pt-pt\/wp-json\/wp\/v2\/product_cat?post=35930"},{"taxonomy":"product_tag","embeddable":true,"href":"https:\/\/olemosaic.orbitalia.org\/pt-pt\/wp-json\/wp\/v2\/product_tag?post=35930"}],"curies":[{"name":"wp","href":"https:\/\/api.w.org\/{rel}","templated":true}]}}