{"id":35927,"date":"2025-02-20T22:35:18","date_gmt":"2025-02-20T22:35:18","guid":{"rendered":"https:\/\/olemosaic.orbitalia.org\/producto\/funda-de-telefono-para-iphone-14-tpu-abstracto-azul\/"},"modified":"2025-07-25T18:57:35","modified_gmt":"2025-07-25T16:57:35","slug":"capa-de-telemovel-para-iphone-14-tpu-abstrato-azul","status":"publish","type":"product","link":"https:\/\/olemosaic.orbitalia.org\/pt-pt\/produto\/capa-de-telemovel-para-iphone-14-tpu-abstrato-azul\/","title":{"rendered":"Capa de telem\u00f3vel para iPhone 14 (TPU). Abstrato. Azul"},"content":{"rendered":"<p>Capa para iPhone 14 com design abstrato em tons de azul, verde e amarelo. Esta capa, fabricada em TPU, combina estilo e prote\u00e7\u00e3o, ideal para quem n\u00e3o quer sacrificar a est\u00e9tica pela funcionalidade. O padr\u00e3o de diamantes, que evoca uma sensa\u00e7\u00e3o de modernidade e dinamismo, real\u00e7a a criatividade contempor\u00e2nea e permite que o seu telem\u00f3vel se destaque em qualquer ambiente urbano.<\/p>\n<p>A superf\u00edcie suave do material TPU n\u00e3o s\u00f3 proporciona uma ader\u00eancia confort\u00e1vel, como tamb\u00e9m \u00e9 resistente ao desgaste di\u00e1rio, protegendo o seu dispositivo de quedas e riscos. Com um design que se adapta perfeitamente ao iPhone 14, esta capa garante um acesso f\u00e1cil a todos os bot\u00f5es e portas, assegurando que possa desfrutar de todas as funcionalidades do seu telem\u00f3vel sem inconvenientes.<\/p>\n<p>Esta capa abstrata \u00e9 mais do que um simples acess\u00f3rio; \u00e9 um s\u00edmbolo da fus\u00e3o entre arte e tecnologia, refletindo a ess\u00eancia do mundo moderno. Um souvenir perfeito para os viajantes que procuram uma recorda\u00e7\u00e3o funcional e \u00fanica da sua passagem por Espanha, sem deixar de ser uma op\u00e7\u00e3o atrativa para lojas de presentes tur\u00edsticos. Na Ol\u00e9 Mosaic, distribu\u00edmos capas de qualidade por grosso, ideais para quem deseja oferecer produtos aut\u00eanticos e representativos da cultura contempor\u00e2nea.<\/p>\n","protected":false},"excerpt":{"rendered":"<p>Capa para iPhone 14 de TPU com design abstrato em tons de azul, verde e amarelo. Este acess\u00f3rio funde eleg\u00e2ncia e prote\u00e7\u00e3o, com um padr\u00e3o de diamantes que transmite modernidade e dinamismo. A textura suave do TPU assegura uma ader\u00eancia confort\u00e1vel e resist\u00eancia ao uso di\u00e1rio, perfeita para quem procura estilo e funcionalidade no seu telem\u00f3vel.<\/p>\n","protected":false},"featured_media":12365,"template":"","meta":{"_acf_changed":false},"product_brand":[],"product_cat":[685],"product_tag":[],"class_list":{"0":"post-35927","1":"product","2":"type-product","3":"status-publish","4":"has-post-thumbnail","6":"product_cat-capas-para-telemoveis","7":"pa_motivo-resumo","9":"first","10":"instock","11":"shipping-taxable","12":"product-type-simple"},"acf":[],"_links":{"self":[{"href":"https:\/\/olemosaic.orbitalia.org\/pt-pt\/wp-json\/wp\/v2\/product\/35927","targetHints":{"allow":["GET"]}}],"collection":[{"href":"https:\/\/olemosaic.orbitalia.org\/pt-pt\/wp-json\/wp\/v2\/product"}],"about":[{"href":"https:\/\/olemosaic.orbitalia.org\/pt-pt\/wp-json\/wp\/v2\/types\/product"}],"wp:featuredmedia":[{"embeddable":true,"href":"https:\/\/olemosaic.orbitalia.org\/pt-pt\/wp-json\/wp\/v2\/media\/12365"}],"wp:attachment":[{"href":"https:\/\/olemosaic.orbitalia.org\/pt-pt\/wp-json\/wp\/v2\/media?parent=35927"}],"wp:term":[{"taxonomy":"product_brand","embeddable":true,"href":"https:\/\/olemosaic.orbitalia.org\/pt-pt\/wp-json\/wp\/v2\/product_brand?post=35927"},{"taxonomy":"product_cat","embeddable":true,"href":"https:\/\/olemosaic.orbitalia.org\/pt-pt\/wp-json\/wp\/v2\/product_cat?post=35927"},{"taxonomy":"product_tag","embeddable":true,"href":"https:\/\/olemosaic.orbitalia.org\/pt-pt\/wp-json\/wp\/v2\/product_tag?post=35927"}],"curies":[{"name":"wp","href":"https:\/\/api.w.org\/{rel}","templated":true}]}}