{"id":35903,"date":"2025-02-20T22:35:18","date_gmt":"2025-02-20T22:35:18","guid":{"rendered":"https:\/\/olemosaic.orbitalia.org\/producto\/funda-de-telefono-para-iphone-13-promax-tpu-salamandra-barcelona-negro\/"},"modified":"2025-07-25T19:57:56","modified_gmt":"2025-07-25T17:57:56","slug":"capa-de-telemovel-para-iphone-13-pro-max-tpu-salamandra-barcelona-preto","status":"publish","type":"product","link":"https:\/\/olemosaic.orbitalia.org\/pt-pt\/produto\/capa-de-telemovel-para-iphone-13-pro-max-tpu-salamandra-barcelona-preto\/","title":{"rendered":"Capa de telem\u00f3vel para iPhone 13 Pro Max (TPU). Salamandra. Barcelona. Preto"},"content":{"rendered":"<p>Capa para iPhone 13 Pro Max decorada com ilustra\u00e7\u00f5es coloridas de salamandras e flores, que evocam a vibrante arte de Barcelona. Esta atrativa capa, fabricada em TPU \u2014 um material flex\u00edvel e resistente \u2014, protege o seu dispositivo de quedas e riscos. O seu design contempor\u00e2neo mostra salamandras em tons de azul, verde, vermelho e amarelo, inspiradas nos mosaicos caracter\u00edsticos da obra de Antoni Gaud\u00ed, um dos maiores expoentes do modernismo catal\u00e3o. Com um fundo preto que real\u00e7a as cores vivas, e a palavra &#8220;Barcelona&#8221; escrita numa tipografia elegante, esta capa n\u00e3o s\u00f3 \u00e9 funcional, como tamb\u00e9m presta homenagem \u00e0 rica cultura e tradi\u00e7\u00e3o art\u00edstica da cidade.<\/p>\n<p>As salamandras e flores desenhadas simbolizam a liga\u00e7\u00e3o de Barcelona com a natureza e a arte, tornando esta capa uma recorda\u00e7\u00e3o perfeita para turistas que procuram levar um peda\u00e7o desta emblem\u00e1tica cidade. Na Ol\u00e9 Mosaic, como distribuidores de souvenirs de qualidade, oferecemos produtos aut\u00eanticos que celebram a identidade cultural de Espanha. Esta capa \u00e9 uma excelente op\u00e7\u00e3o para lojas de presentes tur\u00edsticos, ideal para aqueles clientes que valorizam a fus\u00e3o entre funcionalidade e representa\u00e7\u00e3o cultural. A arte de Barcelona nunca foi t\u00e3o acess\u00edvel e bela.<\/p>\n","protected":false},"excerpt":{"rendered":"<p>Capa para iPhone 13 Pro Max fabricada em TPU, decorada com coloridas ilustra\u00e7\u00f5es de salamandras e flores, que representam a arte barcelonesa. O seu design vibrante e contempor\u00e2neo inclui detalhes em tons de azul, verde, vermelho e amarelo, evocando os mosaicos t\u00edpicos da cidade. Com a palavra &#8220;Barcelona&#8221; numa tipografia elegante, esta capa n\u00e3o s\u00f3 protege o seu dispositivo, como tamb\u00e9m celebra a riqueza cultural da cidade.<\/p>\n","protected":false},"featured_media":12346,"template":"","meta":{"_acf_changed":false},"product_brand":[],"product_cat":[685],"product_tag":[516],"class_list":{"0":"post-35903","1":"product","2":"type-product","3":"status-publish","4":"has-post-thumbnail","6":"product_cat-capas-para-telemoveis","7":"product_tag-animais","8":"pa_ciudad-barcelona","9":"pa_motivo-salamandras","10":"pa_pais-espana","12":"first","13":"instock","14":"shipping-taxable","15":"product-type-simple"},"acf":[],"_links":{"self":[{"href":"https:\/\/olemosaic.orbitalia.org\/pt-pt\/wp-json\/wp\/v2\/product\/35903","targetHints":{"allow":["GET"]}}],"collection":[{"href":"https:\/\/olemosaic.orbitalia.org\/pt-pt\/wp-json\/wp\/v2\/product"}],"about":[{"href":"https:\/\/olemosaic.orbitalia.org\/pt-pt\/wp-json\/wp\/v2\/types\/product"}],"wp:featuredmedia":[{"embeddable":true,"href":"https:\/\/olemosaic.orbitalia.org\/pt-pt\/wp-json\/wp\/v2\/media\/12346"}],"wp:attachment":[{"href":"https:\/\/olemosaic.orbitalia.org\/pt-pt\/wp-json\/wp\/v2\/media?parent=35903"}],"wp:term":[{"taxonomy":"product_brand","embeddable":true,"href":"https:\/\/olemosaic.orbitalia.org\/pt-pt\/wp-json\/wp\/v2\/product_brand?post=35903"},{"taxonomy":"product_cat","embeddable":true,"href":"https:\/\/olemosaic.orbitalia.org\/pt-pt\/wp-json\/wp\/v2\/product_cat?post=35903"},{"taxonomy":"product_tag","embeddable":true,"href":"https:\/\/olemosaic.orbitalia.org\/pt-pt\/wp-json\/wp\/v2\/product_tag?post=35903"}],"curies":[{"name":"wp","href":"https:\/\/api.w.org\/{rel}","templated":true}]}}