{"id":35891,"date":"2025-02-20T22:35:17","date_gmt":"2025-02-20T22:35:17","guid":{"rendered":"https:\/\/olemosaic.orbitalia.org\/producto\/funda-de-telefono-para-iphone-13-promax-tpu-panoramica-barcelona-blanco\/"},"modified":"2025-07-25T20:21:36","modified_gmt":"2025-07-25T18:21:36","slug":"capa-de-telemovel-para-iphone-13-pro-max-tpu-panoramica-barcelona-branco","status":"publish","type":"product","link":"https:\/\/olemosaic.orbitalia.org\/pt-pt\/produto\/capa-de-telemovel-para-iphone-13-pro-max-tpu-panoramica-barcelona-branco\/","title":{"rendered":"Capa de telem\u00f3vel para iPhone 13 Pro Max (TPU). Panor\u00e2mica. Barcelona. Branco"},"content":{"rendered":"<p>Capa para iPhone 13 Pro Max com um vibrante design de Barcelona, fabricada em TPU, que n\u00e3o s\u00f3 protege o telem\u00f3vel, como tamb\u00e9m enaltece a beleza arquitet\u00f3nica da cidade. Esta capa mostra uma colorida panor\u00e2mica da ic\u00f3nica Sagrada Fam\u00edlia e outros monumentos emblem\u00e1ticos, representados com mosaicos vibrantes que evocam o genial estilo de Antoni Gaud\u00ed. A base branca da capa cria um belo contraste que acentua os tons intensos e brilhantes dos monumentos, gerando um efeito art\u00edstico e moderno que atrair\u00e1 todos os olhares.<\/p>\n<p>O design capta a ess\u00eancia de Barcelona, uma cidade famosa pela sua arquitetura \u00fanica e pela sua rica heran\u00e7a cultural. A Sagrada Fam\u00edlia, com as suas imponentes torres e os seus detalhes intrincados, \u00e9 o s\u00edmbolo perfeito da cidade, enquanto outros edif\u00edcios emblem\u00e1ticos completam a vibrante representa\u00e7\u00e3o de uma paisagem urbana distintiva. Esta capa n\u00e3o s\u00f3 protege o seu dispositivo de choques e riscos, como tamb\u00e9m permite a turistas e amantes da cidade levar um peda\u00e7o de Barcelona para todo o lado.<\/p>\n<p>Na Ol\u00e9 Mosaic, dedicamo-nos \u00e0 distribui\u00e7\u00e3o de souvenirs por grosso, e esta capa \u00e9 uma excelente op\u00e7\u00e3o para lojas de recorda\u00e7\u00f5es tur\u00edsticas que procurem oferecer produtos aut\u00eanticos e representativos. Com o seu design excecional e a sua relev\u00e2ncia cultural, esta capa para telem\u00f3vel \u00e9 o souvenir perfeito para quem deseja recordar a sua visita a Barcelona.<\/p>\n","protected":false},"excerpt":{"rendered":"<p>Capa para iPhone 13 Pro Max fabricada em TPU, com uma vibrante ilustra\u00e7\u00e3o panor\u00e2mica de Barcelona. O design destaca a ic\u00f3nica Sagrada Fam\u00edlia e outros monumentos emblem\u00e1ticos, representados com mosaicos coloridos que evocam o estilo de Gaud\u00ed. A base branca real\u00e7a os tons intensos dos edif\u00edcios, conferindo um toque art\u00edstico e moderno. Perfeita para proteger o seu dispositivo e mostrar o seu amor pela cidade.<\/p>\n","protected":false},"featured_media":12334,"template":"","meta":{"_acf_changed":false},"product_brand":[],"product_cat":[685],"product_tag":[],"class_list":{"0":"post-35891","1":"product","2":"type-product","3":"status-publish","4":"has-post-thumbnail","6":"product_cat-capas-para-telemoveis","7":"pa_ciudad-barcelona","8":"pa_motivo-panoramas","9":"pa_pais-espana","11":"first","12":"instock","13":"shipping-taxable","14":"product-type-simple"},"acf":[],"_links":{"self":[{"href":"https:\/\/olemosaic.orbitalia.org\/pt-pt\/wp-json\/wp\/v2\/product\/35891","targetHints":{"allow":["GET"]}}],"collection":[{"href":"https:\/\/olemosaic.orbitalia.org\/pt-pt\/wp-json\/wp\/v2\/product"}],"about":[{"href":"https:\/\/olemosaic.orbitalia.org\/pt-pt\/wp-json\/wp\/v2\/types\/product"}],"wp:featuredmedia":[{"embeddable":true,"href":"https:\/\/olemosaic.orbitalia.org\/pt-pt\/wp-json\/wp\/v2\/media\/12334"}],"wp:attachment":[{"href":"https:\/\/olemosaic.orbitalia.org\/pt-pt\/wp-json\/wp\/v2\/media?parent=35891"}],"wp:term":[{"taxonomy":"product_brand","embeddable":true,"href":"https:\/\/olemosaic.orbitalia.org\/pt-pt\/wp-json\/wp\/v2\/product_brand?post=35891"},{"taxonomy":"product_cat","embeddable":true,"href":"https:\/\/olemosaic.orbitalia.org\/pt-pt\/wp-json\/wp\/v2\/product_cat?post=35891"},{"taxonomy":"product_tag","embeddable":true,"href":"https:\/\/olemosaic.orbitalia.org\/pt-pt\/wp-json\/wp\/v2\/product_tag?post=35891"}],"curies":[{"name":"wp","href":"https:\/\/api.w.org\/{rel}","templated":true}]}}