{"id":35860,"date":"2025-02-20T22:35:15","date_gmt":"2025-02-20T22:35:15","guid":{"rendered":"https:\/\/olemosaic.orbitalia.org\/producto\/funda-de-telefono-para-iphone-13-pro-tpu-mosaico-blanco\/"},"modified":"2025-07-25T19:05:13","modified_gmt":"2025-07-25T17:05:13","slug":"capa-de-telemovel-para-iphone-13-pro-tpu-mosaico-branco","status":"publish","type":"product","link":"https:\/\/olemosaic.orbitalia.org\/pt-pt\/produto\/capa-de-telemovel-para-iphone-13-pro-tpu-mosaico-branco\/","title":{"rendered":"Capa para telem\u00f3vel para iPhone 13 Pro (TPU). Mosaico. Branco"},"content":{"rendered":"<p>Capa de telem\u00f3vel para iPhone 13 Pro com design de mosaico. Esta requintada capa, fabricada em TPU, destaca-se pelo seu vibrante motivo que presta homenagem aos tradicionais azulejos espanh\u00f3is, um elemento ic\u00f3nico do patrim\u00f3nio cultural de Espanha. A colorida combina\u00e7\u00e3o de azuis, vermelhos, laranjas e brancos atrai o olhar e reflete um estilo aut\u00eantico, com padr\u00f5es geom\u00e9tricos e florais que evocam a arte e a tradi\u00e7\u00e3o. A robustez do material TPU n\u00e3o s\u00f3 assegura uma prote\u00e7\u00e3o perfeita contra golpes e quedas, como tamb\u00e9m proporciona uma sensa\u00e7\u00e3o agrad\u00e1vel ao toque, garantindo uma ader\u00eancia segura.<\/p>\n<p>Cada detalhe da capa foi cuidadosamente desenhado para real\u00e7ar o artesanato por tr\u00e1s da arte do mosaico, especialmente representativo em cidades como Sevilha e Granada, onde os azulejos adornam edif\u00edcios e pra\u00e7as. Este produto, que combina funcionalidade e est\u00e9tica, \u00e9 um excelente souvenir para aqueles que procuram levar um pedacinho de Espanha para as suas casas. Na Ol\u00e9 Mosaic, estamos comprometidos com a distribui\u00e7\u00e3o de souvenirs de alta qualidade por grosso, e esta capa \u00e9 uma amostra excecional de como as recorda\u00e7\u00f5es podem ser tanto pr\u00e1ticas como art\u00edsticas. \u00c9 perfeita para lojas de presentes tur\u00edsticos que desejem oferecer aos seus clientes um artigo \u00fanico e significativo que celebre a cultura espanhola.<\/p>\n","protected":false},"excerpt":{"rendered":"<p>Capa para iPhone 13 Pro fabricada em TPU, decorada com um vibrante design de mosaico. Esta capa apresenta uma colorida combina\u00e7\u00e3o de azuis, vermelhos, laranjas e brancos, que evoca o estilo distintivo dos azulejos tradicionais espanh\u00f3is. Os seus padr\u00f5es geom\u00e9tricos e florais conferem um toque art\u00edstico e cultural, ideal para quem procura proteger o seu dispositivo com eleg\u00e2ncia e originalidade, ao mesmo tempo que celebra o patrim\u00f3nio visual de Espanha.<\/p>\n","protected":false},"featured_media":13017,"template":"","meta":{"_acf_changed":false},"product_brand":[],"product_cat":[685],"product_tag":[],"class_list":{"0":"post-35860","1":"product","2":"type-product","3":"status-publish","4":"has-post-thumbnail","6":"product_cat-capas-para-telemoveis","7":"pa_motivo-mosaico","9":"first","10":"instock","11":"shipping-taxable","12":"product-type-simple"},"acf":[],"_links":{"self":[{"href":"https:\/\/olemosaic.orbitalia.org\/pt-pt\/wp-json\/wp\/v2\/product\/35860","targetHints":{"allow":["GET"]}}],"collection":[{"href":"https:\/\/olemosaic.orbitalia.org\/pt-pt\/wp-json\/wp\/v2\/product"}],"about":[{"href":"https:\/\/olemosaic.orbitalia.org\/pt-pt\/wp-json\/wp\/v2\/types\/product"}],"wp:featuredmedia":[{"embeddable":true,"href":"https:\/\/olemosaic.orbitalia.org\/pt-pt\/wp-json\/wp\/v2\/media\/13017"}],"wp:attachment":[{"href":"https:\/\/olemosaic.orbitalia.org\/pt-pt\/wp-json\/wp\/v2\/media?parent=35860"}],"wp:term":[{"taxonomy":"product_brand","embeddable":true,"href":"https:\/\/olemosaic.orbitalia.org\/pt-pt\/wp-json\/wp\/v2\/product_brand?post=35860"},{"taxonomy":"product_cat","embeddable":true,"href":"https:\/\/olemosaic.orbitalia.org\/pt-pt\/wp-json\/wp\/v2\/product_cat?post=35860"},{"taxonomy":"product_tag","embeddable":true,"href":"https:\/\/olemosaic.orbitalia.org\/pt-pt\/wp-json\/wp\/v2\/product_tag?post=35860"}],"curies":[{"name":"wp","href":"https:\/\/api.w.org\/{rel}","templated":true}]}}