{"id":35824,"date":"2025-02-20T22:35:14","date_gmt":"2025-02-20T22:35:14","guid":{"rendered":"https:\/\/olemosaic.orbitalia.org\/producto\/funda-de-telefono-para-iphone-13-tpu-sagrada-familia-barcelona-azul\/"},"modified":"2025-07-25T19:00:31","modified_gmt":"2025-07-25T17:00:31","slug":"capa-para-telemovel-para-iphone-13-tpu-sagrada-familia-barcelona-azul","status":"publish","type":"product","link":"https:\/\/olemosaic.orbitalia.org\/pt-pt\/produto\/capa-para-telemovel-para-iphone-13-tpu-sagrada-familia-barcelona-azul\/","title":{"rendered":"Capa para telem\u00f3vel para iPhone 13 (TPU). Sagrada Fam\u00edlia. Barcelona. Azul"},"content":{"rendered":"<p>Capa para iPhone 13 decorada com uma ilustra\u00e7\u00e3o vibrante da Sagrada Fam\u00edlia de Barcelona. Este acess\u00f3rio combina estilo e prote\u00e7\u00e3o, fabricado em TPU de alta qualidade que garante um ajuste perfeito e uma prote\u00e7\u00e3o eficaz contra choques e riscos. A capa capta a ess\u00eancia da emblem\u00e1tica Sagrada Fam\u00edlia, destacando as suas majestosas torres e elaborados elementos arquitet\u00f3nicos, tudo isto representado numa paleta de cores vivas que inclui azuis, vermelhos e laranjas, com um c\u00e9u limpo de fundo que real\u00e7a cada detalhe. A palavra &#8220;Barcelona&#8221; apresenta-se numa tipografia elegante, acrescentando um toque moderno e distintivo ao design.<\/p>\n<p>A Sagrada Fam\u00edlia, desenhada pelo famoso arquiteto Antoni Gaud\u00ed, \u00e9 um s\u00edmbolo n\u00e3o s\u00f3 de Barcelona, mas de toda a cultura catal\u00e3, e esta recorda\u00e7\u00e3o converte o seu dispositivo num tributo a um dos monumentos mais ic\u00f3nicos do mundo. Ideal para turistas e amantes da arte que procuram uma recorda\u00e7\u00e3o aut\u00eantica da sua viagem. Na Ol\u00e9 Mosaic, como distribuidor de souvenirs por grosso, oferecemos esta capa como uma excelente op\u00e7\u00e3o para lojas de presentes tur\u00edsticos que desejam oferecer produtos aut\u00eanticos e de qualidade que celebrem a rica heran\u00e7a cultural de Espanha e a sua monumentalidade.<\/p>\n","protected":false},"excerpt":{"rendered":"<p>Capa para iPhone 13 fabricada em TPU, decorada com uma ilustra\u00e7\u00e3o vibrante da Sagrada Fam\u00edlia de Barcelona. A capa mostra uma cena detalhada do emblem\u00e1tico templo, destacando as suas torres e elementos arquitet\u00f3nicos em tons azuis, vermelhos e laranjas, sobre um fundo de c\u00e9u limpo. O design inclui a palavra &#8220;Barcelona&#8221; numa tipografia elegante, captando a ess\u00eancia cultural da cidade e oferecendo uma prote\u00e7\u00e3o estilizada para o seu dispositivo.<\/p>\n","protected":false},"featured_media":12287,"template":"","meta":{"_acf_changed":false},"product_brand":[],"product_cat":[685],"product_tag":[],"class_list":{"0":"post-35824","1":"product","2":"type-product","3":"status-publish","4":"has-post-thumbnail","6":"product_cat-capas-para-telemoveis","7":"pa_ciudad-barcelona","8":"pa_motivo-sagrada-familia","9":"pa_pais-espana","11":"first","12":"instock","13":"shipping-taxable","14":"product-type-simple"},"acf":[],"_links":{"self":[{"href":"https:\/\/olemosaic.orbitalia.org\/pt-pt\/wp-json\/wp\/v2\/product\/35824","targetHints":{"allow":["GET"]}}],"collection":[{"href":"https:\/\/olemosaic.orbitalia.org\/pt-pt\/wp-json\/wp\/v2\/product"}],"about":[{"href":"https:\/\/olemosaic.orbitalia.org\/pt-pt\/wp-json\/wp\/v2\/types\/product"}],"wp:featuredmedia":[{"embeddable":true,"href":"https:\/\/olemosaic.orbitalia.org\/pt-pt\/wp-json\/wp\/v2\/media\/12287"}],"wp:attachment":[{"href":"https:\/\/olemosaic.orbitalia.org\/pt-pt\/wp-json\/wp\/v2\/media?parent=35824"}],"wp:term":[{"taxonomy":"product_brand","embeddable":true,"href":"https:\/\/olemosaic.orbitalia.org\/pt-pt\/wp-json\/wp\/v2\/product_brand?post=35824"},{"taxonomy":"product_cat","embeddable":true,"href":"https:\/\/olemosaic.orbitalia.org\/pt-pt\/wp-json\/wp\/v2\/product_cat?post=35824"},{"taxonomy":"product_tag","embeddable":true,"href":"https:\/\/olemosaic.orbitalia.org\/pt-pt\/wp-json\/wp\/v2\/product_tag?post=35824"}],"curies":[{"name":"wp","href":"https:\/\/api.w.org\/{rel}","templated":true}]}}