{"id":35814,"date":"2025-02-20T22:35:13","date_gmt":"2025-02-20T22:35:13","guid":{"rendered":"https:\/\/olemosaic.orbitalia.org\/producto\/funda-de-telefono-para-iphone-13-tpu-motivos-marinos-azul\/"},"modified":"2025-07-25T20:25:42","modified_gmt":"2025-07-25T18:25:42","slug":"capa-de-telemovel-para-iphone-13-tpu-motivos-marinhos-azul","status":"publish","type":"product","link":"https:\/\/olemosaic.orbitalia.org\/pt-pt\/produto\/capa-de-telemovel-para-iphone-13-tpu-motivos-marinhos-azul\/","title":{"rendered":"Capa de telem\u00f3vel para iPhone 13 (TPU). Motivos marinhos. Azul"},"content":{"rendered":"<p>Capa para iPhone 13 com motivos marinhos encantadores. Esta capa, elaborada em TPU, destaca-se pelo seu design vibrante numa bela gama de tons azuis, que capta a ess\u00eancia de um mundo submarino cheio de vida. Na ilustra\u00e7\u00e3o, observa-se um ballet aqu\u00e1tico de golfinhos a brincar alegremente, tartarugas a nadar com gra\u00e7a e cavalos-marinhos coloridos, todos situados num ambiente oce\u00e2nico din\u00e2mico. Os elementos decorativos est\u00e3o representados com formas de mosaico, o que n\u00e3o s\u00f3 confere um toque art\u00edstico, mas tamb\u00e9m presta homenagem \u00e0 tradi\u00e7\u00e3o da arte do mosaico, profundamente enraizada nas culturas mediterr\u00e2nicas.<\/p>\n<p>Esta capa \u00e9 perfeita para quem ama o mar e deseja proteger o seu iPhone 13 com estilo. Al\u00e9m da sua funcionalidade, este acess\u00f3rio torna-se uma recorda\u00e7\u00e3o aut\u00eantica que evoca a beleza da natureza marinha, ideal para turistas em busca de souvenirs representativos das suas viagens. A liga\u00e7\u00e3o cultural deste design com o litoral mediterr\u00e2nico real\u00e7a o seu valor e significado como souvenir. Na Ol\u00e9 Mosaic, garantimos produtos de alta qualidade e autenticidade, oferecendo \u00e0s lojas de presentes tur\u00edsticos uma excelente op\u00e7\u00e3o para quem procura artigos que conjuguem arte, prote\u00e7\u00e3o e encanto. Esta capa \u00e9, sem d\u00favida, uma adi\u00e7\u00e3o singular a qualquer cole\u00e7\u00e3o de souvenirs marinhos.<\/p>\n","protected":false},"excerpt":{"rendered":"<p>Capa para iPhone 13 fabricada em TPU com motivos marinhos encantadores. Apresenta um design vibrante em tons azuis que mostra uma colorida vida submarina, com golfinhos, tartarugas e cavalos-marinhos num ambiente oce\u00e2nico. Os elementos decorativos est\u00e3o representados com formas de mosaico, conferindo um toque art\u00edstico. Ideal para os amantes do mar, esta capa combina prote\u00e7\u00e3o e estilo, refletindo a beleza da natureza marinha.<\/p>\n","protected":false},"featured_media":12285,"template":"","meta":{"_acf_changed":false},"product_brand":[],"product_cat":[685],"product_tag":[516],"class_list":{"0":"post-35814","1":"product","2":"type-product","3":"status-publish","4":"has-post-thumbnail","6":"product_cat-capas-para-telemoveis","7":"product_tag-animais","8":"pa_motivo-animais-marinhos","10":"first","11":"instock","12":"shipping-taxable","13":"product-type-simple"},"acf":[],"_links":{"self":[{"href":"https:\/\/olemosaic.orbitalia.org\/pt-pt\/wp-json\/wp\/v2\/product\/35814","targetHints":{"allow":["GET"]}}],"collection":[{"href":"https:\/\/olemosaic.orbitalia.org\/pt-pt\/wp-json\/wp\/v2\/product"}],"about":[{"href":"https:\/\/olemosaic.orbitalia.org\/pt-pt\/wp-json\/wp\/v2\/types\/product"}],"wp:featuredmedia":[{"embeddable":true,"href":"https:\/\/olemosaic.orbitalia.org\/pt-pt\/wp-json\/wp\/v2\/media\/12285"}],"wp:attachment":[{"href":"https:\/\/olemosaic.orbitalia.org\/pt-pt\/wp-json\/wp\/v2\/media?parent=35814"}],"wp:term":[{"taxonomy":"product_brand","embeddable":true,"href":"https:\/\/olemosaic.orbitalia.org\/pt-pt\/wp-json\/wp\/v2\/product_brand?post=35814"},{"taxonomy":"product_cat","embeddable":true,"href":"https:\/\/olemosaic.orbitalia.org\/pt-pt\/wp-json\/wp\/v2\/product_cat?post=35814"},{"taxonomy":"product_tag","embeddable":true,"href":"https:\/\/olemosaic.orbitalia.org\/pt-pt\/wp-json\/wp\/v2\/product_tag?post=35814"}],"curies":[{"name":"wp","href":"https:\/\/api.w.org\/{rel}","templated":true}]}}