{"id":35748,"date":"2025-02-20T23:35:09","date_gmt":"2025-02-20T22:35:09","guid":{"rendered":"https:\/\/olemosaic.orbitalia.org\/producto\/funda-de-telefono-para-iphone-12-pro-tpu-motivos-marinos-azul-2\/"},"modified":"2025-07-25T18:45:16","modified_gmt":"2025-07-25T16:45:16","slug":"capa-para-telemovel-para-iphone-12-pro-tpu-motivos-marinhos-azul-2","status":"publish","type":"product","link":"https:\/\/olemosaic.orbitalia.org\/pt-pt\/produto\/capa-para-telemovel-para-iphone-12-pro-tpu-motivos-marinhos-azul-2\/","title":{"rendered":"Capa para telem\u00f3vel para iPhone 12 Pro (TPU). Motivos marinhos. Estilo mediterr\u00e2nico. Azul"},"content":{"rendered":"<p>Capa para iPhone 12 Pro com vibrantes motivos marinhos de Maiorca. Esta excecional capa, elaborada em TPU, um material flex\u00edvel e duradouro, proporciona uma prote\u00e7\u00e3o eficaz contra quedas e riscos, ao mesmo tempo que oferece um toque est\u00e9tico inconfund\u00edvel. O seu design destaca uma cena submarina que captura a ess\u00eancia do Mediterr\u00e2neo, com peixes coloridos, elegantes tartarugas e encantadores cavalos-marinhos a nadar sobre um fundo azul profundo, evocando as \u00e1guas cristalinas das costas de Maiorca. A parte inferior da capa apresenta um belo mosaico que confere um toque art\u00edstico adicional, simbolizando a rica tradi\u00e7\u00e3o cultural da ilha.<\/p>\n<p>Este acess\u00f3rio n\u00e3o s\u00f3 protege o seu dispositivo, como tamb\u00e9m \u00e9 uma declara\u00e7\u00e3o de estilo, perfeito para quem deseja levar consigo um peda\u00e7o do oceano. A liga\u00e7\u00e3o cultural com Maiorca ressoa em cada detalhe, tornando esta capa numa recorda\u00e7\u00e3o representativa que celebra a vibrante vida marinha do Mediterr\u00e2neo. Na Ol\u00e9 Mosaic, especializamo-nos na distribui\u00e7\u00e3o de souvenirs por grosso, oferecendo produtos aut\u00eanticos e de qualidade como esta capa, ideal para lojas de presentes tur\u00edsticos que procuram artigos \u00fanicos e inspiradores. Com a sua combina\u00e7\u00e3o de funcionalidade e arte, esta capa para iPhone \u00e9 a escolha perfeita para os turistas que procuram uma recorda\u00e7\u00e3o aut\u00eantica da beleza de Maiorca.<\/p>\n","protected":false},"excerpt":{"rendered":"<p>Capa para iPhone 12 Pro fabricada em TPU, decorada com motivos marinhos vibrantes que evocam a beleza de Maiorca. O design apresenta uma cena submarina com peixes coloridos, tartarugas e cavalos-marinhos sobre um fundo azul profundo que representa o oceano. A parte inferior inclui um mosaico que adiciona um toque art\u00edstico. Este acess\u00f3rio n\u00e3o s\u00f3 protege o seu telem\u00f3vel, como tamb\u00e9m celebra a rica vida marinha do Mediterr\u00e2neo, tornando o seu dispositivo numa express\u00e3o de estilo.<\/p>\n","protected":false},"featured_media":12917,"template":"","meta":{"_acf_changed":false},"product_brand":[],"product_cat":[685],"product_tag":[516],"class_list":{"0":"post-35748","1":"product","2":"type-product","3":"status-publish","4":"has-post-thumbnail","6":"product_cat-capas-para-telemoveis","7":"product_tag-animais","8":"pa_ciudad-mallorca","9":"pa_motivo-animais-marinhos","10":"pa_pais-espana","12":"first","13":"instock","14":"shipping-taxable","15":"product-type-simple"},"acf":[],"_links":{"self":[{"href":"https:\/\/olemosaic.orbitalia.org\/pt-pt\/wp-json\/wp\/v2\/product\/35748","targetHints":{"allow":["GET"]}}],"collection":[{"href":"https:\/\/olemosaic.orbitalia.org\/pt-pt\/wp-json\/wp\/v2\/product"}],"about":[{"href":"https:\/\/olemosaic.orbitalia.org\/pt-pt\/wp-json\/wp\/v2\/types\/product"}],"wp:featuredmedia":[{"embeddable":true,"href":"https:\/\/olemosaic.orbitalia.org\/pt-pt\/wp-json\/wp\/v2\/media\/12917"}],"wp:attachment":[{"href":"https:\/\/olemosaic.orbitalia.org\/pt-pt\/wp-json\/wp\/v2\/media?parent=35748"}],"wp:term":[{"taxonomy":"product_brand","embeddable":true,"href":"https:\/\/olemosaic.orbitalia.org\/pt-pt\/wp-json\/wp\/v2\/product_brand?post=35748"},{"taxonomy":"product_cat","embeddable":true,"href":"https:\/\/olemosaic.orbitalia.org\/pt-pt\/wp-json\/wp\/v2\/product_cat?post=35748"},{"taxonomy":"product_tag","embeddable":true,"href":"https:\/\/olemosaic.orbitalia.org\/pt-pt\/wp-json\/wp\/v2\/product_tag?post=35748"}],"curies":[{"name":"wp","href":"https:\/\/api.w.org\/{rel}","templated":true}]}}