{"id":35746,"date":"2025-02-20T22:35:09","date_gmt":"2025-02-20T22:35:09","guid":{"rendered":"https:\/\/olemosaic.orbitalia.org\/producto\/funda-de-telefono-para-iphone-12-pro-tpu-motivos-marinos-azul\/"},"modified":"2025-07-25T18:55:10","modified_gmt":"2025-07-25T16:55:10","slug":"capa-para-telemovel-para-iphone-12-pro-tpu-motivos-marinhos-azul","status":"publish","type":"product","link":"https:\/\/olemosaic.orbitalia.org\/pt-pt\/produto\/capa-para-telemovel-para-iphone-12-pro-tpu-motivos-marinhos-azul\/","title":{"rendered":"Capa para telem\u00f3vel para iPhone 12 Pro (TPU). Motivos marinhos. Azul"},"content":{"rendered":"<p>Capa para iPhone 12 Pro com motivos marinhos<\/p>\n<p>Descubra a nossa capa para iPhone 12 Pro, fabricada em TPU de alta qualidade. Oferece uma prote\u00e7\u00e3o excecional para o seu dispositivo e uma est\u00e9tica vibrante inspirada na beleza do oceano. Esta capa apresenta um design cativante que integra uma colorida cole\u00e7\u00e3o de animais marinhos, como golfinhos, tartarugas e cavalos-marinhos, rodeados por um ambiente submarino encantador. Os vibrantes tons azuis e alaranjados criam um contraste harmonioso, evocando a alegria e o dinamismo da vida marinha.<\/p>\n<p>Cada detalhe \u00e9 meticulosamente desenhado para capturar a ess\u00eancia do oceano, com um acabamento brilhante que real\u00e7a os gr\u00e1ficos coloridos e lhes confere um toque art\u00edstico. A parte inferior da capa exibe uma representa\u00e7\u00e3o de um fundo marinho ricamente detalhado, misturando texturas de coral e elementos submarinos que transportam quem a usa para um mundo submarino fascinante.<\/p>\n<p>Este produto n\u00e3o \u00e9 apenas um acess\u00f3rio pr\u00e1tico e funcional, mas tamb\u00e9m uma aut\u00eantica recorda\u00e7\u00e3o que celebra a liga\u00e7\u00e3o cultural com a vida mar\u00edtima. Perfeita para turistas que procuram souvenirs de car\u00e1ter local, esta capa \u00e9 uma excelente op\u00e7\u00e3o para lojas de presentes tur\u00edsticos. Na Ol\u00e9 Mosaic, distribu\u00edmos produtos como esta capa de iPhone por grosso, oferecendo artigos que refletem a autenticidade e o encanto da cultura marinha.<\/p>\n","protected":false},"excerpt":{"rendered":"<p>Capa para iPhone 12 Pro fabricada em TPU, adornada com motivos marinhos vibrantes em tons azuis e alaranjados. O design apresenta uma colorida cole\u00e7\u00e3o de animais marinhos como golfinhos, tartarugas e cavalos-marinhos, integrados numa paisagem submarina que evoca a beleza do oceano. Com um acabamento brilhante e uma est\u00e9tica moderna, esta capa n\u00e3o s\u00f3 protege o seu dispositivo, como tamb\u00e9m adiciona um toque art\u00edstico inspirado na vida marinha.<\/p>\n","protected":false},"featured_media":12244,"template":"","meta":{"_acf_changed":false},"product_brand":[],"product_cat":[685],"product_tag":[516],"class_list":{"0":"post-35746","1":"product","2":"type-product","3":"status-publish","4":"has-post-thumbnail","6":"product_cat-capas-para-telemoveis","7":"product_tag-animais","8":"pa_motivo-animais-marinhos","10":"first","11":"instock","12":"shipping-taxable","13":"product-type-simple"},"acf":[],"_links":{"self":[{"href":"https:\/\/olemosaic.orbitalia.org\/pt-pt\/wp-json\/wp\/v2\/product\/35746","targetHints":{"allow":["GET"]}}],"collection":[{"href":"https:\/\/olemosaic.orbitalia.org\/pt-pt\/wp-json\/wp\/v2\/product"}],"about":[{"href":"https:\/\/olemosaic.orbitalia.org\/pt-pt\/wp-json\/wp\/v2\/types\/product"}],"wp:featuredmedia":[{"embeddable":true,"href":"https:\/\/olemosaic.orbitalia.org\/pt-pt\/wp-json\/wp\/v2\/media\/12244"}],"wp:attachment":[{"href":"https:\/\/olemosaic.orbitalia.org\/pt-pt\/wp-json\/wp\/v2\/media?parent=35746"}],"wp:term":[{"taxonomy":"product_brand","embeddable":true,"href":"https:\/\/olemosaic.orbitalia.org\/pt-pt\/wp-json\/wp\/v2\/product_brand?post=35746"},{"taxonomy":"product_cat","embeddable":true,"href":"https:\/\/olemosaic.orbitalia.org\/pt-pt\/wp-json\/wp\/v2\/product_cat?post=35746"},{"taxonomy":"product_tag","embeddable":true,"href":"https:\/\/olemosaic.orbitalia.org\/pt-pt\/wp-json\/wp\/v2\/product_tag?post=35746"}],"curies":[{"name":"wp","href":"https:\/\/api.w.org\/{rel}","templated":true}]}}