{"id":35718,"date":"2025-02-20T22:35:08","date_gmt":"2025-02-20T22:35:08","guid":{"rendered":"https:\/\/olemosaic.orbitalia.org\/producto\/funda-de-telefono-para-iphone-12-pro-tpu-abstracto-negro\/"},"modified":"2025-07-25T20:16:20","modified_gmt":"2025-07-25T18:16:20","slug":"capa-de-telemovel-para-iphone-12-pro-tpu-abstrato-preto","status":"publish","type":"product","link":"https:\/\/olemosaic.orbitalia.org\/pt-pt\/produto\/capa-de-telemovel-para-iphone-12-pro-tpu-abstrato-preto\/","title":{"rendered":"Capa de telem\u00f3vel para iPhone 12 Pro (TPU). Abstrato. Preto"},"content":{"rendered":"<p>Capa para iPhone 12 Pro com design abstrato em cores vibrantes. Esta capa, fabricada em TPU, destaca-se por oferecer uma excelente prote\u00e7\u00e3o para o seu dispositivo sem abdicar do estilo. O design apresenta um impacto visual de nuvens de cores entrela\u00e7adas, com uma paleta que inclui azuis, laranjas e rosas, criando uma apar\u00eancia moderna e art\u00edstica que atrair\u00e1 a aten\u00e7\u00e3o de quem procura personalizar o seu telem\u00f3vel.<\/p>\n<p>A superf\u00edcie da capa, com a sua textura suave e flex\u00edvel, adapta-se perfeitamente ao iPhone 12 Pro, permitindo um acesso f\u00e1cil a todas as portas e bot\u00f5es. Al\u00e9m de proteger contra choques e riscos, esta capa confere um toque de sofistica\u00e7\u00e3o e frescura ao seu smartphone. Ideal para quem deseja um acess\u00f3rio que combine funcionalidade e est\u00e9tica no seu dia a dia, este produto \u00e9 um presente excecional, tamb\u00e9m como recorda\u00e7\u00e3o.<\/p>\n<p>Na Ol\u00e9 Mosaic, especializamo-nos na distribui\u00e7\u00e3o de artigos aut\u00eanticos e representativos de qualidade. Esta capa n\u00e3o \u00e9 apenas uma excelente recorda\u00e7\u00e3o para turistas que visitam Espanha, mas tamb\u00e9m uma op\u00e7\u00e3o perfeita para lojas de presentes tur\u00edsticos que procuram produtos \u00fanicos e atraentes. Com o seu design contempor\u00e2neo e relev\u00e2ncia cultural, esta capa para telem\u00f3vel torna-se um acess\u00f3rio indispens\u00e1vel para os amantes da criatividade e da arte.<\/p>\n","protected":false},"excerpt":{"rendered":"<p>Capa para iPhone 12 Pro fabricada em TPU, com um design abstrato que se destaca pela sua vibrante paleta de cores: azuis, laranjas e rosas. A sua superf\u00edcie reproduz um efeito de nuvens de cores entrela\u00e7adas, que lhe confere um aspeto moderno e art\u00edstico. Ideal para quem procura personalizar e proteger o seu dispositivo, esta capa combina funcionalidade e estilo num acabamento elegante e contempor\u00e2neo.<\/p>\n","protected":false},"featured_media":12254,"template":"","meta":{"_acf_changed":false},"product_brand":[],"product_cat":[685],"product_tag":[],"class_list":{"0":"post-35718","1":"product","2":"type-product","3":"status-publish","4":"has-post-thumbnail","6":"product_cat-capas-para-telemoveis","7":"pa_motivo-resumo","9":"first","10":"instock","11":"shipping-taxable","12":"product-type-simple"},"acf":[],"_links":{"self":[{"href":"https:\/\/olemosaic.orbitalia.org\/pt-pt\/wp-json\/wp\/v2\/product\/35718","targetHints":{"allow":["GET"]}}],"collection":[{"href":"https:\/\/olemosaic.orbitalia.org\/pt-pt\/wp-json\/wp\/v2\/product"}],"about":[{"href":"https:\/\/olemosaic.orbitalia.org\/pt-pt\/wp-json\/wp\/v2\/types\/product"}],"wp:featuredmedia":[{"embeddable":true,"href":"https:\/\/olemosaic.orbitalia.org\/pt-pt\/wp-json\/wp\/v2\/media\/12254"}],"wp:attachment":[{"href":"https:\/\/olemosaic.orbitalia.org\/pt-pt\/wp-json\/wp\/v2\/media?parent=35718"}],"wp:term":[{"taxonomy":"product_brand","embeddable":true,"href":"https:\/\/olemosaic.orbitalia.org\/pt-pt\/wp-json\/wp\/v2\/product_brand?post=35718"},{"taxonomy":"product_cat","embeddable":true,"href":"https:\/\/olemosaic.orbitalia.org\/pt-pt\/wp-json\/wp\/v2\/product_cat?post=35718"},{"taxonomy":"product_tag","embeddable":true,"href":"https:\/\/olemosaic.orbitalia.org\/pt-pt\/wp-json\/wp\/v2\/product_tag?post=35718"}],"curies":[{"name":"wp","href":"https:\/\/api.w.org\/{rel}","templated":true}]}}