{"id":35714,"date":"2025-02-20T22:35:07","date_gmt":"2025-02-20T22:35:07","guid":{"rendered":"https:\/\/olemosaic.orbitalia.org\/producto\/funda-de-telefono-para-iphone-12-tpu-mariposa-mallorca-blanco\/"},"modified":"2025-07-25T20:31:13","modified_gmt":"2025-07-25T18:31:13","slug":"capa-de-telemovel-para-iphone-12-tpu-borboleta-maiorca-branco","status":"publish","type":"product","link":"https:\/\/olemosaic.orbitalia.org\/pt-pt\/produto\/capa-de-telemovel-para-iphone-12-tpu-borboleta-maiorca-branco\/","title":{"rendered":"Capa de telem\u00f3vel para iPhone 12 (TPU). Borboleta. Maiorca. Branco"},"content":{"rendered":"<p>Capa para iPhone 12 com um design vibrante de borboletas, uma pe\u00e7a \u00fanica que funde arte e funcionalidade, evocando a beleza de Maiorca. Fabricada em TPU resistente, esta capa branca oferece uma prote\u00e7\u00e3o ideal para o seu dispositivo, ideal para os turistas que procuram uma recorda\u00e7\u00e3o aut\u00eantica da sua visita a esta paradis\u00edaca ilha mediterr\u00e2nica. O design apresenta uma representa\u00e7\u00e3o colorida de borboletas em diversos tons \u2013 laranjas, azuis, rosas e verdes \u2013 que contrastam primorosamente com o fundo de mosaico, inspirado nas tradi\u00e7\u00f5es art\u00edsticas da regi\u00e3o. Na parte inferior, a palavra &#8220;Mallorca&#8221; est\u00e1 impressa num estilo atraente, acrescentando um toque moderno e distintivo \u00e0 pe\u00e7a.<\/p>\n<p>Este souvenir \u00e9 muito mais do que uma simples capa; representa o legado cultural de Maiorca, conhecida pela sua flora vibrante e pela sua biodiversidade \u00fanica. A inclus\u00e3o de borboletas, s\u00edmbolos de transforma\u00e7\u00e3o e beleza, reflete a riqueza natural desta regi\u00e3o, tornando esta capa uma excelente op\u00e7\u00e3o para quem deseja levar um pedacinho de Maiorca consigo. Na Ol\u00e9 Mosaic, oferecemos capas de telem\u00f3vel por grosso, perfeitas para lojas de recorda\u00e7\u00f5es tur\u00edsticas que procuram artigos aut\u00eanticos e atraentes. Esta capa de borboletas n\u00e3o s\u00f3 proteger\u00e1 o seu iPhone, como tamb\u00e9m servir\u00e1 como uma recorda\u00e7\u00e3o constante da magia de Maiorca.<\/p>\n","protected":false},"excerpt":{"rendered":"<p>Capa para iPhone 12 de TPU, decorada com um design vibrante de borboletas. Esta capa branca apresenta borboletas de diversas cores que contrastam sobre um fundo de mosaico, evocando o estilo art\u00edstico de Maiorca. O design inclui um toque moderno com a palavra &#8220;Mallorca&#8221; impressa num estilo atraente, complementando a representa\u00e7\u00e3o colorida da flora e fauna local. Ideal para proteger o seu dispositivo com um toque mediterr\u00e2nico.<\/p>\n","protected":false},"featured_media":12910,"template":"","meta":{"_acf_changed":false},"product_brand":[],"product_cat":[685],"product_tag":[516],"class_list":{"0":"post-35714","1":"product","2":"type-product","3":"status-publish","4":"has-post-thumbnail","6":"product_cat-capas-para-telemoveis","7":"product_tag-animais","8":"pa_ciudad-mallorca","9":"pa_motivo-borboletas","10":"pa_pais-espana","12":"first","13":"instock","14":"shipping-taxable","15":"product-type-simple"},"acf":[],"_links":{"self":[{"href":"https:\/\/olemosaic.orbitalia.org\/pt-pt\/wp-json\/wp\/v2\/product\/35714","targetHints":{"allow":["GET"]}}],"collection":[{"href":"https:\/\/olemosaic.orbitalia.org\/pt-pt\/wp-json\/wp\/v2\/product"}],"about":[{"href":"https:\/\/olemosaic.orbitalia.org\/pt-pt\/wp-json\/wp\/v2\/types\/product"}],"wp:featuredmedia":[{"embeddable":true,"href":"https:\/\/olemosaic.orbitalia.org\/pt-pt\/wp-json\/wp\/v2\/media\/12910"}],"wp:attachment":[{"href":"https:\/\/olemosaic.orbitalia.org\/pt-pt\/wp-json\/wp\/v2\/media?parent=35714"}],"wp:term":[{"taxonomy":"product_brand","embeddable":true,"href":"https:\/\/olemosaic.orbitalia.org\/pt-pt\/wp-json\/wp\/v2\/product_brand?post=35714"},{"taxonomy":"product_cat","embeddable":true,"href":"https:\/\/olemosaic.orbitalia.org\/pt-pt\/wp-json\/wp\/v2\/product_cat?post=35714"},{"taxonomy":"product_tag","embeddable":true,"href":"https:\/\/olemosaic.orbitalia.org\/pt-pt\/wp-json\/wp\/v2\/product_tag?post=35714"}],"curies":[{"name":"wp","href":"https:\/\/api.w.org\/{rel}","templated":true}]}}