{"id":35702,"date":"2025-02-20T22:35:07","date_gmt":"2025-02-20T22:35:07","guid":{"rendered":"https:\/\/olemosaic.orbitalia.org\/producto\/funda-de-telefono-para-iphone-12-tpu-panoramica-barcelona-blanco\/"},"modified":"2025-07-25T20:16:01","modified_gmt":"2025-07-25T18:16:01","slug":"capa-telemovel-iphone-12-tpu-panoramica-barcelona-branco","status":"publish","type":"product","link":"https:\/\/olemosaic.orbitalia.org\/pt-pt\/produto\/capa-telemovel-iphone-12-tpu-panoramica-barcelona-branco\/","title":{"rendered":"Capa para telem\u00f3vel para iPhone 12 (TPU). Panor\u00e2mica. Barcelona. Branco"},"content":{"rendered":"<p>Capa para iPhone 12 com uma panor\u00e2mica vibrante de Barcelona, fabricada em TPU de alta qualidade que combina resist\u00eancia e flexibilidade. Este design exclusivo apresenta uma representa\u00e7\u00e3o colorida de monumentos emblem\u00e1ticos que destacam a singularidade da cidade, como a majestosa Sagrada Fam\u00edlia e o ic\u00f3nico Parque G\u00fcell, plasmados num estilo mosaico que evoca a inconfund\u00edvel arte de Antoni Gaud\u00ed. Com um fundo branco que real\u00e7a as cores vivas, cada detalhe ornamental \u00e9 vis\u00edvel e cativante, oferecendo uma fus\u00e3o perfeita entre funcionalidade e est\u00e9tica. O nome &#8220;Barcelona&#8221; aparece de forma proeminente, conferindo um toque personalizado e distintivo ao design. Este acess\u00f3rio n\u00e3o s\u00f3 protege o seu dispositivo contra impactos e riscos, como tamb\u00e9m se torna um s\u00edmbolo da rica cultura e patrim\u00f3nio de Barcelona. Representando uma liga\u00e7\u00e3o aut\u00eantica com a cidade, esta capa torna-se uma excelente recorda\u00e7\u00e3o para turistas que procuram levar um peda\u00e7o da arquitetura e da arte locais. Na Ol\u00e9 Mosaic, como grossistas de acess\u00f3rios, garantimos que este produto \u00e9 uma op\u00e7\u00e3o fant\u00e1stica para lojas de recorda\u00e7\u00f5es tur\u00edsticas que procuram oferecer aos seus clientes artigos de qualidade, atraentes e culturalmente significativos.<\/p>\n","protected":false},"excerpt":{"rendered":"<p>Capa para iPhone 12 fabricada em TPU, com uma panor\u00e2mica vibrante de Barcelona. Este design inclui monumentos emblem\u00e1ticos como a Sagrada Fam\u00edlia e o Park G\u00fcell, apresentados num estilo de mosaico colorido que evoca a arte de Gaud\u00ed. Com um fundo branco que real\u00e7a as cores vivas, a capa n\u00e3o s\u00f3 protege o seu dispositivo, como tamb\u00e9m \u00e9 uma express\u00e3o art\u00edstica da rica cultura barcelonesa. O nome &#8220;Barcelona&#8221; aparece de forma destacada, adicionando um toque pessoal.<\/p>\n","protected":false},"featured_media":12220,"template":"","meta":{"_acf_changed":false},"product_brand":[],"product_cat":[685],"product_tag":[],"class_list":{"0":"post-35702","1":"product","2":"type-product","3":"status-publish","4":"has-post-thumbnail","6":"product_cat-capas-para-telemoveis","7":"pa_ciudad-barcelona","8":"pa_motivo-panoramas","9":"pa_pais-espana","11":"first","12":"instock","13":"shipping-taxable","14":"product-type-simple"},"acf":[],"_links":{"self":[{"href":"https:\/\/olemosaic.orbitalia.org\/pt-pt\/wp-json\/wp\/v2\/product\/35702","targetHints":{"allow":["GET"]}}],"collection":[{"href":"https:\/\/olemosaic.orbitalia.org\/pt-pt\/wp-json\/wp\/v2\/product"}],"about":[{"href":"https:\/\/olemosaic.orbitalia.org\/pt-pt\/wp-json\/wp\/v2\/types\/product"}],"wp:featuredmedia":[{"embeddable":true,"href":"https:\/\/olemosaic.orbitalia.org\/pt-pt\/wp-json\/wp\/v2\/media\/12220"}],"wp:attachment":[{"href":"https:\/\/olemosaic.orbitalia.org\/pt-pt\/wp-json\/wp\/v2\/media?parent=35702"}],"wp:term":[{"taxonomy":"product_brand","embeddable":true,"href":"https:\/\/olemosaic.orbitalia.org\/pt-pt\/wp-json\/wp\/v2\/product_brand?post=35702"},{"taxonomy":"product_cat","embeddable":true,"href":"https:\/\/olemosaic.orbitalia.org\/pt-pt\/wp-json\/wp\/v2\/product_cat?post=35702"},{"taxonomy":"product_tag","embeddable":true,"href":"https:\/\/olemosaic.orbitalia.org\/pt-pt\/wp-json\/wp\/v2\/product_tag?post=35702"}],"curies":[{"name":"wp","href":"https:\/\/api.w.org\/{rel}","templated":true}]}}