{"id":35688,"date":"2025-02-20T22:35:06","date_gmt":"2025-02-20T22:35:06","guid":{"rendered":"https:\/\/olemosaic.orbitalia.org\/producto\/funda-de-telefono-para-iphone-12-tpu-salamandra-barcelona-negro\/"},"modified":"2025-07-25T20:16:52","modified_gmt":"2025-07-25T18:16:52","slug":"capa-de-telemovel-para-iphone-12-tpu-salamandra-barcelona-preto","status":"publish","type":"product","link":"https:\/\/olemosaic.orbitalia.org\/pt-pt\/produto\/capa-de-telemovel-para-iphone-12-tpu-salamandra-barcelona-preto\/","title":{"rendered":"Capa de telem\u00f3vel para iPhone 12 (TPU). Salamandra. Barcelona. Preto"},"content":{"rendered":"<p>Capa para iPhone 12 com ilustra\u00e7\u00f5es de salamandras e flores sobre fundo preto, inspirada na vibrante cultura barcelonesa. Este acess\u00f3rio elegante n\u00e3o s\u00f3 protege o telem\u00f3vel, como se destaca pelo seu design atraente, com salamandras em tons vibrantes como azul, verde e vermelho, evocando o famoso estilo de mosaico da cidade, tudo gra\u00e7as \u00e0 sua composi\u00e7\u00e3o em TPU de alta qualidade. As salamandras, s\u00edmbolos de vitalidade e transforma\u00e7\u00e3o, distribuem-se artisticamente entre flores delicadas que conferem um toque \u00fanico e colorido. A palavra &#8220;Barcelona&#8221; numa tipografia elegante adiciona um elemento distintivo e representativo da regi\u00e3o.<\/p>\n<p>A liga\u00e7\u00e3o cultural desta capa com Barcelona \u00e9 ineg\u00e1vel, pois combina design moderno com refer\u00eancias \u00e0s tradi\u00e7\u00f5es art\u00edsticas da cidade, como as obras de Antoni Gaud\u00ed. \u00c9 uma excelente op\u00e7\u00e3o para turistas que procuram recorda\u00e7\u00f5es aut\u00eanticas e funcionais que encapsulem o esp\u00edrito de Barcelona. Na Ol\u00e9 Mosaic, especializamo-nos na distribui\u00e7\u00e3o grossista de acess\u00f3rios de alta qualidade, oferecendo \u00e0s lojas de presentes tur\u00edsticos uma alternativa atraente e significativa que real\u00e7a a beleza e a cultura de Espanha. Adquira a capa de telem\u00f3vel com salamandras e flores como recorda\u00e7\u00e3o representativa de Barcelona, ideal para quem aprecia a fus\u00e3o entre arte e funcionalidade nas suas recorda\u00e7\u00f5es.<\/p>\n","protected":false},"excerpt":{"rendered":"<p>Capa para iPhone 12 fabricada em TPU, decorada com ilustra\u00e7\u00f5es de salamandras e flores coloridas sobre um fundo preto. Inspirada na vibrante cultura de Barcelona, esta capa apresenta um design atraente que incorpora elementos ornamentais em tons brilhantes como azul, verde e vermelho, evocando o estilo de mosaico caracter\u00edstico da cidade. A palavra &#8220;Barcelona&#8221; numa tipografia elegante real\u00e7a a sua singularidade, tornando-a um acess\u00f3rio funcional e art\u00edstico.<\/p>\n","protected":false},"featured_media":12232,"template":"","meta":{"_acf_changed":false},"product_brand":[],"product_cat":[685],"product_tag":[516],"class_list":{"0":"post-35688","1":"product","2":"type-product","3":"status-publish","4":"has-post-thumbnail","6":"product_cat-capas-para-telemoveis","7":"product_tag-animais","8":"pa_ciudad-barcelona","9":"pa_motivo-salamandras","10":"pa_pais-espana","12":"first","13":"instock","14":"shipping-taxable","15":"product-type-simple"},"acf":[],"_links":{"self":[{"href":"https:\/\/olemosaic.orbitalia.org\/pt-pt\/wp-json\/wp\/v2\/product\/35688","targetHints":{"allow":["GET"]}}],"collection":[{"href":"https:\/\/olemosaic.orbitalia.org\/pt-pt\/wp-json\/wp\/v2\/product"}],"about":[{"href":"https:\/\/olemosaic.orbitalia.org\/pt-pt\/wp-json\/wp\/v2\/types\/product"}],"wp:featuredmedia":[{"embeddable":true,"href":"https:\/\/olemosaic.orbitalia.org\/pt-pt\/wp-json\/wp\/v2\/media\/12232"}],"wp:attachment":[{"href":"https:\/\/olemosaic.orbitalia.org\/pt-pt\/wp-json\/wp\/v2\/media?parent=35688"}],"wp:term":[{"taxonomy":"product_brand","embeddable":true,"href":"https:\/\/olemosaic.orbitalia.org\/pt-pt\/wp-json\/wp\/v2\/product_brand?post=35688"},{"taxonomy":"product_cat","embeddable":true,"href":"https:\/\/olemosaic.orbitalia.org\/pt-pt\/wp-json\/wp\/v2\/product_cat?post=35688"},{"taxonomy":"product_tag","embeddable":true,"href":"https:\/\/olemosaic.orbitalia.org\/pt-pt\/wp-json\/wp\/v2\/product_tag?post=35688"}],"curies":[{"name":"wp","href":"https:\/\/api.w.org\/{rel}","templated":true}]}}